
{"id":911,"date":"2022-06-05T11:33:16","date_gmt":"2022-06-05T09:33:16","guid":{"rendered":"http:\/\/193.194.83.112\/?page_id=911"},"modified":"2024-02-12T14:21:34","modified_gmt":"2024-02-12T13:21:34","slug":"bac-etranger","status":"publish","type":"page","link":"http:\/\/sciences.univ-alger.dz\/?page_id=911","title":{"rendered":"Bac \u00e9tranger"},"content":{"rendered":"\t\t<div data-elementor-type=\"wp-page\" data-elementor-id=\"911\" class=\"elementor elementor-911\" data-elementor-post-type=\"page\">\n\t\t\t\t\t\t<section class=\"elementor-section elementor-top-section elementor-element elementor-element-4e0e4e12 elementor-section-boxed elementor-section-height-default elementor-section-height-default\" data-id=\"4e0e4e12\" data-element_type=\"section\" data-e-type=\"section\">\n\t\t\t\t\t\t<div class=\"elementor-container elementor-column-gap-default\">\n\t\t\t\t\t<div class=\"elementor-column elementor-col-33 elementor-top-column elementor-element elementor-element-639c4fd1\" data-id=\"639c4fd1\" data-element_type=\"column\" data-e-type=\"column\">\n\t\t\t<div class=\"elementor-widget-wrap elementor-element-populated\">\n\t\t\t\t\t\t<div class=\"elementor-element elementor-element-29ee24d0 hfe-nav-menu__align-left hfe-submenu-icon-arrow hfe-link-redirect-child hfe-nav-menu__breakpoint-tablet elementor-widget elementor-widget-navigation-menu\" data-id=\"29ee24d0\" data-element_type=\"widget\" data-e-type=\"widget\" data-settings=\"{&quot;padding_horizontal_menu_item&quot;:{&quot;unit&quot;:&quot;px&quot;,&quot;size&quot;:15,&quot;sizes&quot;:[]},&quot;padding_horizontal_menu_item_tablet&quot;:{&quot;unit&quot;:&quot;px&quot;,&quot;size&quot;:&quot;&quot;,&quot;sizes&quot;:[]},&quot;padding_horizontal_menu_item_mobile&quot;:{&quot;unit&quot;:&quot;px&quot;,&quot;size&quot;:&quot;&quot;,&quot;sizes&quot;:[]},&quot;padding_vertical_menu_item&quot;:{&quot;unit&quot;:&quot;px&quot;,&quot;size&quot;:15,&quot;sizes&quot;:[]},&quot;padding_vertical_menu_item_tablet&quot;:{&quot;unit&quot;:&quot;px&quot;,&quot;size&quot;:&quot;&quot;,&quot;sizes&quot;:[]},&quot;padding_vertical_menu_item_mobile&quot;:{&quot;unit&quot;:&quot;px&quot;,&quot;size&quot;:&quot;&quot;,&quot;sizes&quot;:[]},&quot;menu_space_between&quot;:{&quot;unit&quot;:&quot;px&quot;,&quot;size&quot;:&quot;&quot;,&quot;sizes&quot;:[]},&quot;menu_space_between_tablet&quot;:{&quot;unit&quot;:&quot;px&quot;,&quot;size&quot;:&quot;&quot;,&quot;sizes&quot;:[]},&quot;menu_space_between_mobile&quot;:{&quot;unit&quot;:&quot;px&quot;,&quot;size&quot;:&quot;&quot;,&quot;sizes&quot;:[]},&quot;dropdown_border_radius&quot;:{&quot;unit&quot;:&quot;px&quot;,&quot;top&quot;:&quot;&quot;,&quot;right&quot;:&quot;&quot;,&quot;bottom&quot;:&quot;&quot;,&quot;left&quot;:&quot;&quot;,&quot;isLinked&quot;:true},&quot;dropdown_border_radius_tablet&quot;:{&quot;unit&quot;:&quot;px&quot;,&quot;top&quot;:&quot;&quot;,&quot;right&quot;:&quot;&quot;,&quot;bottom&quot;:&quot;&quot;,&quot;left&quot;:&quot;&quot;,&quot;isLinked&quot;:true},&quot;dropdown_border_radius_mobile&quot;:{&quot;unit&quot;:&quot;px&quot;,&quot;top&quot;:&quot;&quot;,&quot;right&quot;:&quot;&quot;,&quot;bottom&quot;:&quot;&quot;,&quot;left&quot;:&quot;&quot;,&quot;isLinked&quot;:true},&quot;padding_horizontal_dropdown_item&quot;:{&quot;unit&quot;:&quot;px&quot;,&quot;size&quot;:&quot;&quot;,&quot;sizes&quot;:[]},&quot;padding_horizontal_dropdown_item_tablet&quot;:{&quot;unit&quot;:&quot;px&quot;,&quot;size&quot;:&quot;&quot;,&quot;sizes&quot;:[]},&quot;padding_horizontal_dropdown_item_mobile&quot;:{&quot;unit&quot;:&quot;px&quot;,&quot;size&quot;:&quot;&quot;,&quot;sizes&quot;:[]},&quot;padding_vertical_dropdown_item&quot;:{&quot;unit&quot;:&quot;px&quot;,&quot;size&quot;:15,&quot;sizes&quot;:[]},&quot;padding_vertical_dropdown_item_tablet&quot;:{&quot;unit&quot;:&quot;px&quot;,&quot;size&quot;:&quot;&quot;,&quot;sizes&quot;:[]},&quot;padding_vertical_dropdown_item_mobile&quot;:{&quot;unit&quot;:&quot;px&quot;,&quot;size&quot;:&quot;&quot;,&quot;sizes&quot;:[]},&quot;distance_from_menu&quot;:{&quot;unit&quot;:&quot;px&quot;,&quot;size&quot;:&quot;&quot;,&quot;sizes&quot;:[]},&quot;distance_from_menu_tablet&quot;:{&quot;unit&quot;:&quot;px&quot;,&quot;size&quot;:&quot;&quot;,&quot;sizes&quot;:[]},&quot;distance_from_menu_mobile&quot;:{&quot;unit&quot;:&quot;px&quot;,&quot;size&quot;:&quot;&quot;,&quot;sizes&quot;:[]},&quot;toggle_size&quot;:{&quot;unit&quot;:&quot;px&quot;,&quot;size&quot;:&quot;&quot;,&quot;sizes&quot;:[]},&quot;toggle_size_tablet&quot;:{&quot;unit&quot;:&quot;px&quot;,&quot;size&quot;:&quot;&quot;,&quot;sizes&quot;:[]},&quot;toggle_size_mobile&quot;:{&quot;unit&quot;:&quot;px&quot;,&quot;size&quot;:&quot;&quot;,&quot;sizes&quot;:[]},&quot;toggle_border_width&quot;:{&quot;unit&quot;:&quot;px&quot;,&quot;size&quot;:&quot;&quot;,&quot;sizes&quot;:[]},&quot;toggle_border_width_tablet&quot;:{&quot;unit&quot;:&quot;px&quot;,&quot;size&quot;:&quot;&quot;,&quot;sizes&quot;:[]},&quot;toggle_border_width_mobile&quot;:{&quot;unit&quot;:&quot;px&quot;,&quot;size&quot;:&quot;&quot;,&quot;sizes&quot;:[]},&quot;toggle_border_radius&quot;:{&quot;unit&quot;:&quot;px&quot;,&quot;size&quot;:&quot;&quot;,&quot;sizes&quot;:[]},&quot;toggle_border_radius_tablet&quot;:{&quot;unit&quot;:&quot;px&quot;,&quot;size&quot;:&quot;&quot;,&quot;sizes&quot;:[]},&quot;toggle_border_radius_mobile&quot;:{&quot;unit&quot;:&quot;px&quot;,&quot;size&quot;:&quot;&quot;,&quot;sizes&quot;:[]}}\" data-widget_type=\"navigation-menu.default\">\n\t\t\t\t<div class=\"elementor-widget-container\">\n\t\t\t\t\t\t\t\t<div class=\"hfe-nav-menu hfe-layout-vertical hfe-nav-menu-layout vertical\" data-layout=\"vertical\">\n\t\t\t\t<div role=\"button\" class=\"hfe-nav-menu__toggle elementor-clickable\">\n\t\t\t\t\t<span class=\"screen-reader-text\">Menu<\/span>\n\t\t\t\t\t<div class=\"hfe-nav-menu-icon\">\n\t\t\t\t\t\t<i aria-hidden=\"true\"  class=\"fas fa-align-justify\"><\/i>\t\t\t\t\t<\/div>\n\t\t\t\t<\/div>\n\t\t\t\t<nav itemscope=\"itemscope\" itemtype=\"https:\/\/schema.org\/SiteNavigationElement\" class=\"hfe-nav-menu__layout-vertical hfe-nav-menu__submenu-arrow\" data-toggle-icon=\"&lt;i aria-hidden=&quot;true&quot; tabindex=&quot;0&quot; class=&quot;fas fa-align-justify&quot;&gt;&lt;\/i&gt;\" data-close-icon=\"&lt;i aria-hidden=&quot;true&quot; tabindex=&quot;0&quot; class=&quot;far fa-window-close&quot;&gt;&lt;\/i&gt;\" data-full-width=\"yes\">\n\t\t\t\t\t<ul id=\"menu-1-29ee24d0\" class=\"hfe-nav-menu\"><li id=\"menu-item-1021\" itemprop=\"name\" class=\"menu-item menu-item-type-post_type menu-item-object-page menu-item-has-children parent hfe-has-submenu hfe-creative-menu\"><div class=\"hfe-has-submenu-container\"><a href=\"http:\/\/sciences.univ-alger.dz\/?page_id=805\" itemprop=\"url\" class = \"hfe-menu-item\">Service de la scolarit\u00e9<span class='hfe-menu-toggle sub-arrow hfe-menu-child-0'><i class='fa'><\/i><\/span><\/a><\/div>\n<ul class=\"sub-menu\">\n\t<li id=\"menu-item-1027\" itemprop=\"name\" class=\"menu-item menu-item-type-post_type menu-item-object-page menu-item-has-children hfe-has-submenu hfe-creative-menu\"><div class=\"hfe-has-submenu-container\"><a href=\"http:\/\/sciences.univ-alger.dz\/?page_id=869\" itemprop=\"url\" class = \"hfe-sub-menu-item\">Inscription<span class='hfe-menu-toggle sub-arrow hfe-menu-child-1'><i class='fa'><\/i><\/span><\/a><\/div>\n\t<ul class=\"sub-menu\">\n\t\t<li id=\"menu-item-1025\" itemprop=\"name\" class=\"menu-item menu-item-type-post_type menu-item-object-page hfe-creative-menu\"><a href=\"http:\/\/sciences.univ-alger.dz\/?page_id=900\" itemprop=\"url\" class = \"hfe-sub-menu-item\">Nouveaux Bacheliers<\/a><\/li>\n\t\t<li id=\"menu-item-1024\" itemprop=\"name\" class=\"menu-item menu-item-type-post_type menu-item-object-page hfe-creative-menu\"><a href=\"http:\/\/sciences.univ-alger.dz\/?page_id=905\" itemprop=\"url\" class = \"hfe-sub-menu-item\">R\u00e9inscription Annuelle<\/a><\/li>\n\t\t<li id=\"menu-item-1029\" itemprop=\"name\" class=\"menu-item menu-item-type-post_type menu-item-object-page hfe-creative-menu\"><a href=\"http:\/\/sciences.univ-alger.dz\/?page_id=911\" itemprop=\"url\" class = \"hfe-sub-menu-item\">Bac \u00e9tranger<\/a><\/li>\n\t\t<li id=\"menu-item-1026\" itemprop=\"name\" class=\"menu-item menu-item-type-post_type menu-item-object-page hfe-creative-menu\"><a href=\"http:\/\/sciences.univ-alger.dz\/?page_id=919\" itemprop=\"url\" class = \"hfe-sub-menu-item\">Inscriptions en Master<\/a><\/li>\n\t<\/ul>\n<\/li>\n\t<li id=\"menu-item-1028\" itemprop=\"name\" class=\"menu-item menu-item-type-post_type menu-item-object-page menu-item-has-children hfe-has-submenu hfe-creative-menu\"><div class=\"hfe-has-submenu-container\"><a href=\"http:\/\/sciences.univ-alger.dz\/?page_id=882\" itemprop=\"url\" class = \"hfe-sub-menu-item\">\u00c9tudes et scolarit\u00e9<span class='hfe-menu-toggle sub-arrow hfe-menu-child-1'><i class='fa'><\/i><\/span><\/a><\/div>\n\t<ul class=\"sub-menu\">\n\t\t<li id=\"menu-item-1023\" itemprop=\"name\" class=\"menu-item menu-item-type-post_type menu-item-object-page hfe-creative-menu\"><a href=\"http:\/\/sciences.univ-alger.dz\/?page_id=926\" itemprop=\"url\" class = \"hfe-sub-menu-item\">R\u00e9int\u00e9gration<\/a><\/li>\n\t\t<li id=\"menu-item-1022\" itemprop=\"name\" class=\"menu-item menu-item-type-post_type menu-item-object-page hfe-creative-menu\"><a href=\"http:\/\/sciences.univ-alger.dz\/?page_id=932\" itemprop=\"url\" class = \"hfe-sub-menu-item\">Retrait du dossier p\u00e9dagogique<\/a><\/li>\n\t<\/ul>\n<\/li>\n<\/ul>\n<\/li>\n<\/ul> \n\t\t\t\t<\/nav>\n\t\t\t<\/div>\n\t\t\t\t\t\t\t<\/div>\n\t\t\t\t<\/div>\n\t\t\t\t\t<\/div>\n\t\t<\/div>\n\t\t\t\t<div class=\"elementor-column elementor-col-66 elementor-top-column elementor-element elementor-element-1075217f\" data-id=\"1075217f\" data-element_type=\"column\" data-e-type=\"column\">\n\t\t\t<div class=\"elementor-widget-wrap elementor-element-populated\">\n\t\t\t\t\t\t<div class=\"elementor-element elementor-element-344eb176 elementor-widget elementor-widget-heading\" data-id=\"344eb176\" data-element_type=\"widget\" data-e-type=\"widget\" data-widget_type=\"heading.default\">\n\t\t\t\t<div class=\"elementor-widget-container\">\n\t\t\t\t\t<h2 class=\"elementor-heading-title elementor-size-large\">Bac \u00e9tranger<\/h2>\t\t\t\t<\/div>\n\t\t\t\t<\/div>\n\t\t\t\t<div class=\"elementor-element elementor-element-130e991f elementor-widget elementor-widget-text-editor\" data-id=\"130e991f\" data-element_type=\"widget\" data-e-type=\"widget\" data-widget_type=\"text-editor.default\">\n\t\t\t\t<div class=\"elementor-widget-container\">\n\t\t\t\t\t\t\t\t\t<p>Les candidats titulaires d\u2019un baccalaur\u00e9at sp\u00e9cifique (Lyc\u00e9e Bou\u00e2mama) se positionnent par rapports aux autres s\u00e9ries de baccalaur\u00e9at comme suit :<\/p><table class=\"table-style2\"><thead><tr><th class=\"main-bg\">S\u00c9RIE DU BACCALAUR\u00c9AT SP\u00c9CIFIQUE<\/th><th class=\"main-bg\">CONCORDANCE<\/th><\/tr><\/thead><tbody><tr><td>Sciences<\/td><td>Sciences Exp\u00e9rimentales<\/td><\/tr><tr class=\"even\"><td>Lettres et Langues Etrang\u00e8res<\/td><td>Langues Etrang\u00e8res<\/td><\/tr><tr><td>Economie et Sociale<\/td><td>Gestion et Economie<\/td><\/tr><tr class=\"even\"><td>Sciences et Techniques du Management et de la Gestion<\/td><td>Gestion et Economie<\/td><\/tr><\/tbody><\/table><h3 class=\"block-head\">Titulaires D\u2019un Baccalaur\u00e9at Etranger :<\/h3><p>Les titulaires d\u2019un dipl\u00f4me de baccalaur\u00e9at \u00e9tranger doivent, avant toute inscription dans un \u00e9tablissement universitaire, proc\u00e9der \u00e0 <em><strong>une demande d\u2019\u00e9quivalence de leur dipl\u00f4me<\/strong><\/em>. La demande de l\u2019\u00e9quivalence se fait via le site :\u00a0<a href=\"https:\/\/www.mesrs.dz\/les-equivalences\" target=\"_blank\" rel=\"noopener\">https:\/\/www.mesrs.dz\/les-equivalences<\/a><\/p><p><strong>Le dossier de demande d\u2019\u00e9quivalence comprend les pi\u00e8ces suivantes :<\/strong><\/p><ul class=\"list prim list-crosshairs\"><li class=\"fx animated fadeInLeft\" data-animate=\"fadeInLeft\" data-animation-delay=\"0\">Copie du dipl\u00f4me du baccalaur\u00e9at<\/li><li class=\"fx animated fadeInLeft\" data-animate=\"fadeInLeft\" data-animation-delay=\"200\">Copie du relev\u00e9 de notes du baccalaur\u00e9at<\/li><li class=\"fx animated fadeInLeft\" data-animate=\"fadeInLeft\" data-animation-delay=\"400\">Copie de la pi\u00e8ce d\u2019identit\u00e9<\/li><li class=\"fx animated fadeInLeft\" data-animate=\"fadeInLeft\" data-animation-delay=\"600\">Fiche de renseignements \u00e0 remplir en ligne<\/li><\/ul><p>Lors du d\u00e9p\u00f4t de demande d\u2019\u00e9quivalence, le bachelier titulaire d\u2019un baccalaur\u00e9at \u00e9tranger doit indiquer imp\u00e9rativement, dans la fiche de renseignements, la fili\u00e8re souhait\u00e9e.<br \/>Toutefois, le bachelier peut se pr\u00e9senter au niveau du bureau des \u00e9quivalences\u00a0<strong>(M.E.S.R.S. au 11, Chemin Doudou Mokhtar \u2013 Ben Aknoun \u2013 Alger)<\/strong>\u00a0pour d\u00e9poser le dossier de demande d\u2019\u00e9quivalence tel qu\u2019indiqu\u00e9 ci-dessus et retirer l\u2019original de son \u00e9quivalence. Il devra se munir de tous les documents originaux ci-dessus \u00e9num\u00e9r\u00e9s. Une copie de l\u2019\u00e9quivalence peut lui \u00eatre transmise, par mail, \u00e0 sa demande.<\/p><h3>IMPORTANT :<\/h3><p>Les titulaires d\u2019un baccalaur\u00e9at \u00e9tranger ne sont pas soumis \u00e0 la proc\u00e9dure de pr\u00e9inscription et d\u2019orientation en ligne, mais sont soumis aux conditions d\u2019acc\u00e8s \u00e0 chaque fili\u00e8re comme stipul\u00e9es dans la circulaire et aux moyennes minimales consultables sur les sites web d\u00e9di\u00e9s du MESRS. Le candidat proc\u00e8de en ligne \u00e0 une demande d\u2019affectation dans un \u00e9tablissement de son choix \u00e0 travers un des liens suivants :<br \/><a href=\"https:\/\/progres.mesrs.dz\/webetrangers\" target=\"_blank\" rel=\"noopener\">https:\/\/progres.mesrs.dz\/webetrangers<\/a><br \/><a href=\"http:\/\/progres.mesrs.dz\/webetrangers\" target=\"_blank\" rel=\"noopener\">http:\/\/progres.mesrs.dz\/webetrangers<\/a><\/p><p>Une r\u00e9ponse lui sera notifi\u00e9e par le m\u00eame canal.<br \/>Les bacheliers munis de leur dipl\u00f4me original accompagn\u00e9 de son \u00e9quivalence peuvent se rapprocher alors de l\u2019\u00e9tablissement d\u2019affectation pour une inscription d\u00e9finitive selon le calendrier \u00e9tabli.<\/p>\t\t\t\t\t\t\t\t<\/div>\n\t\t\t\t<\/div>\n\t\t\t\t\t<\/div>\n\t\t<\/div>\n\t\t\t\t\t<\/div>\n\t\t<\/section>\n\t\t\t\t<\/div>\n\t\t","protected":false},"excerpt":{"rendered":"<p>Service de la scolarit\u00e9 Inscription Nouveaux Bacheliers R\u00e9inscription Annuelle Bac \u00e9tranger Inscriptions en Master \u00c9tudes et scolarit\u00e9 R\u00e9int\u00e9gration Retrait du dossier p\u00e9dagogique Bac \u00e9tranger Les candidats titulaires d\u2019un baccalaur\u00e9at sp\u00e9cifique (Lyc\u00e9e Bou\u00e2mama) se positionnent par rapports aux autres s\u00e9ries de baccalaur\u00e9at comme suit : S\u00c9RIE DU BACCALAUR\u00c9AT SP\u00c9CIFIQUE CONCORDANCE Sciences Sciences Exp\u00e9rimentales Lettres et Langues [&hellip;]<\/p>\n","protected":false},"author":1,"featured_media":0,"parent":0,"menu_order":0,"comment_status":"closed","ping_status":"closed","template":"","meta":{"ocean_post_layout":"full-screen","ocean_both_sidebars_style":"","ocean_both_sidebars_content_width":0,"ocean_both_sidebars_sidebars_width":0,"ocean_sidebar":"0","ocean_second_sidebar":"0","ocean_disable_margins":"enable","ocean_add_body_class":"","ocean_shortcode_before_top_bar":"","ocean_shortcode_after_top_bar":"","ocean_shortcode_before_header":"","ocean_shortcode_after_header":"","ocean_has_shortcode":"","ocean_shortcode_after_title":"","ocean_shortcode_before_footer_widgets":"","ocean_shortcode_after_footer_widgets":"","ocean_shortcode_before_footer_bottom":"","ocean_shortcode_after_footer_bottom":"","ocean_display_top_bar":"default","ocean_display_header":"default","ocean_header_style":"","ocean_center_header_left_menu":"0","ocean_custom_header_template":"0","ocean_custom_logo":0,"ocean_custom_retina_logo":0,"ocean_custom_logo_max_width":0,"ocean_custom_logo_tablet_max_width":0,"ocean_custom_logo_mobile_max_width":0,"ocean_custom_logo_max_height":0,"ocean_custom_logo_tablet_max_height":0,"ocean_custom_logo_mobile_max_height":0,"ocean_header_custom_menu":"0","ocean_menu_typo_font_family":"0","ocean_menu_typo_font_subset":"","ocean_menu_typo_font_size":0,"ocean_menu_typo_font_size_tablet":0,"ocean_menu_typo_font_size_mobile":0,"ocean_menu_typo_font_size_unit":"px","ocean_menu_typo_font_weight":"","ocean_menu_typo_font_weight_tablet":"","ocean_menu_typo_font_weight_mobile":"","ocean_menu_typo_transform":"","ocean_menu_typo_transform_tablet":"","ocean_menu_typo_transform_mobile":"","ocean_menu_typo_line_height":0,"ocean_menu_typo_line_height_tablet":0,"ocean_menu_typo_line_height_mobile":0,"ocean_menu_typo_line_height_unit":"","ocean_menu_typo_spacing":0,"ocean_menu_typo_spacing_tablet":0,"ocean_menu_typo_spacing_mobile":0,"ocean_menu_typo_spacing_unit":"","ocean_menu_link_color":"","ocean_menu_link_color_hover":"","ocean_menu_link_color_active":"","ocean_menu_link_background":"","ocean_menu_link_hover_background":"","ocean_menu_link_active_background":"","ocean_menu_social_links_bg":"","ocean_menu_social_hover_links_bg":"","ocean_menu_social_links_color":"","ocean_menu_social_hover_links_color":"","ocean_disable_title":"on","ocean_disable_heading":"default","ocean_post_title":"","ocean_post_subheading":"","ocean_post_title_style":"","ocean_post_title_background_color":"","ocean_post_title_background":0,"ocean_post_title_bg_image_position":"","ocean_post_title_bg_image_attachment":"","ocean_post_title_bg_image_repeat":"","ocean_post_title_bg_image_size":"","ocean_post_title_height":0,"ocean_post_title_bg_overlay":0.5,"ocean_post_title_bg_overlay_color":"","ocean_disable_breadcrumbs":"default","ocean_breadcrumbs_color":"","ocean_breadcrumbs_separator_color":"","ocean_breadcrumbs_links_color":"","ocean_breadcrumbs_links_hover_color":"","ocean_display_footer_widgets":"default","ocean_display_footer_bottom":"default","ocean_custom_footer_template":"0","footnotes":""},"class_list":["post-911","page","type-page","status-publish","hentry","entry"],"rttpg_featured_image_url":null,"rttpg_author":{"display_name":"Fs_Admina","author_link":"http:\/\/sciences.univ-alger.dz\/?author=1"},"rttpg_comment":0,"rttpg_category":" <a href=\"http:\/\/sciences.univ-alger.dz\/\" rel=\"tag\">Fran\u00e7ais<\/a>","rttpg_excerpt":"Service de la scolarit\u00e9 Inscription Nouveaux Bacheliers R\u00e9inscription Annuelle Bac \u00e9tranger Inscriptions en Master \u00c9tudes et scolarit\u00e9 R\u00e9int\u00e9gration Retrait du dossier p\u00e9dagogique Bac \u00e9tranger Les candidats titulaires d\u2019un baccalaur\u00e9at sp\u00e9cifique (Lyc\u00e9e Bou\u00e2mama) se positionnent par rapports aux autres s\u00e9ries de baccalaur\u00e9at comme suit : S\u00c9RIE DU BACCALAUR\u00c9AT SP\u00c9CIFIQUE CONCORDANCE Sciences Sciences Exp\u00e9rimentales Lettres et Langues\u2026","_links":{"self":[{"href":"http:\/\/sciences.univ-alger.dz\/index.php?rest_route=\/wp\/v2\/pages\/911","targetHints":{"allow":["GET"]}}],"collection":[{"href":"http:\/\/sciences.univ-alger.dz\/index.php?rest_route=\/wp\/v2\/pages"}],"about":[{"href":"http:\/\/sciences.univ-alger.dz\/index.php?rest_route=\/wp\/v2\/types\/page"}],"author":[{"embeddable":true,"href":"http:\/\/sciences.univ-alger.dz\/index.php?rest_route=\/wp\/v2\/users\/1"}],"replies":[{"embeddable":true,"href":"http:\/\/sciences.univ-alger.dz\/index.php?rest_route=%2Fwp%2Fv2%2Fcomments&post=911"}],"version-history":[{"count":13,"href":"http:\/\/sciences.univ-alger.dz\/index.php?rest_route=\/wp\/v2\/pages\/911\/revisions"}],"predecessor-version":[{"id":5862,"href":"http:\/\/sciences.univ-alger.dz\/index.php?rest_route=\/wp\/v2\/pages\/911\/revisions\/5862"}],"wp:attachment":[{"href":"http:\/\/sciences.univ-alger.dz\/index.php?rest_route=%2Fwp%2Fv2%2Fmedia&parent=911"}],"curies":[{"name":"wp","href":"https:\/\/api.w.org\/{rel}","templated":true}]}}