
{"id":838,"date":"2022-06-02T12:45:22","date_gmt":"2022-06-02T10:45:22","guid":{"rendered":"http:\/\/193.194.83.112\/?page_id=838"},"modified":"2024-02-12T11:02:39","modified_gmt":"2024-02-12T10:02:39","slug":"service-de-suivi-des-activites-de-recherche","status":"publish","type":"page","link":"http:\/\/sciences.univ-alger.dz\/?page_id=838","title":{"rendered":"Service de suivi des activit\u00e9s de recherche"},"content":{"rendered":"\t\t<div data-elementor-type=\"wp-page\" data-elementor-id=\"838\" class=\"elementor elementor-838\" data-elementor-post-type=\"page\">\n\t\t\t\t\t\t<section class=\"elementor-section elementor-top-section elementor-element elementor-element-29853088 elementor-section-boxed elementor-section-height-default elementor-section-height-default\" data-id=\"29853088\" data-element_type=\"section\" data-e-type=\"section\">\n\t\t\t\t\t\t<div class=\"elementor-container elementor-column-gap-default\">\n\t\t\t\t\t<div class=\"elementor-column elementor-col-100 elementor-top-column elementor-element elementor-element-40f607e1\" data-id=\"40f607e1\" data-element_type=\"column\" data-e-type=\"column\">\n\t\t\t<div class=\"elementor-widget-wrap elementor-element-populated\">\n\t\t\t\t\t\t<div class=\"elementor-element elementor-element-3738dbb0 elementor-widget elementor-widget-heading\" data-id=\"3738dbb0\" data-element_type=\"widget\" data-e-type=\"widget\" data-widget_type=\"heading.default\">\n\t\t\t\t<div class=\"elementor-widget-container\">\n\t\t\t\t\t<h2 class=\"elementor-heading-title elementor-size-large\">Service de suivi des activit\u00e9s de recherche<\/h2>\t\t\t\t<\/div>\n\t\t\t\t<\/div>\n\t\t\t\t<div class=\"elementor-element elementor-element-7b3eaf80 elementor-widget elementor-widget-text-editor\" data-id=\"7b3eaf80\" data-element_type=\"widget\" data-e-type=\"widget\" data-widget_type=\"text-editor.default\">\n\t\t\t\t<div class=\"elementor-widget-container\">\n\t\t\t\t\t\t\t\t\t<h4 class=\"block-head\">Les laboratoires de recherche de la Facult\u00e9 des Sciences<\/h4><table style=\"font-weight: 400;\" width=\"907\"><tbody><tr><td width=\"94\"><b><strong>N\u00b0<\/strong><\/b><\/td><td width=\"195\"><b><strong>Nom du laboratoire<\/strong><\/b><\/td><td width=\"197\"><b><strong>Directeur de laboratoire<\/strong><\/b><\/td><td width=\"91\"><b><strong>Equipes de recherche<\/strong><\/b><\/td><td width=\"239\"><b><strong>Intitul\u00e9 des \u00e9quipes de recherche<\/strong><\/b><\/td><td width=\"168\"><b><strong>Chef d\u2019\u00e9quipes<\/strong><\/b><\/td><\/tr><tr><td rowspan=\"5\" width=\"94\">01<\/td><td rowspan=\"5\" width=\"195\"><p>Laboratoire de valorisation et bio-ing\u00e9nierie des ressources naturelles<\/p><p><a href=\"http:\/\/labos.univ-alger.dz\/LVBRN\/\">labos.univ-alger.dz\/LVBRN<\/a><\/p><\/td><td rowspan=\"5\" width=\"197\">Mr OUSMAAL Mohamed El Fadle<\/td><td width=\"91\">04<\/td><td width=\"239\">Biologie et biotechnologies des syst\u00e8mes microbiens<\/td><td width=\"168\">Dr TOUMATIA OMRANE<\/td><\/tr><tr><td width=\"91\">04<\/td><td width=\"239\">Qualit\u00e9 s\u00e9curit\u00e9 et Technologie des aliments<\/td><td width=\"168\">Dr AIT OUAZZOU ABDENOUR<\/td><\/tr><tr><td width=\"91\">03<\/td><td width=\"239\">Pathologie cellulaire et bioth\u00e9rapie<\/td><td width=\"168\">Dr MENAD RAFIK<\/td><\/tr><tr><td width=\"91\">07<\/td><td width=\"239\">Equipe valorisation des biomat\u00e9riaux et traitement des eaux<\/td><td width=\"168\">Dr LEMLIKCHI WAHIBA<\/td><\/tr><tr><td width=\"91\">06<\/td><td width=\"239\">Recherche biom\u00e9dicale et innovation en sant\u00e9<\/td><td width=\"168\">Dr OUSMAAL MOHAMED EL FADEL<\/td><\/tr><tr><td rowspan=\"4\" width=\"94\">02<\/td><td rowspan=\"4\" width=\"195\"><p>Les ressources vivantes \u00e0 int\u00e9r\u00eat \u00e9conomique en Alg\u00e9rie<\/p><p><a href=\"http:\/\/labos.univ-alger.dz\/LREVIECO\/\">labos.univ-alger.dz\/LREVIECO<\/a><\/p><\/td><td rowspan=\"4\" width=\"197\">Mr Mohamed TOUMI<\/td><td width=\"91\">03<\/td><td width=\"239\">Valorisation des plantes utiles<\/td><td width=\"168\">Pr N. ZERMANE<\/td><\/tr><tr><td width=\"91\">03<\/td><td width=\"239\">Evaluation et pr\u00e9servation des ressources halieutiques<\/td><td width=\"168\">Pr A. BOUAZIZ<\/td><\/tr><tr><td width=\"91\">03<\/td><td width=\"239\">Evaluation de la biodiversit\u00e9<\/td><td width=\"168\">Pr M. TOUMI<\/td><\/tr><tr><td width=\"91\">04<\/td><td width=\"239\">Evaluation et valorisation des ressources microbienne et faunistique<\/td><td width=\"168\">Dr A. BOUZIDI BESSAS<\/td><\/tr><tr><td rowspan=\"5\" width=\"94\">03<\/td><td rowspan=\"5\" width=\"195\">Laboratoire des Sciences des Mat\u00e9riaux et de l&rsquo;Environnement<\/td><td rowspan=\"5\" width=\"197\">BENOUADAH Ali<\/td><td width=\"91\">04<\/td><td width=\"239\">Interactions Mat\u00e9riaux Polym\u00e9riques Milieux de Contact Alimentaire et Pharmaceutique<\/td><td width=\"168\">Pr BENOUADAH Ali<\/td><\/tr><tr><td width=\"91\">06<\/td><td width=\"239\">Chimie des Substances Actives et M\u00e9canisme R\u00e9actionnel<\/td><td width=\"168\">Dr FERHATI Azedine<\/td><\/tr><tr><td width=\"91\">05<\/td><td width=\"239\">Chimie Des Mat\u00e9riaux- Valorisation Et Caract\u00e9risation- Application Dans Le Traitement Des Eaux<\/td><td width=\"168\">Dr LEMLIKCHI Wahiba<\/td><\/tr><tr><td width=\"91\">05<\/td><td width=\"239\">Mat\u00e9riaux, Energ\u00e9tique Et Milieux Ionis\u00e9s. Mod\u00e9lisations Et Applications<\/td><td width=\"168\">Pr NEBBAT El Amine<\/td><\/tr><tr><td width=\"91\">04<\/td><td width=\"239\">Mat\u00e9riaux et Syst\u00e8mes Electrochimique<\/td><td width=\"168\">Dr BENHADDAD LYNDA<\/td><\/tr><tr><td rowspan=\"5\" width=\"94\">04<\/td><td rowspan=\"5\" width=\"195\">Laboratoire d&rsquo;Analyse Math\u00e9matique et Applications<\/td><td rowspan=\"5\" width=\"197\">BACHOUCHE Kamal<\/td><td width=\"91\">04<\/td><td width=\"239\">Equations Aux D\u00e9riv\u00e9es Partielles Non Lin\u00e9aires A Donn\u00e9es Irr\u00e9guli\u00e8res<\/td><td width=\"168\">Pr MOKHTARI Fares<\/td><\/tr><tr><td width=\"91\">04<\/td><td width=\"239\">Th\u00e9orie Du Point Fixe Et Applications Aux Probl\u00e8mes Aux Limites Sur Les Domaines Born\u00e9s Et Non Born\u00e9s<\/td><td width=\"168\">Pr BACHOUCHE Kamal<\/td><\/tr><tr><td width=\"91\">04<\/td><td width=\"239\">Analyse Num\u00e9rique Et Equations Aux D\u00e9riv\u00e9es Partielles<\/td><td width=\"168\">Dr BENIA Yassine<\/td><\/tr><tr><td width=\"91\">04<\/td><td width=\"239\">Interaction Entre La Th\u00e9orie Des Op\u00e9rateurs, La M\u00e9canique Quantique Et La G\u00e9om\u00e9trie Diff\u00e9rentielle<\/td><td width=\"168\">Dr DJELID Ratiba<\/td><\/tr><\/tbody><\/table>\t\t\t\t\t\t\t\t<\/div>\n\t\t\t\t<\/div>\n\t\t\t\t\t<\/div>\n\t\t<\/div>\n\t\t\t\t\t<\/div>\n\t\t<\/section>\n\t\t\t\t<\/div>\n\t\t","protected":false},"excerpt":{"rendered":"<p>Service de suivi des activit\u00e9s de recherche Les laboratoires de recherche de la Facult\u00e9 des Sciences N\u00b0 Nom du laboratoire Directeur de laboratoire Equipes de recherche Intitul\u00e9 des \u00e9quipes de recherche Chef d\u2019\u00e9quipes 01 Laboratoire de valorisation et bio-ing\u00e9nierie des ressources naturelles labos.univ-alger.dz\/LVBRN Mr OUSMAAL Mohamed El Fadle 04 Biologie et biotechnologies des syst\u00e8mes microbiens [&hellip;]<\/p>\n","protected":false},"author":1,"featured_media":0,"parent":0,"menu_order":0,"comment_status":"closed","ping_status":"closed","template":"","meta":{"ocean_post_layout":"full-screen","ocean_both_sidebars_style":"","ocean_both_sidebars_content_width":0,"ocean_both_sidebars_sidebars_width":0,"ocean_sidebar":"0","ocean_second_sidebar":"0","ocean_disable_margins":"enable","ocean_add_body_class":"","ocean_shortcode_before_top_bar":"","ocean_shortcode_after_top_bar":"","ocean_shortcode_before_header":"","ocean_shortcode_after_header":"","ocean_has_shortcode":"","ocean_shortcode_after_title":"","ocean_shortcode_before_footer_widgets":"","ocean_shortcode_after_footer_widgets":"","ocean_shortcode_before_footer_bottom":"","ocean_shortcode_after_footer_bottom":"","ocean_display_top_bar":"default","ocean_display_header":"default","ocean_header_style":"","ocean_center_header_left_menu":"0","ocean_custom_header_template":"0","ocean_custom_logo":0,"ocean_custom_retina_logo":0,"ocean_custom_logo_max_width":0,"ocean_custom_logo_tablet_max_width":0,"ocean_custom_logo_mobile_max_width":0,"ocean_custom_logo_max_height":0,"ocean_custom_logo_tablet_max_height":0,"ocean_custom_logo_mobile_max_height":0,"ocean_header_custom_menu":"0","ocean_menu_typo_font_family":"0","ocean_menu_typo_font_subset":"","ocean_menu_typo_font_size":0,"ocean_menu_typo_font_size_tablet":0,"ocean_menu_typo_font_size_mobile":0,"ocean_menu_typo_font_size_unit":"px","ocean_menu_typo_font_weight":"","ocean_menu_typo_font_weight_tablet":"","ocean_menu_typo_font_weight_mobile":"","ocean_menu_typo_transform":"","ocean_menu_typo_transform_tablet":"","ocean_menu_typo_transform_mobile":"","ocean_menu_typo_line_height":0,"ocean_menu_typo_line_height_tablet":0,"ocean_menu_typo_line_height_mobile":0,"ocean_menu_typo_line_height_unit":"","ocean_menu_typo_spacing":0,"ocean_menu_typo_spacing_tablet":0,"ocean_menu_typo_spacing_mobile":0,"ocean_menu_typo_spacing_unit":"","ocean_menu_link_color":"","ocean_menu_link_color_hover":"","ocean_menu_link_color_active":"","ocean_menu_link_background":"","ocean_menu_link_hover_background":"","ocean_menu_link_active_background":"","ocean_menu_social_links_bg":"","ocean_menu_social_hover_links_bg":"","ocean_menu_social_links_color":"","ocean_menu_social_hover_links_color":"","ocean_disable_title":"on","ocean_disable_heading":"default","ocean_post_title":"","ocean_post_subheading":"","ocean_post_title_style":"","ocean_post_title_background_color":"","ocean_post_title_background":0,"ocean_post_title_bg_image_position":"","ocean_post_title_bg_image_attachment":"","ocean_post_title_bg_image_repeat":"","ocean_post_title_bg_image_size":"","ocean_post_title_height":0,"ocean_post_title_bg_overlay":0.5,"ocean_post_title_bg_overlay_color":"","ocean_disable_breadcrumbs":"default","ocean_breadcrumbs_color":"","ocean_breadcrumbs_separator_color":"","ocean_breadcrumbs_links_color":"","ocean_breadcrumbs_links_hover_color":"","ocean_display_footer_widgets":"default","ocean_display_footer_bottom":"default","ocean_custom_footer_template":"0","footnotes":""},"class_list":["post-838","page","type-page","status-publish","hentry","entry"],"rttpg_featured_image_url":null,"rttpg_author":{"display_name":"Fs_Admina","author_link":"http:\/\/sciences.univ-alger.dz\/?author=1"},"rttpg_comment":0,"rttpg_category":" <a href=\"http:\/\/sciences.univ-alger.dz\/\" rel=\"tag\">Fran\u00e7ais<\/a>","rttpg_excerpt":"Service de suivi des activit\u00e9s de recherche Les laboratoires de recherche de la Facult\u00e9 des Sciences N\u00b0 Nom du laboratoire Directeur de laboratoire Equipes de recherche Intitul\u00e9 des \u00e9quipes de recherche Chef d\u2019\u00e9quipes 01 Laboratoire de valorisation et bio-ing\u00e9nierie des ressources naturelles labos.univ-alger.dz\/LVBRN Mr OUSMAAL Mohamed El Fadle 04 Biologie et biotechnologies des syst\u00e8mes microbiens\u2026","_links":{"self":[{"href":"http:\/\/sciences.univ-alger.dz\/index.php?rest_route=\/wp\/v2\/pages\/838","targetHints":{"allow":["GET"]}}],"collection":[{"href":"http:\/\/sciences.univ-alger.dz\/index.php?rest_route=\/wp\/v2\/pages"}],"about":[{"href":"http:\/\/sciences.univ-alger.dz\/index.php?rest_route=\/wp\/v2\/types\/page"}],"author":[{"embeddable":true,"href":"http:\/\/sciences.univ-alger.dz\/index.php?rest_route=\/wp\/v2\/users\/1"}],"replies":[{"embeddable":true,"href":"http:\/\/sciences.univ-alger.dz\/index.php?rest_route=%2Fwp%2Fv2%2Fcomments&post=838"}],"version-history":[{"count":55,"href":"http:\/\/sciences.univ-alger.dz\/index.php?rest_route=\/wp\/v2\/pages\/838\/revisions"}],"predecessor-version":[{"id":5787,"href":"http:\/\/sciences.univ-alger.dz\/index.php?rest_route=\/wp\/v2\/pages\/838\/revisions\/5787"}],"wp:attachment":[{"href":"http:\/\/sciences.univ-alger.dz\/index.php?rest_route=%2Fwp%2Fv2%2Fmedia&parent=838"}],"curies":[{"name":"wp","href":"https:\/\/api.w.org\/{rel}","templated":true}]}}