
{"id":527,"date":"2022-05-31T15:37:05","date_gmt":"2022-05-31T13:37:05","guid":{"rendered":"http:\/\/193.194.83.112\/?page_id=527"},"modified":"2022-06-02T10:56:15","modified_gmt":"2022-06-02T08:56:15","slug":"rattrapages","status":"publish","type":"page","link":"http:\/\/sciences.univ-alger.dz\/?page_id=527","title":{"rendered":"Rattrapages info"},"content":{"rendered":"\t\t<div data-elementor-type=\"wp-page\" data-elementor-id=\"527\" class=\"elementor elementor-527\" data-elementor-post-type=\"page\">\n\t\t\t\t\t\t<section class=\"elementor-section elementor-top-section elementor-element elementor-element-3796d72f elementor-section-boxed elementor-section-height-default elementor-section-height-default\" data-id=\"3796d72f\" data-element_type=\"section\" data-e-type=\"section\">\n\t\t\t\t\t\t<div class=\"elementor-container elementor-column-gap-default\">\n\t\t\t\t\t<div class=\"elementor-column elementor-col-33 elementor-top-column elementor-element elementor-element-76550e66\" data-id=\"76550e66\" data-element_type=\"column\" data-e-type=\"column\">\n\t\t\t<div class=\"elementor-widget-wrap elementor-element-populated\">\n\t\t\t\t\t\t<div class=\"elementor-element elementor-element-2b751478 hfe-nav-menu__align-left hfe-submenu-icon-arrow hfe-link-redirect-child hfe-nav-menu__breakpoint-tablet elementor-widget elementor-widget-navigation-menu\" data-id=\"2b751478\" data-element_type=\"widget\" data-e-type=\"widget\" data-settings=\"{&quot;padding_horizontal_menu_item&quot;:{&quot;unit&quot;:&quot;px&quot;,&quot;size&quot;:15,&quot;sizes&quot;:[]},&quot;padding_horizontal_menu_item_tablet&quot;:{&quot;unit&quot;:&quot;px&quot;,&quot;size&quot;:&quot;&quot;,&quot;sizes&quot;:[]},&quot;padding_horizontal_menu_item_mobile&quot;:{&quot;unit&quot;:&quot;px&quot;,&quot;size&quot;:&quot;&quot;,&quot;sizes&quot;:[]},&quot;padding_vertical_menu_item&quot;:{&quot;unit&quot;:&quot;px&quot;,&quot;size&quot;:15,&quot;sizes&quot;:[]},&quot;padding_vertical_menu_item_tablet&quot;:{&quot;unit&quot;:&quot;px&quot;,&quot;size&quot;:&quot;&quot;,&quot;sizes&quot;:[]},&quot;padding_vertical_menu_item_mobile&quot;:{&quot;unit&quot;:&quot;px&quot;,&quot;size&quot;:&quot;&quot;,&quot;sizes&quot;:[]},&quot;menu_space_between&quot;:{&quot;unit&quot;:&quot;px&quot;,&quot;size&quot;:&quot;&quot;,&quot;sizes&quot;:[]},&quot;menu_space_between_tablet&quot;:{&quot;unit&quot;:&quot;px&quot;,&quot;size&quot;:&quot;&quot;,&quot;sizes&quot;:[]},&quot;menu_space_between_mobile&quot;:{&quot;unit&quot;:&quot;px&quot;,&quot;size&quot;:&quot;&quot;,&quot;sizes&quot;:[]},&quot;dropdown_border_radius&quot;:{&quot;unit&quot;:&quot;px&quot;,&quot;top&quot;:&quot;&quot;,&quot;right&quot;:&quot;&quot;,&quot;bottom&quot;:&quot;&quot;,&quot;left&quot;:&quot;&quot;,&quot;isLinked&quot;:true},&quot;dropdown_border_radius_tablet&quot;:{&quot;unit&quot;:&quot;px&quot;,&quot;top&quot;:&quot;&quot;,&quot;right&quot;:&quot;&quot;,&quot;bottom&quot;:&quot;&quot;,&quot;left&quot;:&quot;&quot;,&quot;isLinked&quot;:true},&quot;dropdown_border_radius_mobile&quot;:{&quot;unit&quot;:&quot;px&quot;,&quot;top&quot;:&quot;&quot;,&quot;right&quot;:&quot;&quot;,&quot;bottom&quot;:&quot;&quot;,&quot;left&quot;:&quot;&quot;,&quot;isLinked&quot;:true},&quot;padding_horizontal_dropdown_item&quot;:{&quot;unit&quot;:&quot;px&quot;,&quot;size&quot;:&quot;&quot;,&quot;sizes&quot;:[]},&quot;padding_horizontal_dropdown_item_tablet&quot;:{&quot;unit&quot;:&quot;px&quot;,&quot;size&quot;:&quot;&quot;,&quot;sizes&quot;:[]},&quot;padding_horizontal_dropdown_item_mobile&quot;:{&quot;unit&quot;:&quot;px&quot;,&quot;size&quot;:&quot;&quot;,&quot;sizes&quot;:[]},&quot;padding_vertical_dropdown_item&quot;:{&quot;unit&quot;:&quot;px&quot;,&quot;size&quot;:15,&quot;sizes&quot;:[]},&quot;padding_vertical_dropdown_item_tablet&quot;:{&quot;unit&quot;:&quot;px&quot;,&quot;size&quot;:&quot;&quot;,&quot;sizes&quot;:[]},&quot;padding_vertical_dropdown_item_mobile&quot;:{&quot;unit&quot;:&quot;px&quot;,&quot;size&quot;:&quot;&quot;,&quot;sizes&quot;:[]},&quot;distance_from_menu&quot;:{&quot;unit&quot;:&quot;px&quot;,&quot;size&quot;:&quot;&quot;,&quot;sizes&quot;:[]},&quot;distance_from_menu_tablet&quot;:{&quot;unit&quot;:&quot;px&quot;,&quot;size&quot;:&quot;&quot;,&quot;sizes&quot;:[]},&quot;distance_from_menu_mobile&quot;:{&quot;unit&quot;:&quot;px&quot;,&quot;size&quot;:&quot;&quot;,&quot;sizes&quot;:[]},&quot;toggle_size&quot;:{&quot;unit&quot;:&quot;px&quot;,&quot;size&quot;:&quot;&quot;,&quot;sizes&quot;:[]},&quot;toggle_size_tablet&quot;:{&quot;unit&quot;:&quot;px&quot;,&quot;size&quot;:&quot;&quot;,&quot;sizes&quot;:[]},&quot;toggle_size_mobile&quot;:{&quot;unit&quot;:&quot;px&quot;,&quot;size&quot;:&quot;&quot;,&quot;sizes&quot;:[]},&quot;toggle_border_width&quot;:{&quot;unit&quot;:&quot;px&quot;,&quot;size&quot;:&quot;&quot;,&quot;sizes&quot;:[]},&quot;toggle_border_width_tablet&quot;:{&quot;unit&quot;:&quot;px&quot;,&quot;size&quot;:&quot;&quot;,&quot;sizes&quot;:[]},&quot;toggle_border_width_mobile&quot;:{&quot;unit&quot;:&quot;px&quot;,&quot;size&quot;:&quot;&quot;,&quot;sizes&quot;:[]},&quot;toggle_border_radius&quot;:{&quot;unit&quot;:&quot;px&quot;,&quot;size&quot;:&quot;&quot;,&quot;sizes&quot;:[]},&quot;toggle_border_radius_tablet&quot;:{&quot;unit&quot;:&quot;px&quot;,&quot;size&quot;:&quot;&quot;,&quot;sizes&quot;:[]},&quot;toggle_border_radius_mobile&quot;:{&quot;unit&quot;:&quot;px&quot;,&quot;size&quot;:&quot;&quot;,&quot;sizes&quot;:[]}}\" data-widget_type=\"navigation-menu.default\">\n\t\t\t\t<div class=\"elementor-widget-container\">\n\t\t\t\t\t\t\t\t<div class=\"hfe-nav-menu hfe-layout-vertical hfe-nav-menu-layout vertical\" data-layout=\"vertical\">\n\t\t\t\t<div role=\"button\" class=\"hfe-nav-menu__toggle elementor-clickable\">\n\t\t\t\t\t<span class=\"screen-reader-text\">Menu<\/span>\n\t\t\t\t\t<div class=\"hfe-nav-menu-icon\">\n\t\t\t\t\t\t<i aria-hidden=\"true\"  class=\"fas fa-align-justify\"><\/i>\t\t\t\t\t<\/div>\n\t\t\t\t<\/div>\n\t\t\t\t<nav itemscope=\"itemscope\" itemtype=\"https:\/\/schema.org\/SiteNavigationElement\" class=\"hfe-nav-menu__layout-vertical hfe-nav-menu__submenu-arrow\" data-toggle-icon=\"&lt;i aria-hidden=&quot;true&quot; tabindex=&quot;0&quot; class=&quot;fas fa-align-justify&quot;&gt;&lt;\/i&gt;\" data-close-icon=\"&lt;i aria-hidden=&quot;true&quot; tabindex=&quot;0&quot; class=&quot;far fa-window-close&quot;&gt;&lt;\/i&gt;\" data-full-width=\"yes\">\n\t\t\t\t\t<ul id=\"menu-1-2b751478\" class=\"hfe-nav-menu\"><li id=\"menu-item-641\" itemprop=\"name\" class=\"menu-item menu-item-type-post_type menu-item-object-page menu-item-has-children parent hfe-has-submenu hfe-creative-menu\"><div class=\"hfe-has-submenu-container\"><a href=\"http:\/\/sciences.univ-alger.dz\/?page_id=29\" itemprop=\"url\" class = \"hfe-menu-item\">D\u00e9partement d\u2019Architecture<span class='hfe-menu-toggle sub-arrow hfe-menu-child-0'><i class='fa'><\/i><\/span><\/a><\/div>\n<ul class=\"sub-menu\">\n\t<li id=\"menu-item-659\" itemprop=\"name\" class=\"menu-item menu-item-type-post_type menu-item-object-page hfe-creative-menu\"><a href=\"http:\/\/sciences.univ-alger.dz\/?page_id=267\" itemprop=\"url\" class = \"hfe-sub-menu-item\">Offres et Canevas de formations<\/a><\/li>\n\t<li id=\"menu-item-647\" itemprop=\"name\" class=\"menu-item menu-item-type-post_type menu-item-object-page hfe-creative-menu\"><a href=\"http:\/\/sciences.univ-alger.dz\/?page_id=269\" itemprop=\"url\" class = \"hfe-sub-menu-item\">Emplois du temps<\/a><\/li>\n\t<li id=\"menu-item-653\" itemprop=\"name\" class=\"menu-item menu-item-type-post_type menu-item-object-page hfe-creative-menu\"><a href=\"http:\/\/sciences.univ-alger.dz\/?page_id=271\" itemprop=\"url\" class = \"hfe-sub-menu-item\">Examens<\/a><\/li>\n\t<li id=\"menu-item-636\" itemprop=\"name\" class=\"menu-item menu-item-type-post_type menu-item-object-page hfe-creative-menu\"><a href=\"http:\/\/sciences.univ-alger.dz\/?page_id=273\" itemprop=\"url\" class = \"hfe-sub-menu-item\">D\u00e9lib\u00e9rations<\/a><\/li>\n\t<li id=\"menu-item-4202\" itemprop=\"name\" class=\"menu-item menu-item-type-post_type menu-item-object-page hfe-creative-menu\"><a href=\"http:\/\/sciences.univ-alger.dz\/?page_id=4019\" itemprop=\"url\" class = \"hfe-sub-menu-item\">Etudiants<\/a><\/li>\n\t<li id=\"menu-item-6917\" itemprop=\"name\" class=\"menu-item menu-item-type-post_type menu-item-object-page hfe-creative-menu\"><a href=\"http:\/\/sciences.univ-alger.dz\/?page_id=6887\" itemprop=\"url\" class = \"hfe-sub-menu-item\">Formulaires<\/a><\/li>\n\t<li id=\"menu-item-10208\" itemprop=\"name\" class=\"menu-item menu-item-type-post_type menu-item-object-page hfe-creative-menu\"><a href=\"http:\/\/sciences.univ-alger.dz\/?page_id=10176\" itemprop=\"url\" class = \"hfe-sub-menu-item\">Soutenances<\/a><\/li>\n<\/ul>\n<\/li>\n<li id=\"menu-item-667\" itemprop=\"name\" class=\"menu-item menu-item-type-post_type menu-item-object-page menu-item-has-children parent hfe-has-submenu hfe-creative-menu\"><div class=\"hfe-has-submenu-container\"><a href=\"http:\/\/sciences.univ-alger.dz\/?page_id=31\" itemprop=\"url\" class = \"hfe-menu-item\">D\u00e9partement d\u2019Informatique<span class='hfe-menu-toggle sub-arrow hfe-menu-child-0'><i class='fa'><\/i><\/span><\/a><\/div>\n<ul class=\"sub-menu\">\n\t<li id=\"menu-item-660\" itemprop=\"name\" class=\"menu-item menu-item-type-post_type menu-item-object-page hfe-creative-menu\"><a href=\"http:\/\/sciences.univ-alger.dz\/?page_id=517\" itemprop=\"url\" class = \"hfe-sub-menu-item\">Offres et Canevas de formations<\/a><\/li>\n\t<li id=\"menu-item-648\" itemprop=\"name\" class=\"menu-item menu-item-type-post_type menu-item-object-page hfe-creative-menu\"><a href=\"http:\/\/sciences.univ-alger.dz\/?page_id=521\" itemprop=\"url\" class = \"hfe-sub-menu-item\">Emplois du temps<\/a><\/li>\n\t<li id=\"menu-item-658\" itemprop=\"name\" class=\"menu-item menu-item-type-post_type menu-item-object-page hfe-creative-menu\"><a href=\"http:\/\/sciences.univ-alger.dz\/?page_id=525\" itemprop=\"url\" class = \"hfe-sub-menu-item\">Inscription<\/a><\/li>\n\t<li id=\"menu-item-654\" itemprop=\"name\" class=\"menu-item menu-item-type-post_type menu-item-object-page hfe-creative-menu\"><a href=\"http:\/\/sciences.univ-alger.dz\/?page_id=523\" itemprop=\"url\" class = \"hfe-sub-menu-item\">Examens<\/a><\/li>\n\t<li id=\"menu-item-664\" itemprop=\"name\" class=\"menu-item menu-item-type-post_type menu-item-object-page hfe-creative-menu\"><a href=\"http:\/\/sciences.univ-alger.dz\/?page_id=527\" itemprop=\"url\" class = \"hfe-sub-menu-item\">Rattrapages<\/a><\/li>\n\t<li id=\"menu-item-665\" itemprop=\"name\" class=\"menu-item menu-item-type-post_type menu-item-object-page hfe-creative-menu\"><a href=\"http:\/\/sciences.univ-alger.dz\/?page_id=529\" itemprop=\"url\" class = \"hfe-sub-menu-item\">Soutenances<\/a><\/li>\n\t<li id=\"menu-item-637\" itemprop=\"name\" class=\"menu-item menu-item-type-post_type menu-item-object-page hfe-creative-menu\"><a href=\"http:\/\/sciences.univ-alger.dz\/?page_id=531\" itemprop=\"url\" class = \"hfe-sub-menu-item\">D\u00e9lib\u00e9rations<\/a><\/li>\n\t<li id=\"menu-item-4199\" itemprop=\"name\" class=\"menu-item menu-item-type-post_type menu-item-object-page hfe-creative-menu\"><a href=\"http:\/\/sciences.univ-alger.dz\/?page_id=4106\" itemprop=\"url\" class = \"hfe-sub-menu-item\">Etudiants<\/a><\/li>\n\t<li id=\"menu-item-6916\" itemprop=\"name\" class=\"menu-item menu-item-type-post_type menu-item-object-page hfe-creative-menu\"><a href=\"http:\/\/sciences.univ-alger.dz\/?page_id=6887\" itemprop=\"url\" class = \"hfe-sub-menu-item\">Formulaires<\/a><\/li>\n<\/ul>\n<\/li>\n<li id=\"menu-item-642\" itemprop=\"name\" class=\"menu-item menu-item-type-post_type menu-item-object-page menu-item-has-children parent hfe-has-submenu hfe-creative-menu\"><div class=\"hfe-has-submenu-container\"><a href=\"http:\/\/sciences.univ-alger.dz\/?page_id=33\" itemprop=\"url\" class = \"hfe-menu-item\">D\u00e9partement\u00a0de\u00a0Math\u00e9matiques<span class='hfe-menu-toggle sub-arrow hfe-menu-child-0'><i class='fa'><\/i><\/span><\/a><\/div>\n<ul class=\"sub-menu\">\n\t<li id=\"menu-item-661\" itemprop=\"name\" class=\"menu-item menu-item-type-post_type menu-item-object-page hfe-creative-menu\"><a href=\"http:\/\/sciences.univ-alger.dz\/?page_id=543\" itemprop=\"url\" class = \"hfe-sub-menu-item\">Offres et Canevas de formations<\/a><\/li>\n\t<li id=\"menu-item-650\" itemprop=\"name\" class=\"menu-item menu-item-type-post_type menu-item-object-page hfe-creative-menu\"><a href=\"http:\/\/sciences.univ-alger.dz\/?page_id=545\" itemprop=\"url\" class = \"hfe-sub-menu-item\">Empois du temps<\/a><\/li>\n\t<li id=\"menu-item-655\" itemprop=\"name\" class=\"menu-item menu-item-type-post_type menu-item-object-page hfe-creative-menu\"><a href=\"http:\/\/sciences.univ-alger.dz\/?page_id=548\" itemprop=\"url\" class = \"hfe-sub-menu-item\">Examens<\/a><\/li>\n\t<li id=\"menu-item-638\" itemprop=\"name\" class=\"menu-item menu-item-type-post_type menu-item-object-page hfe-creative-menu\"><a href=\"http:\/\/sciences.univ-alger.dz\/?page_id=550\" itemprop=\"url\" class = \"hfe-sub-menu-item\">D\u00e9lib\u00e9rations<\/a><\/li>\n\t<li id=\"menu-item-4204\" itemprop=\"name\" class=\"menu-item menu-item-type-post_type menu-item-object-page hfe-creative-menu\"><a href=\"http:\/\/sciences.univ-alger.dz\/?page_id=3911\" itemprop=\"url\" class = \"hfe-sub-menu-item\">Etudiants<\/a><\/li>\n\t<li id=\"menu-item-10209\" itemprop=\"name\" class=\"menu-item menu-item-type-post_type menu-item-object-page hfe-creative-menu\"><a href=\"http:\/\/sciences.univ-alger.dz\/?page_id=10190\" itemprop=\"url\" class = \"hfe-sub-menu-item\">Soutenances<\/a><\/li>\n\t<li id=\"menu-item-4200\" itemprop=\"name\" class=\"menu-item menu-item-type-post_type menu-item-object-page hfe-creative-menu\"><a href=\"http:\/\/sciences.univ-alger.dz\/?page_id=4095\" itemprop=\"url\" class = \"hfe-sub-menu-item\">Classement et Orientation<\/a><\/li>\n\t<li id=\"menu-item-6915\" itemprop=\"name\" class=\"menu-item menu-item-type-post_type menu-item-object-page hfe-creative-menu\"><a href=\"http:\/\/sciences.univ-alger.dz\/?page_id=6887\" itemprop=\"url\" class = \"hfe-sub-menu-item\">Formulaires<\/a><\/li>\n<\/ul>\n<\/li>\n<li id=\"menu-item-643\" itemprop=\"name\" class=\"menu-item menu-item-type-post_type menu-item-object-page menu-item-has-children parent hfe-has-submenu hfe-creative-menu\"><div class=\"hfe-has-submenu-container\"><a href=\"http:\/\/sciences.univ-alger.dz\/?page_id=35\" itemprop=\"url\" class = \"hfe-menu-item\">D\u00e9partement des Sciences de la Mati\u00e8re<span class='hfe-menu-toggle sub-arrow hfe-menu-child-0'><i class='fa'><\/i><\/span><\/a><\/div>\n<ul class=\"sub-menu\">\n\t<li id=\"menu-item-662\" itemprop=\"name\" class=\"menu-item menu-item-type-post_type menu-item-object-page hfe-creative-menu\"><a href=\"http:\/\/sciences.univ-alger.dz\/?page_id=557\" itemprop=\"url\" class = \"hfe-sub-menu-item\">Offres et Canevas de formations<\/a><\/li>\n\t<li id=\"menu-item-649\" itemprop=\"name\" class=\"menu-item menu-item-type-post_type menu-item-object-page hfe-creative-menu\"><a href=\"http:\/\/sciences.univ-alger.dz\/?page_id=560\" itemprop=\"url\" class = \"hfe-sub-menu-item\">Emplois du temps<\/a><\/li>\n\t<li id=\"menu-item-656\" itemprop=\"name\" class=\"menu-item menu-item-type-post_type menu-item-object-page hfe-creative-menu\"><a href=\"http:\/\/sciences.univ-alger.dz\/?page_id=562\" itemprop=\"url\" class = \"hfe-sub-menu-item\">Examens<\/a><\/li>\n\t<li id=\"menu-item-639\" itemprop=\"name\" class=\"menu-item menu-item-type-post_type menu-item-object-page hfe-creative-menu\"><a href=\"http:\/\/sciences.univ-alger.dz\/?page_id=564\" itemprop=\"url\" class = \"hfe-sub-menu-item\">D\u00e9lib\u00e9rations<\/a><\/li>\n\t<li id=\"menu-item-4203\" itemprop=\"name\" class=\"menu-item menu-item-type-post_type menu-item-object-page hfe-creative-menu\"><a href=\"http:\/\/sciences.univ-alger.dz\/?page_id=4010\" itemprop=\"url\" class = \"hfe-sub-menu-item\">Etudiants<\/a><\/li>\n\t<li id=\"menu-item-4201\" itemprop=\"name\" class=\"menu-item menu-item-type-post_type menu-item-object-page hfe-creative-menu\"><a href=\"http:\/\/sciences.univ-alger.dz\/?page_id=4063\" itemprop=\"url\" class = \"hfe-sub-menu-item\">Classement et Orientation<\/a><\/li>\n\t<li id=\"menu-item-6914\" itemprop=\"name\" class=\"menu-item menu-item-type-post_type menu-item-object-page hfe-creative-menu\"><a href=\"http:\/\/sciences.univ-alger.dz\/?page_id=6887\" itemprop=\"url\" class = \"hfe-sub-menu-item\">Formulaires<\/a><\/li>\n\t<li id=\"menu-item-10207\" itemprop=\"name\" class=\"menu-item menu-item-type-post_type menu-item-object-page hfe-creative-menu\"><a href=\"http:\/\/sciences.univ-alger.dz\/?page_id=10199\" itemprop=\"url\" class = \"hfe-sub-menu-item\">Soutenances<\/a><\/li>\n<\/ul>\n<\/li>\n<li id=\"menu-item-644\" itemprop=\"name\" class=\"menu-item menu-item-type-post_type menu-item-object-page menu-item-has-children parent hfe-has-submenu hfe-creative-menu\"><div class=\"hfe-has-submenu-container\"><a href=\"http:\/\/sciences.univ-alger.dz\/?page_id=37\" itemprop=\"url\" class = \"hfe-menu-item\">D\u00e9partement des Sciences de la Nature et la Vie<span class='hfe-menu-toggle sub-arrow hfe-menu-child-0'><i class='fa'><\/i><\/span><\/a><\/div>\n<ul class=\"sub-menu\">\n\t<li id=\"menu-item-663\" itemprop=\"name\" class=\"menu-item menu-item-type-post_type menu-item-object-page hfe-creative-menu\"><a href=\"http:\/\/sciences.univ-alger.dz\/?page_id=570\" itemprop=\"url\" class = \"hfe-sub-menu-item\">Offres et Canevas de formations<\/a><\/li>\n\t<li id=\"menu-item-651\" itemprop=\"name\" class=\"menu-item menu-item-type-post_type menu-item-object-page hfe-creative-menu\"><a href=\"http:\/\/sciences.univ-alger.dz\/?page_id=574\" itemprop=\"url\" class = \"hfe-sub-menu-item\">Empois du temps<\/a><\/li>\n\t<li id=\"menu-item-646\" itemprop=\"name\" class=\"menu-item menu-item-type-post_type menu-item-object-page hfe-creative-menu\"><a href=\"http:\/\/sciences.univ-alger.dz\/?page_id=578\" itemprop=\"url\" class = \"hfe-sub-menu-item\">Documents \u00e0 t\u00e9l\u00e9charger<\/a><\/li>\n\t<li id=\"menu-item-652\" itemprop=\"name\" class=\"menu-item menu-item-type-post_type menu-item-object-page hfe-creative-menu\"><a href=\"http:\/\/sciences.univ-alger.dz\/?page_id=584\" itemprop=\"url\" class = \"hfe-sub-menu-item\">\u00c9tudiants<\/a><\/li>\n\t<li id=\"menu-item-635\" itemprop=\"name\" class=\"menu-item menu-item-type-post_type menu-item-object-page hfe-creative-menu\"><a href=\"http:\/\/sciences.univ-alger.dz\/?page_id=580\" itemprop=\"url\" class = \"hfe-sub-menu-item\">Classement et orientation<\/a><\/li>\n\t<li id=\"menu-item-657\" itemprop=\"name\" class=\"menu-item menu-item-type-post_type menu-item-object-page hfe-creative-menu\"><a href=\"http:\/\/sciences.univ-alger.dz\/?page_id=576\" itemprop=\"url\" class = \"hfe-sub-menu-item\">Examens<\/a><\/li>\n\t<li id=\"menu-item-666\" itemprop=\"name\" class=\"menu-item menu-item-type-post_type menu-item-object-page hfe-creative-menu\"><a href=\"http:\/\/sciences.univ-alger.dz\/?page_id=586\" itemprop=\"url\" class = \"hfe-sub-menu-item\">Soutenances<\/a><\/li>\n\t<li id=\"menu-item-640\" itemprop=\"name\" class=\"menu-item menu-item-type-post_type menu-item-object-page hfe-creative-menu\"><a href=\"http:\/\/sciences.univ-alger.dz\/?page_id=588\" itemprop=\"url\" class = \"hfe-sub-menu-item\">D\u00e9lib\u00e9rations<\/a><\/li>\n\t<li id=\"menu-item-6913\" itemprop=\"name\" class=\"menu-item menu-item-type-post_type menu-item-object-page hfe-creative-menu\"><a href=\"http:\/\/sciences.univ-alger.dz\/?page_id=6887\" itemprop=\"url\" class = \"hfe-sub-menu-item\">Formulaires<\/a><\/li>\n<\/ul>\n<\/li>\n<\/ul> \n\t\t\t\t<\/nav>\n\t\t\t<\/div>\n\t\t\t\t\t\t\t<\/div>\n\t\t\t\t<\/div>\n\t\t\t\t\t<\/div>\n\t\t<\/div>\n\t\t\t\t<div class=\"elementor-column elementor-col-66 elementor-top-column elementor-element elementor-element-3bea38e7\" data-id=\"3bea38e7\" data-element_type=\"column\" data-e-type=\"column\">\n\t\t\t<div class=\"elementor-widget-wrap elementor-element-populated\">\n\t\t\t\t\t\t<div class=\"elementor-element elementor-element-4e48e2e7 elementor-widget elementor-widget-heading\" data-id=\"4e48e2e7\" data-element_type=\"widget\" data-e-type=\"widget\" data-widget_type=\"heading.default\">\n\t\t\t\t<div class=\"elementor-widget-container\">\n\t\t\t\t\t<h2 class=\"elementor-heading-title elementor-size-large\">Rattrapages<\/h2>\t\t\t\t<\/div>\n\t\t\t\t<\/div>\n\t\t\t\t\t<\/div>\n\t\t<\/div>\n\t\t\t\t\t<\/div>\n\t\t<\/section>\n\t\t\t\t<\/div>\n\t\t","protected":false},"excerpt":{"rendered":"<p>D\u00e9partement d\u2019Architecture Offres et Canevas de formations Emplois du temps Examens D\u00e9lib\u00e9rations D\u00e9partement d\u2019Informatique Offres et Canevas de formations Emplois du temps Inscription Examens Rattrapages Soutenances D\u00e9lib\u00e9rations D\u00e9partement\u00a0de\u00a0Math\u00e9matiques Offres et Canevas de formations Empois du temps Examens D\u00e9lib\u00e9rations D\u00e9partement des Sciences de la Mati\u00e8re Offres et Canevas de formations Emplois du temps Examens D\u00e9lib\u00e9rations D\u00e9partement [&hellip;]<\/p>\n","protected":false},"author":1,"featured_media":0,"parent":0,"menu_order":0,"comment_status":"closed","ping_status":"closed","template":"","meta":{"ocean_post_layout":"full-screen","ocean_both_sidebars_style":"","ocean_both_sidebars_content_width":0,"ocean_both_sidebars_sidebars_width":0,"ocean_sidebar":"0","ocean_second_sidebar":"0","ocean_disable_margins":"enable","ocean_add_body_class":"","ocean_shortcode_before_top_bar":"","ocean_shortcode_after_top_bar":"","ocean_shortcode_before_header":"","ocean_shortcode_after_header":"","ocean_has_shortcode":"","ocean_shortcode_after_title":"","ocean_shortcode_before_footer_widgets":"","ocean_shortcode_after_footer_widgets":"","ocean_shortcode_before_footer_bottom":"","ocean_shortcode_after_footer_bottom":"","ocean_display_top_bar":"default","ocean_display_header":"default","ocean_header_style":"","ocean_center_header_left_menu":"0","ocean_custom_header_template":"0","ocean_custom_logo":0,"ocean_custom_retina_logo":0,"ocean_custom_logo_max_width":0,"ocean_custom_logo_tablet_max_width":0,"ocean_custom_logo_mobile_max_width":0,"ocean_custom_logo_max_height":0,"ocean_custom_logo_tablet_max_height":0,"ocean_custom_logo_mobile_max_height":0,"ocean_header_custom_menu":"0","ocean_menu_typo_font_family":"0","ocean_menu_typo_font_subset":"","ocean_menu_typo_font_size":0,"ocean_menu_typo_font_size_tablet":0,"ocean_menu_typo_font_size_mobile":0,"ocean_menu_typo_font_size_unit":"px","ocean_menu_typo_font_weight":"","ocean_menu_typo_font_weight_tablet":"","ocean_menu_typo_font_weight_mobile":"","ocean_menu_typo_transform":"","ocean_menu_typo_transform_tablet":"","ocean_menu_typo_transform_mobile":"","ocean_menu_typo_line_height":0,"ocean_menu_typo_line_height_tablet":0,"ocean_menu_typo_line_height_mobile":0,"ocean_menu_typo_line_height_unit":"","ocean_menu_typo_spacing":0,"ocean_menu_typo_spacing_tablet":0,"ocean_menu_typo_spacing_mobile":0,"ocean_menu_typo_spacing_unit":"","ocean_menu_link_color":"","ocean_menu_link_color_hover":"","ocean_menu_link_color_active":"","ocean_menu_link_background":"","ocean_menu_link_hover_background":"","ocean_menu_link_active_background":"","ocean_menu_social_links_bg":"","ocean_menu_social_hover_links_bg":"","ocean_menu_social_links_color":"","ocean_menu_social_hover_links_color":"","ocean_disable_title":"on","ocean_disable_heading":"default","ocean_post_title":"","ocean_post_subheading":"","ocean_post_title_style":"","ocean_post_title_background_color":"","ocean_post_title_background":0,"ocean_post_title_bg_image_position":"","ocean_post_title_bg_image_attachment":"","ocean_post_title_bg_image_repeat":"","ocean_post_title_bg_image_size":"","ocean_post_title_height":0,"ocean_post_title_bg_overlay":0.5,"ocean_post_title_bg_overlay_color":"","ocean_disable_breadcrumbs":"default","ocean_breadcrumbs_color":"","ocean_breadcrumbs_separator_color":"","ocean_breadcrumbs_links_color":"","ocean_breadcrumbs_links_hover_color":"","ocean_display_footer_widgets":"default","ocean_display_footer_bottom":"default","ocean_custom_footer_template":"0","footnotes":""},"class_list":["post-527","page","type-page","status-publish","hentry","entry"],"rttpg_featured_image_url":null,"rttpg_author":{"display_name":"Fs_Admina","author_link":"http:\/\/sciences.univ-alger.dz\/?author=1"},"rttpg_comment":0,"rttpg_category":" <a href=\"http:\/\/sciences.univ-alger.dz\/\" rel=\"tag\">Fran\u00e7ais<\/a>","rttpg_excerpt":"D\u00e9partement d\u2019Architecture Offres et Canevas de formations Emplois du temps Examens D\u00e9lib\u00e9rations D\u00e9partement d\u2019Informatique Offres et Canevas de formations Emplois du temps Inscription Examens Rattrapages Soutenances D\u00e9lib\u00e9rations D\u00e9partement\u00a0de\u00a0Math\u00e9matiques Offres et Canevas de formations Empois du temps Examens D\u00e9lib\u00e9rations D\u00e9partement des Sciences de la Mati\u00e8re Offres et Canevas de formations Emplois du temps Examens D\u00e9lib\u00e9rations D\u00e9partement\u2026","_links":{"self":[{"href":"http:\/\/sciences.univ-alger.dz\/index.php?rest_route=\/wp\/v2\/pages\/527","targetHints":{"allow":["GET"]}}],"collection":[{"href":"http:\/\/sciences.univ-alger.dz\/index.php?rest_route=\/wp\/v2\/pages"}],"about":[{"href":"http:\/\/sciences.univ-alger.dz\/index.php?rest_route=\/wp\/v2\/types\/page"}],"author":[{"embeddable":true,"href":"http:\/\/sciences.univ-alger.dz\/index.php?rest_route=\/wp\/v2\/users\/1"}],"replies":[{"embeddable":true,"href":"http:\/\/sciences.univ-alger.dz\/index.php?rest_route=%2Fwp%2Fv2%2Fcomments&post=527"}],"version-history":[{"count":5,"href":"http:\/\/sciences.univ-alger.dz\/index.php?rest_route=\/wp\/v2\/pages\/527\/revisions"}],"predecessor-version":[{"id":711,"href":"http:\/\/sciences.univ-alger.dz\/index.php?rest_route=\/wp\/v2\/pages\/527\/revisions\/711"}],"wp:attachment":[{"href":"http:\/\/sciences.univ-alger.dz\/index.php?rest_route=%2Fwp%2Fv2%2Fmedia&parent=527"}],"curies":[{"name":"wp","href":"https:\/\/api.w.org\/{rel}","templated":true}]}}