
{"id":3252,"date":"2023-06-11T13:26:32","date_gmt":"2023-06-11T12:26:32","guid":{"rendered":"http:\/\/sciences.univ-alger.dz\/?page_id=3252"},"modified":"2024-10-14T11:00:49","modified_gmt":"2024-10-14T10:00:49","slug":"master","status":"publish","type":"page","link":"http:\/\/sciences.univ-alger.dz\/?page_id=3252","title":{"rendered":"Master"},"content":{"rendered":"\t\t<div data-elementor-type=\"wp-page\" data-elementor-id=\"3252\" class=\"elementor elementor-3252\" data-elementor-post-type=\"page\">\n\t\t\t\t\t\t<section class=\"elementor-section elementor-top-section elementor-element elementor-element-3fdfd3b4 elementor-section-boxed elementor-section-height-default elementor-section-height-default\" data-id=\"3fdfd3b4\" data-element_type=\"section\" data-e-type=\"section\">\n\t\t\t\t\t\t<div class=\"elementor-container elementor-column-gap-default\">\n\t\t\t\t\t<div class=\"elementor-column elementor-col-100 elementor-top-column elementor-element elementor-element-4cedd225\" data-id=\"4cedd225\" data-element_type=\"column\" data-e-type=\"column\">\n\t\t\t<div class=\"elementor-widget-wrap elementor-element-populated\">\n\t\t\t\t\t\t<div class=\"elementor-element elementor-element-54ed2310 elementor-widget elementor-widget-heading\" data-id=\"54ed2310\" data-element_type=\"widget\" data-e-type=\"widget\" data-widget_type=\"heading.default\">\n\t\t\t\t<div class=\"elementor-widget-container\">\n\t\t\t\t\t<h2 class=\"elementor-heading-title elementor-size-large\">Carte des formations en Master<\/h2>\t\t\t\t<\/div>\n\t\t\t\t<\/div>\n\t\t\t\t<div class=\"elementor-element elementor-element-79c43c69 elementor-widget elementor-widget-text-editor\" data-id=\"79c43c69\" data-element_type=\"widget\" data-e-type=\"widget\" data-widget_type=\"text-editor.default\">\n\t\t\t\t<div class=\"elementor-widget-container\">\n\t\t\t\t\t\t\t\t\t<table>\n<tbody>\n<tr>\n<td width=\"217\"><strong>D\u00e9partement<\/strong><\/td>\n<td width=\"189\"><strong>Fili\u00e8re<\/strong><\/td>\n<td width=\"331\"><strong>Sp\u00e9cialit\u00e9<\/strong><\/td>\n<td width=\"57\"><strong>Type<\/strong><\/td>\n<td width=\"139\"><strong>Offre de formation<\/strong><\/td>\n<\/tr>\n<tr>\n<td width=\"217\">Architecture<\/td>\n<td width=\"189\">Architecture<\/td>\n<td width=\"331\">Architecture<\/td>\n<td width=\"57\">Aca<\/td>\n<td width=\"139\"><a href=\"http:\/\/sciences.univ-alger.dz\/wp-content\/uploads\/2022\/12\/CANEVASOFFREDEFORMATIONMASTERARCHITECTUREalger1_removed.pdf\"><img decoding=\"async\" class=\"\" src=\"http:\/\/sciences.univ-alger.dz\/wp-content\/uploads\/2023\/06\/pngwing.com-2-300x300.png\" alt=\"\" width=\"35\" height=\"35\" \/><\/a><\/td>\n<\/tr>\n<tr>\n<td rowspan=\"3\" width=\"217\">Informatique<\/td>\n<td rowspan=\"3\" width=\"189\">Informatique<\/td>\n<td width=\"331\">Ing\u00e9nierie des Syst\u00e8mes Informatiques Intelligents<\/td>\n<td width=\"57\">Aca<\/td>\n<td width=\"139\"><a href=\"http:\/\/sciences.univ-alger.dz\/wp-content\/uploads\/2022\/12\/Master_IngenieriedesSystemesInformatiquesIntelligents.pdf\"><img decoding=\"async\" class=\"\" src=\"http:\/\/sciences.univ-alger.dz\/wp-content\/uploads\/2023\/06\/pngwing.com-2-300x300.png\" alt=\"\" width=\"35\" height=\"35\" \/><\/a><\/td>\n<\/tr>\n<tr>\n<td width=\"331\">R\u00e9seaux et Syst\u00e8mes Embarqu\u00e9s<\/td>\n<td width=\"57\">Aca<\/td>\n<td width=\"139\"><a href=\"http:\/\/sciences.univ-alger.dz\/wp-content\/uploads\/2022\/12\/MasterRSE.pdf\"><img decoding=\"async\" class=\"\" src=\"http:\/\/sciences.univ-alger.dz\/wp-content\/uploads\/2023\/06\/pngwing.com-2-300x300.png\" alt=\"\" width=\"35\" height=\"35\" \/><\/a><\/td>\n<\/tr>\n<tr>\n<td width=\"331\">Analyse et Sciences de Donn\u00e9es<\/td>\n<td width=\"57\">Aca<\/td>\n<td width=\"139\"><a href=\"http:\/\/sciences.univ-alger.dz\/wp-content\/uploads\/2022\/12\/MasterASD.pdf\"><img decoding=\"async\" class=\"\" src=\"http:\/\/sciences.univ-alger.dz\/wp-content\/uploads\/2023\/06\/pngwing.com-2-300x300.png\" alt=\"\" width=\"35\" height=\"35\" \/><\/a><\/td>\n<\/tr>\n<tr>\n<td rowspan=\"2\" width=\"217\">Math\u00e9matique<\/td>\n<td width=\"189\">Math\u00e9matiques appliqu\u00e9es<\/td>\n<td width=\"331\">Recherche Op\u00e9rationnelle<\/td>\n<td width=\"57\">Aca<\/td>\n<td width=\"139\"><a href=\"http:\/\/sciences.univ-alger.dz\/wp-content\/uploads\/2022\/12\/MasterRechercheOprationnelle.pdf\"><img decoding=\"async\" class=\"\" src=\"http:\/\/sciences.univ-alger.dz\/wp-content\/uploads\/2023\/06\/pngwing.com-2-300x300.png\" alt=\"\" width=\"35\" height=\"35\" \/><\/a><\/td>\n<\/tr>\n<tr>\n<td width=\"189\">Math\u00e9matiques<\/td>\n<td width=\"331\">Analyse Math\u00e9matique et Applications<\/td>\n<td width=\"57\">Aca<\/td>\n<td width=\"139\"><a href=\"http:\/\/sciences.univ-alger.dz\/wp-content\/uploads\/2022\/12\/Master_AnalyseMathmatiqueetApplications.pdf\"><img decoding=\"async\" class=\"\" src=\"http:\/\/sciences.univ-alger.dz\/wp-content\/uploads\/2023\/06\/pngwing.com-2-300x300.png\" alt=\"\" width=\"35\" height=\"35\" \/><\/a><\/td>\n<\/tr>\n<tr>\n<td rowspan=\"4\" width=\"217\">Sciences de Mati\u00e8re<\/td>\n<td rowspan=\"2\" width=\"189\">Physique<\/td>\n<td width=\"331\">Physique Appliqu\u00e9e<\/td>\n<td width=\"57\">Aca<\/td>\n<td width=\"139\"><a href=\"http:\/\/sciences.univ-alger.dz\/wp-content\/uploads\/2022\/12\/Master-Canevasphysiqueapplique_removed_removed.pdf\"><img decoding=\"async\" class=\"\" src=\"http:\/\/sciences.univ-alger.dz\/wp-content\/uploads\/2023\/06\/pngwing.com-2-300x300.png\" alt=\"\" width=\"35\" height=\"35\" \/><\/a><\/td>\n<\/tr>\n<tr>\n<td width=\"331\">Physique \u00c9nerg\u00e9tique et \u00c9nergies Renouvelables<\/td>\n<td width=\"57\">Aca<\/td>\n<td width=\"139\"><a href=\"http:\/\/sciences.univ-alger.dz\/wp-content\/uploads\/2022\/12\/CanevasduMasterPhysiquenerg.pdf\"><img decoding=\"async\" class=\"\" src=\"http:\/\/sciences.univ-alger.dz\/wp-content\/uploads\/2023\/06\/pngwing.com-2-300x300.png\" alt=\"\" width=\"35\" height=\"35\" \/><\/a><\/td>\n<\/tr>\n<tr>\n<td rowspan=\"2\" width=\"189\">Chimie<\/td>\n<td width=\"331\">Chimie Analytique<\/td>\n<td width=\"57\">Aca<\/td>\n<td width=\"139\"><a href=\"http:\/\/sciences.univ-alger.dz\/wp-content\/uploads\/2022\/12\/masterschimieanalytique_removed_removed.pdf\"><img decoding=\"async\" class=\"\" src=\"http:\/\/sciences.univ-alger.dz\/wp-content\/uploads\/2023\/06\/pngwing.com-2-300x300.png\" alt=\"\" width=\"35\" height=\"35\" \/><\/a><\/td>\n<\/tr>\n<tr>\n<td width=\"331\">Chimie Pharmaceutique<\/td>\n<td width=\"57\">Aca<\/td>\n<td width=\"139\"><a href=\"http:\/\/sciences.univ-alger.dz\/wp-content\/uploads\/2022\/12\/MasterCanevaspharm_removed.pdf\"><img decoding=\"async\" class=\"\" src=\"http:\/\/sciences.univ-alger.dz\/wp-content\/uploads\/2023\/06\/pngwing.com-2-300x300.png\" alt=\"\" width=\"35\" height=\"35\" \/><\/a><\/td>\n<\/tr>\n<tr>\n<td rowspan=\"7\" width=\"217\">Sciences de la Nature et de la Vie<\/td>\n<td rowspan=\"3\" width=\"189\">Sciences Biologiques<\/td>\n<td width=\"331\">Biochimie appliqu\u00e9e<\/td>\n<td width=\"57\">Aca<\/td>\n<td width=\"139\"><a href=\"http:\/\/sciences.univ-alger.dz\/wp-content\/uploads\/2022\/12\/CanevasMasterBiochimieappliqueUniversitdAlger1removed.pdf\"><img decoding=\"async\" class=\"\" src=\"http:\/\/sciences.univ-alger.dz\/wp-content\/uploads\/2023\/06\/pngwing.com-2-300x300.png\" alt=\"\" width=\"35\" height=\"35\" \/><\/a><\/td>\n<\/tr>\n<tr>\n<td width=\"331\">Microbiologie appliqu\u00e9e<\/td>\n<td width=\"57\">Aca<\/td>\n<td width=\"139\"><a href=\"http:\/\/sciences.univ-alger.dz\/wp-content\/uploads\/2022\/12\/CanevasMasterMicrobiologiappliqueUnivAlger1_removed.pdf\"><img decoding=\"async\" class=\"\" src=\"http:\/\/sciences.univ-alger.dz\/wp-content\/uploads\/2023\/06\/pngwing.com-2-300x300.png\" alt=\"\" width=\"35\" height=\"35\" \/><\/a><\/td>\n<\/tr>\n<tr>\n<td width=\"331\">Biostatistique<\/td>\n<td width=\"57\">Pro<\/td>\n<td width=\"139\"><a href=\"http:\/\/sciences.univ-alger.dz\/wp-content\/uploads\/2022\/12\/finalCanevasbiostate_removed.pdf\"><img decoding=\"async\" class=\"\" src=\"http:\/\/sciences.univ-alger.dz\/wp-content\/uploads\/2023\/06\/pngwing.com-2-300x300.png\" alt=\"\" width=\"35\" height=\"35\" \/><\/a><\/td>\n<\/tr>\n<tr>\n<td rowspan=\"2\" width=\"189\">Ecologie et Environnement<\/td>\n<td width=\"331\">Biodiversit\u00e9 et Environnement<\/td>\n<td width=\"57\">Aca<\/td>\n<td width=\"139\"><a href=\"http:\/\/sciences.univ-alger.dz\/wp-content\/uploads\/2022\/12\/CANEVASMasterBiodiversitetEnvironnementUnivAlger1removed.pdf\"><img decoding=\"async\" class=\"\" src=\"http:\/\/sciences.univ-alger.dz\/wp-content\/uploads\/2023\/06\/pngwing.com-2-300x300.png\" alt=\"\" width=\"35\" height=\"35\" \/><\/a><\/td>\n<\/tr>\n<tr>\n<td width=\"331\">Agro\u00e9cologie et Environnement<\/td>\n<td width=\"57\">Pro<\/td>\n<td width=\"139\"><a href=\"http:\/\/sciences.univ-alger.dz\/wp-content\/uploads\/2023\/11\/Canevas_Master-Pro_AgroEcologie-Environnement_2023-24_Univ.Alger1_removed_removed.pdf\"><img decoding=\"async\" class=\"\" src=\"http:\/\/sciences.univ-alger.dz\/wp-content\/uploads\/2023\/06\/pngwing.com-2-300x300.png\" alt=\"\" width=\"35\" height=\"35\" \/><\/a><\/td>\n<\/tr>\n<tr>\n<td width=\"189\">Biotechnologies<\/td>\n<td width=\"331\">Biotechnologie et Pathologie Mol\u00e9culaire<\/td>\n<td width=\"57\">Aca<\/td>\n<td width=\"139\"><a href=\"http:\/\/sciences.univ-alger.dz\/wp-content\/uploads\/2022\/12\/Canevas-Master-Biotechnologie-et-Pathologie-Moleculaire-1-Copier.pdf\"><img decoding=\"async\" class=\"\" src=\"http:\/\/sciences.univ-alger.dz\/wp-content\/uploads\/2023\/06\/pngwing.com-2-300x300.png\" alt=\"\" width=\"35\" height=\"35\" \/><\/a><\/td>\n<\/tr>\n<tr>\n<td width=\"189\">Sciences alimentaires\n<\/td>\n<td width=\"331\">Qualit\u00e9 des produits et technologie alimentaire<\/td>\n<td width=\"57\">Aca<\/td>\n<td width=\"139\"><a href=\"http:\/\/sciences.univ-alger.dz\/wp-content\/uploads\/2024\/10\/Canevas-Master-academique-Qualite-des-produits-et-technologie-alimentaire-Univ.Alger1_removed.pdf\"><img decoding=\"async\" class=\"\" src=\"http:\/\/sciences.univ-alger.dz\/wp-content\/uploads\/2023\/06\/pngwing.com-2-300x300.png\" alt=\"\" width=\"35\" height=\"35\" \/><\/a><\/td>\n<\/tr>\n<\/tbody>\n<\/table>\t\t\t\t\t\t\t\t<\/div>\n\t\t\t\t<\/div>\n\t\t\t\t\t<\/div>\n\t\t<\/div>\n\t\t\t\t\t<\/div>\n\t\t<\/section>\n\t\t\t\t<\/div>\n\t\t","protected":false},"excerpt":{"rendered":"<p>Carte des formations en Master D\u00e9partement Fili\u00e8re Sp\u00e9cialit\u00e9 Type Offre de formation Architecture Architecture Architecture Aca Informatique Informatique Ing\u00e9nierie des Syst\u00e8mes Informatiques Intelligents Aca R\u00e9seaux et Syst\u00e8mes Embarqu\u00e9s Aca Analyse et Sciences de Donn\u00e9es Aca Math\u00e9matique Math\u00e9matiques appliqu\u00e9es Recherche Op\u00e9rationnelle Aca Math\u00e9matiques Analyse Math\u00e9matique et Applications Aca Sciences de Mati\u00e8re Physique Physique Appliqu\u00e9e Aca Physique [&hellip;]<\/p>\n","protected":false},"author":1,"featured_media":0,"parent":0,"menu_order":0,"comment_status":"closed","ping_status":"closed","template":"elementor_header_footer","meta":{"ocean_post_layout":"","ocean_both_sidebars_style":"","ocean_both_sidebars_content_width":0,"ocean_both_sidebars_sidebars_width":0,"ocean_sidebar":"0","ocean_second_sidebar":"0","ocean_disable_margins":"enable","ocean_add_body_class":"","ocean_shortcode_before_top_bar":"","ocean_shortcode_after_top_bar":"","ocean_shortcode_before_header":"","ocean_shortcode_after_header":"","ocean_has_shortcode":"","ocean_shortcode_after_title":"","ocean_shortcode_before_footer_widgets":"","ocean_shortcode_after_footer_widgets":"","ocean_shortcode_before_footer_bottom":"","ocean_shortcode_after_footer_bottom":"","ocean_display_top_bar":"default","ocean_display_header":"default","ocean_header_style":"","ocean_center_header_left_menu":"0","ocean_custom_header_template":"0","ocean_custom_logo":0,"ocean_custom_retina_logo":0,"ocean_custom_logo_max_width":0,"ocean_custom_logo_tablet_max_width":0,"ocean_custom_logo_mobile_max_width":0,"ocean_custom_logo_max_height":0,"ocean_custom_logo_tablet_max_height":0,"ocean_custom_logo_mobile_max_height":0,"ocean_header_custom_menu":"0","ocean_menu_typo_font_family":"0","ocean_menu_typo_font_subset":"","ocean_menu_typo_font_size":0,"ocean_menu_typo_font_size_tablet":0,"ocean_menu_typo_font_size_mobile":0,"ocean_menu_typo_font_size_unit":"px","ocean_menu_typo_font_weight":"","ocean_menu_typo_font_weight_tablet":"","ocean_menu_typo_font_weight_mobile":"","ocean_menu_typo_transform":"","ocean_menu_typo_transform_tablet":"","ocean_menu_typo_transform_mobile":"","ocean_menu_typo_line_height":0,"ocean_menu_typo_line_height_tablet":0,"ocean_menu_typo_line_height_mobile":0,"ocean_menu_typo_line_height_unit":"","ocean_menu_typo_spacing":0,"ocean_menu_typo_spacing_tablet":0,"ocean_menu_typo_spacing_mobile":0,"ocean_menu_typo_spacing_unit":"","ocean_menu_link_color":"","ocean_menu_link_color_hover":"","ocean_menu_link_color_active":"","ocean_menu_link_background":"","ocean_menu_link_hover_background":"","ocean_menu_link_active_background":"","ocean_menu_social_links_bg":"","ocean_menu_social_hover_links_bg":"","ocean_menu_social_links_color":"","ocean_menu_social_hover_links_color":"","ocean_disable_title":"default","ocean_disable_heading":"default","ocean_post_title":"","ocean_post_subheading":"","ocean_post_title_style":"","ocean_post_title_background_color":"","ocean_post_title_background":0,"ocean_post_title_bg_image_position":"","ocean_post_title_bg_image_attachment":"","ocean_post_title_bg_image_repeat":"","ocean_post_title_bg_image_size":"","ocean_post_title_height":0,"ocean_post_title_bg_overlay":0.5,"ocean_post_title_bg_overlay_color":"","ocean_disable_breadcrumbs":"default","ocean_breadcrumbs_color":"","ocean_breadcrumbs_separator_color":"","ocean_breadcrumbs_links_color":"","ocean_breadcrumbs_links_hover_color":"","ocean_display_footer_widgets":"default","ocean_display_footer_bottom":"default","ocean_custom_footer_template":"0","footnotes":""},"class_list":["post-3252","page","type-page","status-publish","hentry","entry"],"rttpg_featured_image_url":null,"rttpg_author":{"display_name":"Fs_Admina","author_link":"http:\/\/sciences.univ-alger.dz\/?author=1"},"rttpg_comment":0,"rttpg_category":" <a href=\"http:\/\/sciences.univ-alger.dz\/\" rel=\"tag\">Fran\u00e7ais<\/a>","rttpg_excerpt":"Carte des formations en Master D\u00e9partement Fili\u00e8re Sp\u00e9cialit\u00e9 Type Offre de formation Architecture Architecture Architecture Aca Informatique Informatique Ing\u00e9nierie des Syst\u00e8mes Informatiques Intelligents Aca R\u00e9seaux et Syst\u00e8mes Embarqu\u00e9s Aca Analyse et Sciences de Donn\u00e9es Aca Math\u00e9matique Math\u00e9matiques appliqu\u00e9es Recherche Op\u00e9rationnelle Aca Math\u00e9matiques Analyse Math\u00e9matique et Applications Aca Sciences de Mati\u00e8re Physique Physique Appliqu\u00e9e Aca Physique\u2026","_links":{"self":[{"href":"http:\/\/sciences.univ-alger.dz\/index.php?rest_route=\/wp\/v2\/pages\/3252","targetHints":{"allow":["GET"]}}],"collection":[{"href":"http:\/\/sciences.univ-alger.dz\/index.php?rest_route=\/wp\/v2\/pages"}],"about":[{"href":"http:\/\/sciences.univ-alger.dz\/index.php?rest_route=\/wp\/v2\/types\/page"}],"author":[{"embeddable":true,"href":"http:\/\/sciences.univ-alger.dz\/index.php?rest_route=\/wp\/v2\/users\/1"}],"replies":[{"embeddable":true,"href":"http:\/\/sciences.univ-alger.dz\/index.php?rest_route=%2Fwp%2Fv2%2Fcomments&post=3252"}],"version-history":[{"count":22,"href":"http:\/\/sciences.univ-alger.dz\/index.php?rest_route=\/wp\/v2\/pages\/3252\/revisions"}],"predecessor-version":[{"id":9928,"href":"http:\/\/sciences.univ-alger.dz\/index.php?rest_route=\/wp\/v2\/pages\/3252\/revisions\/9928"}],"wp:attachment":[{"href":"http:\/\/sciences.univ-alger.dz\/index.php?rest_route=%2Fwp%2Fv2%2Fmedia&parent=3252"}],"curies":[{"name":"wp","href":"https:\/\/api.w.org\/{rel}","templated":true}]}}