
{"id":3242,"date":"2023-06-11T11:35:24","date_gmt":"2023-06-11T10:35:24","guid":{"rendered":"http:\/\/sciences.univ-alger.dz\/?page_id=3242"},"modified":"2023-06-13T10:32:50","modified_gmt":"2023-06-13T09:32:50","slug":"licence-2","status":"publish","type":"page","link":"http:\/\/sciences.univ-alger.dz\/?page_id=3242","title":{"rendered":"Licence"},"content":{"rendered":"\t\t<div data-elementor-type=\"wp-page\" data-elementor-id=\"3242\" class=\"elementor elementor-3242\" data-elementor-post-type=\"page\">\n\t\t\t\t\t\t<section class=\"elementor-section elementor-top-section elementor-element elementor-element-8fd867b elementor-section-boxed elementor-section-height-default elementor-section-height-default\" data-id=\"8fd867b\" data-element_type=\"section\" data-e-type=\"section\">\n\t\t\t\t\t\t<div class=\"elementor-container elementor-column-gap-default\">\n\t\t\t\t\t<div class=\"elementor-column elementor-col-100 elementor-top-column elementor-element elementor-element-79aa5e3b\" data-id=\"79aa5e3b\" data-element_type=\"column\" data-e-type=\"column\">\n\t\t\t<div class=\"elementor-widget-wrap elementor-element-populated\">\n\t\t\t\t\t\t<div class=\"elementor-element elementor-element-1fa173e2 elementor-widget elementor-widget-heading\" data-id=\"1fa173e2\" data-element_type=\"widget\" data-e-type=\"widget\" data-widget_type=\"heading.default\">\n\t\t\t\t<div class=\"elementor-widget-container\">\n\t\t\t\t\t<h2 class=\"elementor-heading-title elementor-size-large\">Carte des formations en Licence<\/h2>\t\t\t\t<\/div>\n\t\t\t\t<\/div>\n\t\t\t\t<div class=\"elementor-element elementor-element-c4ce907 elementor-widget elementor-widget-text-editor\" data-id=\"c4ce907\" data-element_type=\"widget\" data-e-type=\"widget\" data-widget_type=\"text-editor.default\">\n\t\t\t\t<div class=\"elementor-widget-container\">\n\t\t\t\t\t\t\t\t\t<table><tbody><tr><td width=\"217\"><strong>D\u00e9partement<\/strong><\/td><td width=\"189\"><strong>Fili\u00e8re<\/strong><\/td><td width=\"331\"><strong>Sp\u00e9cialit\u00e9<\/strong><\/td><td width=\"57\"><strong>Type<\/strong><\/td><td width=\"139\"><strong>Offre de formation<\/strong><\/td><\/tr><tr><td width=\"217\">Architecture<\/td><td width=\"189\">Architecture<\/td><td width=\"331\">Architecture<\/td><td width=\"57\">Aca<\/td><td width=\"139\"><a href=\"http:\/\/sciences.univ-alger.dz\/wp-content\/uploads\/2022\/12\/CanevasLICENCEACADEMIQUEAlger1valide2017_2018_removed.pdf\"><img decoding=\"async\" class=\"\" src=\"http:\/\/sciences.univ-alger.dz\/wp-content\/uploads\/2023\/06\/pngwing.com-2-300x300.png\" alt=\"\" width=\"33\" height=\"33\" \/><\/a><\/td><\/tr><tr><td rowspan=\"2\" width=\"217\">Informatique<\/td><td rowspan=\"2\" width=\"189\">Informatique<\/td><td width=\"331\">Syst\u00e8mes Informatiques<\/td><td width=\"57\">Aca<\/td><td width=\"139\"><a href=\"http:\/\/sciences.univ-alger.dz\/wp-content\/uploads\/2022\/12\/SINOUVEAUCANEVAS.pdf\"><img decoding=\"async\" class=\"\" src=\"http:\/\/sciences.univ-alger.dz\/wp-content\/uploads\/2023\/06\/pngwing.com-2-300x300.png\" alt=\"\" width=\"33\" height=\"33\" \/><\/a><\/td><\/tr><tr><td width=\"331\">Ing\u00e9nierie des Syst\u00e8mes d\u2019information et du Logiciel<\/td><td width=\"57\">Aca<\/td><td width=\"139\"><a href=\"http:\/\/sciences.univ-alger.dz\/wp-content\/uploads\/2022\/12\/ISILNOUVEAUCANEVAS.pdf\"><img decoding=\"async\" class=\"\" src=\"http:\/\/sciences.univ-alger.dz\/wp-content\/uploads\/2023\/06\/pngwing.com-2-300x300.png\" alt=\"\" width=\"33\" height=\"33\" \/><\/a><\/td><\/tr><tr><td rowspan=\"2\" width=\"217\">Math\u00e9matique<\/td><td width=\"189\">Math\u00e9matiques<\/td><td width=\"331\">Math\u00e9matiques<\/td><td width=\"57\">Aca<\/td><td width=\"139\"><a href=\"http:\/\/sciences.univ-alger.dz\/wp-content\/uploads\/2022\/12\/MATHSNOUVEAUCANEVAS.pdf\"><img decoding=\"async\" class=\"\" src=\"http:\/\/sciences.univ-alger.dz\/wp-content\/uploads\/2023\/06\/pngwing.com-2-300x300.png\" alt=\"\" width=\"33\" height=\"33\" \/><\/a><\/td><\/tr><tr><td width=\"189\">Math\u00e9matiques appliqu\u00e9es<\/td><td width=\"331\">Math\u00e9matiques appliqu\u00e9es<\/td><td width=\"57\">Aca<\/td><td width=\"139\"><a href=\"http:\/\/sciences.univ-alger.dz\/wp-content\/uploads\/2022\/12\/MATHSAPPLIQUEESNOUVEAUCANEVAS.pdf\"><img decoding=\"async\" class=\"\" src=\"http:\/\/sciences.univ-alger.dz\/wp-content\/uploads\/2023\/06\/pngwing.com-2-300x300.png\" alt=\"\" width=\"33\" height=\"33\" \/><\/a><\/td><\/tr><tr><td rowspan=\"4\" width=\"217\">Sciences de Mati\u00e8re<\/td><td rowspan=\"2\" width=\"189\">Physique<\/td><td width=\"331\">Physique Fondamentale<\/td><td width=\"57\">Aca<\/td><td width=\"139\"><a href=\"http:\/\/sciences.univ-alger.dz\/wp-content\/uploads\/2022\/12\/L3PhysiqueFondamentale.pdf\"><img decoding=\"async\" class=\"\" src=\"http:\/\/sciences.univ-alger.dz\/wp-content\/uploads\/2023\/06\/pngwing.com-2-300x300.png\" alt=\"\" width=\"33\" height=\"33\" \/><\/a><\/td><\/tr><tr><td width=\"331\">Physique Energ\u00e9tique<\/td><td width=\"57\">Aca<\/td><td width=\"139\"><a href=\"http:\/\/sciences.univ-alger.dz\/wp-content\/uploads\/2022\/12\/L3PhysiqueEnergtiqueCPNDSM2018.pdf\"><img decoding=\"async\" class=\"\" src=\"http:\/\/sciences.univ-alger.dz\/wp-content\/uploads\/2023\/06\/pngwing.com-2-300x300.png\" alt=\"\" width=\"33\" height=\"33\" \/><\/a><\/td><\/tr><tr><td rowspan=\"2\" width=\"189\">Chimie<\/td><td width=\"331\">Chimie Analytique<\/td><td width=\"57\">Aca<\/td><td width=\"139\"><a href=\"http:\/\/sciences.univ-alger.dz\/wp-content\/uploads\/2022\/12\/L3_ChimieanalytiqueV_CPNDSM2018.pdf\"><img decoding=\"async\" class=\"\" src=\"http:\/\/sciences.univ-alger.dz\/wp-content\/uploads\/2023\/06\/pngwing.com-2-300x300.png\" alt=\"\" width=\"33\" height=\"33\" \/><\/a><\/td><\/tr><tr><td width=\"331\">Chimie Pharmaceutique<\/td><td width=\"57\">Aca<\/td><td width=\"139\"><a href=\"http:\/\/sciences.univ-alger.dz\/wp-content\/uploads\/2022\/12\/L3_ChimiePharmaceutique_CPNDSM2018.pdf\"><img decoding=\"async\" class=\"\" src=\"http:\/\/sciences.univ-alger.dz\/wp-content\/uploads\/2023\/06\/pngwing.com-2-300x300.png\" alt=\"\" width=\"33\" height=\"33\" \/><\/a><\/td><\/tr><tr><td rowspan=\"5\" width=\"217\">Sciences de la Nature et de la Vie<\/td><td rowspan=\"2\" width=\"189\">Sciences Biologiques<\/td><td width=\"331\">Biochimie<\/td><td width=\"57\">Aca<\/td><td width=\"139\"><a href=\"http:\/\/sciences.univ-alger.dz\/wp-content\/uploads\/2022\/12\/CanevasLicenceBiochimieUnivAlger1removed.pdf\"><img decoding=\"async\" class=\"\" src=\"http:\/\/sciences.univ-alger.dz\/wp-content\/uploads\/2023\/06\/pngwing.com-2-300x300.png\" alt=\"\" width=\"33\" height=\"33\" \/><\/a><\/td><\/tr><tr><td width=\"331\">Microbiologie<\/td><td width=\"57\">Aca<\/td><td width=\"139\"><a href=\"http:\/\/sciences.univ-alger.dz\/wp-content\/uploads\/2022\/12\/CanevasLicenceMicrobiologieSNVAlger1removed.pdf\"><img decoding=\"async\" class=\"\" src=\"http:\/\/sciences.univ-alger.dz\/wp-content\/uploads\/2023\/06\/pngwing.com-2-300x300.png\" alt=\"\" width=\"33\" height=\"33\" \/><\/a><\/td><\/tr><tr><td width=\"189\">Ecologie et Environnement<\/td><td width=\"331\">Ecologie et Environnement<\/td><td width=\"57\">Aca<\/td><td width=\"139\"><a href=\"http:\/\/sciences.univ-alger.dz\/wp-content\/uploads\/2022\/12\/CanevasLicenceEcologieetEnvironnementSNVAlger1_removed.pdf\"><img decoding=\"async\" class=\"\" src=\"http:\/\/sciences.univ-alger.dz\/wp-content\/uploads\/2023\/06\/pngwing.com-2-300x300.png\" alt=\"\" width=\"33\" height=\"33\" \/><\/a><\/td><\/tr><tr><td width=\"189\">Biotechnologies<\/td><td width=\"331\">Biotechnologie et Sant\u00e9<\/td><td width=\"57\">Aca<\/td><td width=\"139\"><a href=\"http:\/\/sciences.univ-alger.dz\/wp-content\/uploads\/2022\/12\/Canevas_BiotechnologieetSant_SNV_Alger1VF2020corrig_removed2.pdf\"><img decoding=\"async\" class=\"\" src=\"http:\/\/sciences.univ-alger.dz\/wp-content\/uploads\/2023\/06\/pngwing.com-2-300x300.png\" alt=\"\" width=\"33\" height=\"33\" \/><\/a><\/td><\/tr><tr><td width=\"189\">Sciences alimentaires<\/td><td width=\"331\">Qualit\u00e9, S\u00e9curit\u00e9 et Technologie alimentaire<\/td><td width=\"57\">Aca<\/td><td width=\"139\"><a href=\"http:\/\/sciences.univ-alger.dz\/wp-content\/uploads\/2022\/12\/Canevas-Qualite-Securite-et-Technologie-alimentaire-2-Copier.pdf\"><img decoding=\"async\" class=\"\" src=\"http:\/\/sciences.univ-alger.dz\/wp-content\/uploads\/2023\/06\/pngwing.com-2-300x300.png\" alt=\"\" width=\"33\" height=\"33\" \/><\/a><\/td><\/tr><\/tbody><\/table>\t\t\t\t\t\t\t\t<\/div>\n\t\t\t\t<\/div>\n\t\t\t\t\t<\/div>\n\t\t<\/div>\n\t\t\t\t\t<\/div>\n\t\t<\/section>\n\t\t\t\t<\/div>\n\t\t","protected":false},"excerpt":{"rendered":"<p>Carte des formations en Licence D\u00e9partement Fili\u00e8re Sp\u00e9cialit\u00e9 Type Offre de formation Architecture Architecture Architecture Aca Informatique Informatique Syst\u00e8mes Informatiques Aca Ing\u00e9nierie des Syst\u00e8mes d\u2019information et du Logiciel Aca Math\u00e9matique Math\u00e9matiques Math\u00e9matiques Aca Math\u00e9matiques appliqu\u00e9es Math\u00e9matiques appliqu\u00e9es Aca Sciences de Mati\u00e8re Physique Physique Fondamentale Aca Physique Energ\u00e9tique Aca Chimie Chimie Analytique Aca Chimie Pharmaceutique Aca [&hellip;]<\/p>\n","protected":false},"author":1,"featured_media":0,"parent":0,"menu_order":0,"comment_status":"closed","ping_status":"closed","template":"elementor_header_footer","meta":{"ocean_post_layout":"","ocean_both_sidebars_style":"","ocean_both_sidebars_content_width":0,"ocean_both_sidebars_sidebars_width":0,"ocean_sidebar":"0","ocean_second_sidebar":"0","ocean_disable_margins":"enable","ocean_add_body_class":"","ocean_shortcode_before_top_bar":"","ocean_shortcode_after_top_bar":"","ocean_shortcode_before_header":"","ocean_shortcode_after_header":"","ocean_has_shortcode":"","ocean_shortcode_after_title":"","ocean_shortcode_before_footer_widgets":"","ocean_shortcode_after_footer_widgets":"","ocean_shortcode_before_footer_bottom":"","ocean_shortcode_after_footer_bottom":"","ocean_display_top_bar":"default","ocean_display_header":"default","ocean_header_style":"","ocean_center_header_left_menu":"0","ocean_custom_header_template":"0","ocean_custom_logo":0,"ocean_custom_retina_logo":0,"ocean_custom_logo_max_width":0,"ocean_custom_logo_tablet_max_width":0,"ocean_custom_logo_mobile_max_width":0,"ocean_custom_logo_max_height":0,"ocean_custom_logo_tablet_max_height":0,"ocean_custom_logo_mobile_max_height":0,"ocean_header_custom_menu":"0","ocean_menu_typo_font_family":"0","ocean_menu_typo_font_subset":"","ocean_menu_typo_font_size":0,"ocean_menu_typo_font_size_tablet":0,"ocean_menu_typo_font_size_mobile":0,"ocean_menu_typo_font_size_unit":"px","ocean_menu_typo_font_weight":"","ocean_menu_typo_font_weight_tablet":"","ocean_menu_typo_font_weight_mobile":"","ocean_menu_typo_transform":"","ocean_menu_typo_transform_tablet":"","ocean_menu_typo_transform_mobile":"","ocean_menu_typo_line_height":0,"ocean_menu_typo_line_height_tablet":0,"ocean_menu_typo_line_height_mobile":0,"ocean_menu_typo_line_height_unit":"","ocean_menu_typo_spacing":0,"ocean_menu_typo_spacing_tablet":0,"ocean_menu_typo_spacing_mobile":0,"ocean_menu_typo_spacing_unit":"","ocean_menu_link_color":"","ocean_menu_link_color_hover":"","ocean_menu_link_color_active":"","ocean_menu_link_background":"","ocean_menu_link_hover_background":"","ocean_menu_link_active_background":"","ocean_menu_social_links_bg":"","ocean_menu_social_hover_links_bg":"","ocean_menu_social_links_color":"","ocean_menu_social_hover_links_color":"","ocean_disable_title":"default","ocean_disable_heading":"default","ocean_post_title":"","ocean_post_subheading":"","ocean_post_title_style":"","ocean_post_title_background_color":"","ocean_post_title_background":0,"ocean_post_title_bg_image_position":"","ocean_post_title_bg_image_attachment":"","ocean_post_title_bg_image_repeat":"","ocean_post_title_bg_image_size":"","ocean_post_title_height":0,"ocean_post_title_bg_overlay":0.5,"ocean_post_title_bg_overlay_color":"","ocean_disable_breadcrumbs":"default","ocean_breadcrumbs_color":"","ocean_breadcrumbs_separator_color":"","ocean_breadcrumbs_links_color":"","ocean_breadcrumbs_links_hover_color":"","ocean_display_footer_widgets":"default","ocean_display_footer_bottom":"default","ocean_custom_footer_template":"0","footnotes":""},"class_list":["post-3242","page","type-page","status-publish","hentry","entry"],"rttpg_featured_image_url":null,"rttpg_author":{"display_name":"Fs_Admina","author_link":"http:\/\/sciences.univ-alger.dz\/?author=1"},"rttpg_comment":0,"rttpg_category":" <a href=\"http:\/\/sciences.univ-alger.dz\/\" rel=\"tag\">Fran\u00e7ais<\/a>","rttpg_excerpt":"Carte des formations en Licence D\u00e9partement Fili\u00e8re Sp\u00e9cialit\u00e9 Type Offre de formation Architecture Architecture Architecture Aca Informatique Informatique Syst\u00e8mes Informatiques Aca Ing\u00e9nierie des Syst\u00e8mes d\u2019information et du Logiciel Aca Math\u00e9matique Math\u00e9matiques Math\u00e9matiques Aca Math\u00e9matiques appliqu\u00e9es Math\u00e9matiques appliqu\u00e9es Aca Sciences de Mati\u00e8re Physique Physique Fondamentale Aca Physique Energ\u00e9tique Aca Chimie Chimie Analytique Aca Chimie Pharmaceutique Aca\u2026","_links":{"self":[{"href":"http:\/\/sciences.univ-alger.dz\/index.php?rest_route=\/wp\/v2\/pages\/3242","targetHints":{"allow":["GET"]}}],"collection":[{"href":"http:\/\/sciences.univ-alger.dz\/index.php?rest_route=\/wp\/v2\/pages"}],"about":[{"href":"http:\/\/sciences.univ-alger.dz\/index.php?rest_route=\/wp\/v2\/types\/page"}],"author":[{"embeddable":true,"href":"http:\/\/sciences.univ-alger.dz\/index.php?rest_route=\/wp\/v2\/users\/1"}],"replies":[{"embeddable":true,"href":"http:\/\/sciences.univ-alger.dz\/index.php?rest_route=%2Fwp%2Fv2%2Fcomments&post=3242"}],"version-history":[{"count":10,"href":"http:\/\/sciences.univ-alger.dz\/index.php?rest_route=\/wp\/v2\/pages\/3242\/revisions"}],"predecessor-version":[{"id":3295,"href":"http:\/\/sciences.univ-alger.dz\/index.php?rest_route=\/wp\/v2\/pages\/3242\/revisions\/3295"}],"wp:attachment":[{"href":"http:\/\/sciences.univ-alger.dz\/index.php?rest_route=%2Fwp%2Fv2%2Fmedia&parent=3242"}],"curies":[{"name":"wp","href":"https:\/\/api.w.org\/{rel}","templated":true}]}}