
{"id":3193,"date":"2023-06-07T10:19:55","date_gmt":"2023-06-07T09:19:55","guid":{"rendered":"http:\/\/sciences.univ-alger.dz\/?page_id=3193"},"modified":"2023-06-07T13:55:35","modified_gmt":"2023-06-07T12:55:35","slug":"le-systeme-lmd","status":"publish","type":"page","link":"http:\/\/sciences.univ-alger.dz\/?page_id=3193","title":{"rendered":"Le syst\u00e8me LMD"},"content":{"rendered":"\t\t<div data-elementor-type=\"wp-page\" data-elementor-id=\"3193\" class=\"elementor elementor-3193\" data-elementor-post-type=\"page\">\n\t\t\t\t\t\t<section class=\"elementor-section elementor-top-section elementor-element elementor-element-122e4557 elementor-section-boxed elementor-section-height-default elementor-section-height-default\" data-id=\"122e4557\" data-element_type=\"section\" data-e-type=\"section\">\n\t\t\t\t\t\t<div class=\"elementor-container elementor-column-gap-default\">\n\t\t\t\t\t<div class=\"elementor-column elementor-col-100 elementor-top-column elementor-element elementor-element-46bff3fd\" data-id=\"46bff3fd\" data-element_type=\"column\" data-e-type=\"column\">\n\t\t\t<div class=\"elementor-widget-wrap elementor-element-populated\">\n\t\t\t\t\t\t<div class=\"elementor-element elementor-element-3337e4b4 elementor-widget elementor-widget-heading\" data-id=\"3337e4b4\" data-element_type=\"widget\" data-e-type=\"widget\" data-widget_type=\"heading.default\">\n\t\t\t\t<div class=\"elementor-widget-container\">\n\t\t\t\t\t<h2 class=\"elementor-heading-title elementor-size-large\">Le syst\u00e8me LMD<\/h2>\t\t\t\t<\/div>\n\t\t\t\t<\/div>\n\t\t\t\t<div class=\"elementor-element elementor-element-64a4052f elementor-widget elementor-widget-text-editor\" data-id=\"64a4052f\" data-element_type=\"widget\" data-e-type=\"widget\" data-widget_type=\"text-editor.default\">\n\t\t\t\t<div class=\"elementor-widget-container\">\n\t\t\t\t\t\t\t\t\t<p><span style=\"color: #ffb432;\"><strong>Qu\u2019est ce que c\u2019est le LMD?<\/strong><\/span><\/p><p>Le LMD est un syst\u00e8me mis en place en Alg\u00e9rie en application du d\u00e9cret ex\u00e9cutif n\u00b004-371 du 21 novembre 2004. Il vise, selon un sch\u00e9ma innovant, l\u2019int\u00e9gration de l\u2019Universit\u00e9 dans le d\u00e9veloppement \u00e9conomique et l\u2019harmonisation du syst\u00e8me d\u2019enseignement sup\u00e9rieur avec le reste du monde.<\/p><p><span style=\"color: #ffb432;\"><strong>Sch\u00e9ma des \u00e9tudes dans le cadre du LMD<\/strong><\/span><\/p><p><img decoding=\"async\" src=\"http:\/\/sciences.univ-alger.dz\/wp-content\/uploads\/2023\/06\/schema_LMD2015.png\" \/><\/p><ul><li>\u00a0L&rsquo;architecture de la formation en syst\u00e8me LMD est fond\u00e9e sur 3 grades :\u00a0<strong>LICENCE &#8211; MASTER &#8211; DOCTORAT<\/strong><\/li><li>Une organisation des formations en\u00a0<strong>semestres<\/strong>\u00a0et en\u00a0<strong>unit\u00e9s d\u2019enseignement (UE)<\/strong>\u00a0capitalisables<\/li><li>La mise en \u0153uvre du syst\u00e8me de\u00a0<strong>cr\u00e9dits<\/strong><\/li><\/ul><p><span style=\"color: #ffb432;\"><strong>Le Semestre<\/strong><\/span><br \/>\u25baLe semestre est la dur\u00e9e p\u00e9riodique des unit\u00e9s de formation :\u00a0<strong>l\u2019unit\u00e9 de base de la formation n\u2019est donc plus l\u2019ann\u00e9e universitaire mais le semestre.<\/strong><br \/>\u25baLes trois cycles de formation sont exprim\u00e9s en semestres<\/p><ul><li>\u00a0<strong>Licence : 6 semestres<\/strong><\/li><li><strong>\u00a0Master : 4 semestres<\/strong><\/li><li><strong>\u00a0Doctorat : 6 semestres<\/strong><\/li><\/ul><p>\u25baLe semestre compte un nombre d\u00e9fini de semaines:<strong>\u00a01 semestre = 15 semaines (enseignements + \u00e9valuation)<\/strong><\/p><p><span style=\"color: #ffb432;\"><strong>Semestre et Cr\u00e9dits<\/strong><\/span><br \/>\u25ba\u00a0Le semestre correspond \u00e0 un volume horaire \u00e9tabli et mesur\u00e9 en cr\u00e9dits.<br \/>\u25ba L\u2019ensemble des UE d\u2019un semestre fait un total de 30 cr\u00e9dits .<br \/>\u25ba Ainsi :<\/p><ul><li style=\"list-style-type: none;\"><ul><li><strong>\u00a01 er cycle = Licence correspond \u00e0 180 cr\u00e9dits<\/strong><\/li><li><strong>\u00a02 \u00e8me cycle = Master \u00e0 120 cr\u00e9dits<\/strong><\/li><li><strong>\u00a03 \u00e8me cycle = Pr\u00e9paration au Doctorat<\/strong><\/li><\/ul><\/li><\/ul><p><span style=\"color: #ffb432;\"><strong>L\u2019Unit\u00e9 d\u2019Enseignement (UE)<br \/><\/strong><\/span>\u25baUnit\u00e9 de base d\u2019un parcours de formation = subdivision autonome et coh\u00e9rente \u00e0 l\u2019int\u00e9rieur d\u2019un programme d\u2019\u00e9tudes<br \/>\u25baMode d\u2019enseignement :<\/p><ul><li style=\"list-style-type: none;\"><ul><li>Cours magistral, travaux dirig\u00e9s, travaux pratiques, travaux de terrain, recherche, etc.<\/li><li>ou la combinaison de ces diff\u00e9rentes formes.<\/li><\/ul><\/li><\/ul><p>\u25ba Sa valeur est d\u00e9finie en cr\u00e9dits.<br \/>\u25ba Elle est codifi\u00e9e et num\u00e9rot\u00e9e.<br \/>\u25ba Mode de validation et promotion :<\/p><ul><li style=\"list-style-type: none;\"><ul><li>Obtenir moyenne requise pour l\u2019UE<\/li><li>Capitaliser toutes UE requises pour obtenir dipl\u00f4me ou grade<\/li><\/ul><\/li><\/ul><div>\u00a0<span style=\"color: #ffb432;\"><strong>Le Cr\u00e9dit<\/strong><\/span><br \/>\u25ba Unit\u00e9 d\u00e9terminant la valeur d\u2019une UE et la charge de travail totale (CTT) requise pour atteindre les objectifs de l\u2019UE.<br \/>\u25ba\u00a0<strong>1 cr\u00e9dit = 20 heures<\/strong>\u00a0de CTT pour l\u2019\u00e9tudiant : cours, TD, TP, recherche, stage et travail personnel.<br \/>\u25ba Un semestre comporte 30 cr\u00e9dits:<\/div><ul><li style=\"list-style-type: none;\"><ul><li>soit 600 heures de CTT pour l\u2019\u00e9tudiant<\/li><li>soit un maximum de 360 heures d\u2019enseignement pr\u00e9sentiel \/ semestre (exceptionnellement 420H)<\/li><li>l\u2019enseignement pr\u00e9sentiel = 30 heures \/ semaine maximum (exceptionnellement 35H)<\/li><\/ul><\/li><\/ul><p><span style=\"color: #ffb432;\"><strong>Qu\u2019est-ce qu\u2019un parcours ?<\/strong><\/span><\/p><p>\u25ba C\u2019est la voie choisie par l\u2019\u00e9tudiant pour r\u00e9aliser son projet de formation.<\/p><p>\u25ba Le jeu des UE obligatoires, optionnels et libres lui donne la possibilit\u00e9 de se choisir un chemin personnel.<\/p><p><span style=\"color: #ffb432;\"><strong>R\u00e9partition des UE en cours de formation<\/strong><\/span><\/p><ul><li><strong>Niveau 1 : Finalit\u00e9 = Fondements (UEF) :\u00a0<\/strong>connaissances de base indispensables<\/li><li><strong>Niveau 2 : finalit\u00e9 = Approfondissement (UEM)\u00a0 :\u00a0<\/strong>connaissances essentielles pour le parcours<\/li><li><strong>Niveau 3 : Finalit\u00e9 = Sp\u00e9cialit\u00e9 (UED) :\u00a0\u00a0<\/strong>enseignements \u21d2 mentions du dipl\u00f4me<\/li><li><strong>Niveau 4 : Finalit\u00e9 = Compl\u00e9ments (UET) :\u00a0<\/strong>compl\u00e9mentaires de la majeure ou des mineures<\/li><\/ul><p>\u00a0<\/p><p style=\"text-align: center;\"><a href=\"http:\/\/sciences.univ-alger.dz\/wp-content\/uploads\/2023\/06\/Guide_LMD-1.pdf\"><img decoding=\"async\" class=\"\" src=\"http:\/\/sciences.univ-alger.dz\/wp-content\/uploads\/2023\/06\/pngwing.com-2-300x300.png\" alt=\"\" width=\"59\" height=\"59\" \/><\/a><\/p><p style=\"text-align: center;\"><a href=\"http:\/\/sciences.univ-alger.dz\/wp-content\/uploads\/2023\/06\/Guide_LMD-1.pdf\"><span style=\"color: #ff1703;\"><strong>T\u00e9l\u00e9charger le guide du LMD<\/strong><\/span><\/a><\/p>\t\t\t\t\t\t\t\t<\/div>\n\t\t\t\t<\/div>\n\t\t\t\t\t<\/div>\n\t\t<\/div>\n\t\t\t\t\t<\/div>\n\t\t<\/section>\n\t\t\t\t<\/div>\n\t\t","protected":false},"excerpt":{"rendered":"<p>Le syst\u00e8me LMD Qu\u2019est ce que c\u2019est le LMD? Le LMD est un syst\u00e8me mis en place en Alg\u00e9rie en application du d\u00e9cret ex\u00e9cutif n\u00b004-371 du 21 novembre 2004. Il vise, selon un sch\u00e9ma innovant, l\u2019int\u00e9gration de l\u2019Universit\u00e9 dans le d\u00e9veloppement \u00e9conomique et l\u2019harmonisation du syst\u00e8me d\u2019enseignement sup\u00e9rieur avec le reste du monde. Sch\u00e9ma des [&hellip;]<\/p>\n","protected":false},"author":1,"featured_media":0,"parent":0,"menu_order":0,"comment_status":"closed","ping_status":"closed","template":"elementor_header_footer","meta":{"ocean_post_layout":"","ocean_both_sidebars_style":"","ocean_both_sidebars_content_width":0,"ocean_both_sidebars_sidebars_width":0,"ocean_sidebar":"0","ocean_second_sidebar":"0","ocean_disable_margins":"enable","ocean_add_body_class":"","ocean_shortcode_before_top_bar":"","ocean_shortcode_after_top_bar":"","ocean_shortcode_before_header":"","ocean_shortcode_after_header":"","ocean_has_shortcode":"","ocean_shortcode_after_title":"","ocean_shortcode_before_footer_widgets":"","ocean_shortcode_after_footer_widgets":"","ocean_shortcode_before_footer_bottom":"","ocean_shortcode_after_footer_bottom":"","ocean_display_top_bar":"default","ocean_display_header":"default","ocean_header_style":"","ocean_center_header_left_menu":"0","ocean_custom_header_template":"0","ocean_custom_logo":0,"ocean_custom_retina_logo":0,"ocean_custom_logo_max_width":0,"ocean_custom_logo_tablet_max_width":0,"ocean_custom_logo_mobile_max_width":0,"ocean_custom_logo_max_height":0,"ocean_custom_logo_tablet_max_height":0,"ocean_custom_logo_mobile_max_height":0,"ocean_header_custom_menu":"0","ocean_menu_typo_font_family":"0","ocean_menu_typo_font_subset":"","ocean_menu_typo_font_size":0,"ocean_menu_typo_font_size_tablet":0,"ocean_menu_typo_font_size_mobile":0,"ocean_menu_typo_font_size_unit":"px","ocean_menu_typo_font_weight":"","ocean_menu_typo_font_weight_tablet":"","ocean_menu_typo_font_weight_mobile":"","ocean_menu_typo_transform":"","ocean_menu_typo_transform_tablet":"","ocean_menu_typo_transform_mobile":"","ocean_menu_typo_line_height":0,"ocean_menu_typo_line_height_tablet":0,"ocean_menu_typo_line_height_mobile":0,"ocean_menu_typo_line_height_unit":"","ocean_menu_typo_spacing":0,"ocean_menu_typo_spacing_tablet":0,"ocean_menu_typo_spacing_mobile":0,"ocean_menu_typo_spacing_unit":"","ocean_menu_link_color":"","ocean_menu_link_color_hover":"","ocean_menu_link_color_active":"","ocean_menu_link_background":"","ocean_menu_link_hover_background":"","ocean_menu_link_active_background":"","ocean_menu_social_links_bg":"","ocean_menu_social_hover_links_bg":"","ocean_menu_social_links_color":"","ocean_menu_social_hover_links_color":"","ocean_disable_title":"default","ocean_disable_heading":"default","ocean_post_title":"","ocean_post_subheading":"","ocean_post_title_style":"","ocean_post_title_background_color":"","ocean_post_title_background":0,"ocean_post_title_bg_image_position":"","ocean_post_title_bg_image_attachment":"","ocean_post_title_bg_image_repeat":"","ocean_post_title_bg_image_size":"","ocean_post_title_height":0,"ocean_post_title_bg_overlay":0.5,"ocean_post_title_bg_overlay_color":"","ocean_disable_breadcrumbs":"default","ocean_breadcrumbs_color":"","ocean_breadcrumbs_separator_color":"","ocean_breadcrumbs_links_color":"","ocean_breadcrumbs_links_hover_color":"","ocean_display_footer_widgets":"default","ocean_display_footer_bottom":"default","ocean_custom_footer_template":"0","footnotes":""},"class_list":["post-3193","page","type-page","status-publish","hentry","entry"],"rttpg_featured_image_url":null,"rttpg_author":{"display_name":"Fs_Admina","author_link":"http:\/\/sciences.univ-alger.dz\/?author=1"},"rttpg_comment":0,"rttpg_category":" <a href=\"http:\/\/sciences.univ-alger.dz\/\" rel=\"tag\">Fran\u00e7ais<\/a>","rttpg_excerpt":"Le syst\u00e8me LMD Qu\u2019est ce que c\u2019est le LMD? Le LMD est un syst\u00e8me mis en place en Alg\u00e9rie en application du d\u00e9cret ex\u00e9cutif n\u00b004-371 du 21 novembre 2004. Il vise, selon un sch\u00e9ma innovant, l\u2019int\u00e9gration de l\u2019Universit\u00e9 dans le d\u00e9veloppement \u00e9conomique et l\u2019harmonisation du syst\u00e8me d\u2019enseignement sup\u00e9rieur avec le reste du monde. Sch\u00e9ma des\u2026","_links":{"self":[{"href":"http:\/\/sciences.univ-alger.dz\/index.php?rest_route=\/wp\/v2\/pages\/3193","targetHints":{"allow":["GET"]}}],"collection":[{"href":"http:\/\/sciences.univ-alger.dz\/index.php?rest_route=\/wp\/v2\/pages"}],"about":[{"href":"http:\/\/sciences.univ-alger.dz\/index.php?rest_route=\/wp\/v2\/types\/page"}],"author":[{"embeddable":true,"href":"http:\/\/sciences.univ-alger.dz\/index.php?rest_route=\/wp\/v2\/users\/1"}],"replies":[{"embeddable":true,"href":"http:\/\/sciences.univ-alger.dz\/index.php?rest_route=%2Fwp%2Fv2%2Fcomments&post=3193"}],"version-history":[{"count":29,"href":"http:\/\/sciences.univ-alger.dz\/index.php?rest_route=\/wp\/v2\/pages\/3193\/revisions"}],"predecessor-version":[{"id":3245,"href":"http:\/\/sciences.univ-alger.dz\/index.php?rest_route=\/wp\/v2\/pages\/3193\/revisions\/3245"}],"wp:attachment":[{"href":"http:\/\/sciences.univ-alger.dz\/index.php?rest_route=%2Fwp%2Fv2%2Fmedia&parent=3193"}],"curies":[{"name":"wp","href":"https:\/\/api.w.org\/{rel}","templated":true}]}}