
{"id":29,"date":"2022-05-19T11:52:50","date_gmt":"2022-05-19T09:52:50","guid":{"rendered":"http:\/\/193.194.83.112\/?page_id=29"},"modified":"2025-02-16T11:12:58","modified_gmt":"2025-02-16T10:12:58","slug":"departement-darchitecture","status":"publish","type":"page","link":"http:\/\/sciences.univ-alger.dz\/?page_id=29","title":{"rendered":"D\u00e9partement d\u2019Architecture"},"content":{"rendered":"\t\t<div data-elementor-type=\"wp-page\" data-elementor-id=\"29\" class=\"elementor elementor-29\" data-elementor-post-type=\"page\">\n\t\t\t\t\t\t<section class=\"elementor-section elementor-top-section elementor-element elementor-element-7e77f268 elementor-section-stretched elementor-section-boxed elementor-section-height-default elementor-section-height-default\" data-id=\"7e77f268\" data-element_type=\"section\" data-e-type=\"section\" data-settings=\"{&quot;stretch_section&quot;:&quot;section-stretched&quot;,&quot;background_background&quot;:&quot;classic&quot;}\">\n\t\t\t\t\t\t<div class=\"elementor-container elementor-column-gap-default\">\n\t\t\t\t\t<div class=\"elementor-column elementor-col-100 elementor-top-column elementor-element elementor-element-57249891\" data-id=\"57249891\" data-element_type=\"column\" data-e-type=\"column\">\n\t\t\t<div class=\"elementor-widget-wrap elementor-element-populated\">\n\t\t\t\t\t\t<div class=\"elementor-element elementor-element-e728a30 premium-header-block elementor-widget elementor-widget-premium-addon-dual-header\" data-id=\"e728a30\" data-element_type=\"widget\" data-e-type=\"widget\" data-settings=\"{&quot;_animation_tablet&quot;:&quot;none&quot;,&quot;_animation_mobile&quot;:&quot;none&quot;}\" data-widget_type=\"premium-addon-dual-header.default\">\n\t\t\t\t<div class=\"elementor-widget-container\">\n\t\t\t\t\t\r\n\t\t\t\t\t<h1 class=\"premium-dual-header-first-header \"><span class=\"premium-dual-header-first-span\">D\u00e9partement <\/span><span class=\"premium-dual-header-second-header \">Architecture<\/span><\/h1> \t\t\r\n\t\t\t\t\t\t<\/div>\n\t\t\t\t<\/div>\n\t\t\t\t<div class=\"elementor-element elementor-element-16a315c elementor-widget-divider--view-line elementor-widget elementor-widget-divider\" data-id=\"16a315c\" data-element_type=\"widget\" data-e-type=\"widget\" data-settings=\"{&quot;_animation_tablet&quot;:&quot;none&quot;,&quot;_animation_mobile&quot;:&quot;none&quot;}\" data-widget_type=\"divider.default\">\n\t\t\t\t<div class=\"elementor-widget-container\">\n\t\t\t\t\t\t\t<div class=\"elementor-divider\">\n\t\t\t<span class=\"elementor-divider-separator\">\n\t\t\t\t\t\t<\/span>\n\t\t<\/div>\n\t\t\t\t\t\t<\/div>\n\t\t\t\t<\/div>\n\t\t\t\t<section class=\"elementor-section elementor-inner-section elementor-element elementor-element-cff5eb1 elementor-section-boxed elementor-section-height-default elementor-section-height-default\" data-id=\"cff5eb1\" data-element_type=\"section\" data-e-type=\"section\">\n\t\t\t\t\t\t<div class=\"elementor-container elementor-column-gap-default\">\n\t\t\t\t\t<div class=\"elementor-column elementor-col-25 elementor-inner-column elementor-element elementor-element-26d01756\" data-id=\"26d01756\" data-element_type=\"column\" data-e-type=\"column\">\n\t\t\t<div class=\"elementor-widget-wrap elementor-element-populated\">\n\t\t\t\t\t\t<div class=\"elementor-element elementor-element-c010582 elementor-widget elementor-widget-premium-addon-button\" data-id=\"c010582\" data-element_type=\"widget\" data-e-type=\"widget\" data-settings=\"{&quot;_animation_tablet&quot;:&quot;none&quot;,&quot;_animation_mobile&quot;:&quot;none&quot;}\" data-widget_type=\"premium-addon-button.default\">\n\t\t\t\t<div class=\"elementor-widget-container\">\n\t\t\t\t\t\r\n\r\n\t\t<a class=\"premium-button premium-button-style2 premium-btn-block premium-button-style2-scshutoutver\" href=\"http:\/\/sciences.univ-alger.dz\/?page_id=267\">\r\n\t\t\t<div class=\"premium-button-text-icon-wrapper\">\r\n\t\t\t\t\r\n\t\t\t\t\t\t\t\t\t<span >\r\n\t\t\t\t\t\tOffres de formations\t\t\t\t\t<\/span>\r\n\t\t\t\t\r\n\t\t\t\t\t\t\t<\/div>\r\n\r\n\t\t\t\r\n\t\t\t\r\n\t\t\t\r\n\t\t<\/a>\r\n\r\n\r\n\t\t\t\t\t\t<\/div>\n\t\t\t\t<\/div>\n\t\t\t\t<div class=\"elementor-element elementor-element-d2dbf61 elementor-widget elementor-widget-premium-addon-button\" data-id=\"d2dbf61\" data-element_type=\"widget\" data-e-type=\"widget\" data-settings=\"{&quot;_animation_tablet&quot;:&quot;none&quot;,&quot;_animation_mobile&quot;:&quot;none&quot;}\" data-widget_type=\"premium-addon-button.default\">\n\t\t\t\t<div class=\"elementor-widget-container\">\n\t\t\t\t\t\r\n\r\n\t\t<a class=\"premium-button premium-button-style2 premium-btn-block premium-button-style2-scshutoutver\" href=\"http:\/\/sciences.univ-alger.dz\/?page_id=12409\">\r\n\t\t\t<div class=\"premium-button-text-icon-wrapper\">\r\n\t\t\t\t\r\n\t\t\t\t\t\t\t\t\t<span >\r\n\t\t\t\t\t\tE-scolarit\u00e9\t\t\t\t\t<\/span>\r\n\t\t\t\t\r\n\t\t\t\t\t\t\t<\/div>\r\n\r\n\t\t\t\r\n\t\t\t\r\n\t\t\t\r\n\t\t<\/a>\r\n\r\n\r\n\t\t\t\t\t\t<\/div>\n\t\t\t\t<\/div>\n\t\t\t\t\t<\/div>\n\t\t<\/div>\n\t\t\t\t<div class=\"elementor-column elementor-col-25 elementor-inner-column elementor-element elementor-element-5a53ec6c\" data-id=\"5a53ec6c\" data-element_type=\"column\" data-e-type=\"column\">\n\t\t\t<div class=\"elementor-widget-wrap elementor-element-populated\">\n\t\t\t\t\t\t<div class=\"elementor-element elementor-element-66c2515 elementor-widget elementor-widget-premium-addon-button\" data-id=\"66c2515\" data-element_type=\"widget\" data-e-type=\"widget\" data-settings=\"{&quot;_animation_tablet&quot;:&quot;none&quot;,&quot;_animation_mobile&quot;:&quot;none&quot;}\" data-widget_type=\"premium-addon-button.default\">\n\t\t\t\t<div class=\"elementor-widget-container\">\n\t\t\t\t\t\r\n\r\n\t\t<a class=\"premium-button premium-button-style2 premium-btn-block premium-button-style2-scshutoutver\" href=\"http:\/\/sciences.univ-alger.dz\/?page_id=269\">\r\n\t\t\t<div class=\"premium-button-text-icon-wrapper\">\r\n\t\t\t\t\r\n\t\t\t\t\t\t\t\t\t<span >\r\n\t\t\t\t\t\tEmplois du temps\t\t\t\t\t<\/span>\r\n\t\t\t\t\r\n\t\t\t\t\t\t\t<\/div>\r\n\r\n\t\t\t\r\n\t\t\t\r\n\t\t\t\r\n\t\t<\/a>\r\n\r\n\r\n\t\t\t\t\t\t<\/div>\n\t\t\t\t<\/div>\n\t\t\t\t<div class=\"elementor-element elementor-element-8e598c3 elementor-widget elementor-widget-premium-addon-button\" data-id=\"8e598c3\" data-element_type=\"widget\" data-e-type=\"widget\" data-settings=\"{&quot;_animation_tablet&quot;:&quot;none&quot;,&quot;_animation_mobile&quot;:&quot;none&quot;}\" data-widget_type=\"premium-addon-button.default\">\n\t\t\t\t<div class=\"elementor-widget-container\">\n\t\t\t\t\t\r\n\r\n\t\t<a class=\"premium-button premium-button-style2 premium-btn-block premium-button-style2-scshutoutver\" href=\"http:\/\/sciences.univ-alger.dz\/?page_id=4019\">\r\n\t\t\t<div class=\"premium-button-text-icon-wrapper\">\r\n\t\t\t\t\r\n\t\t\t\t\t\t\t\t\t<span >\r\n\t\t\t\t\t\tListe des \u00e9tudiants\t\t\t\t\t<\/span>\r\n\t\t\t\t\r\n\t\t\t\t\t\t\t<\/div>\r\n\r\n\t\t\t\r\n\t\t\t\r\n\t\t\t\r\n\t\t<\/a>\r\n\r\n\r\n\t\t\t\t\t\t<\/div>\n\t\t\t\t<\/div>\n\t\t\t\t\t<\/div>\n\t\t<\/div>\n\t\t\t\t<div class=\"elementor-column elementor-col-25 elementor-inner-column elementor-element elementor-element-5e2c2543\" data-id=\"5e2c2543\" data-element_type=\"column\" data-e-type=\"column\">\n\t\t\t<div class=\"elementor-widget-wrap elementor-element-populated\">\n\t\t\t\t\t\t<div class=\"elementor-element elementor-element-1531abf elementor-widget elementor-widget-premium-addon-button\" data-id=\"1531abf\" data-element_type=\"widget\" data-e-type=\"widget\" data-settings=\"{&quot;_animation_tablet&quot;:&quot;none&quot;,&quot;_animation_mobile&quot;:&quot;none&quot;}\" data-widget_type=\"premium-addon-button.default\">\n\t\t\t\t<div class=\"elementor-widget-container\">\n\t\t\t\t\t\r\n\r\n\t\t<a class=\"premium-button premium-button-style2 premium-btn-block premium-button-style2-scshutoutver\" href=\"http:\/\/sciences.univ-alger.dz\/?page_id=271\">\r\n\t\t\t<div class=\"premium-button-text-icon-wrapper\">\r\n\t\t\t\t\r\n\t\t\t\t\t\t\t\t\t<span >\r\n\t\t\t\t\t\tExamens\t\t\t\t\t<\/span>\r\n\t\t\t\t\r\n\t\t\t\t\t\t\t<\/div>\r\n\r\n\t\t\t\r\n\t\t\t\r\n\t\t\t\r\n\t\t<\/a>\r\n\r\n\r\n\t\t\t\t\t\t<\/div>\n\t\t\t\t<\/div>\n\t\t\t\t<div class=\"elementor-element elementor-element-7232d0b elementor-widget elementor-widget-premium-addon-button\" data-id=\"7232d0b\" data-element_type=\"widget\" data-e-type=\"widget\" data-settings=\"{&quot;_animation_tablet&quot;:&quot;none&quot;,&quot;_animation_mobile&quot;:&quot;none&quot;}\" data-widget_type=\"premium-addon-button.default\">\n\t\t\t\t<div class=\"elementor-widget-container\">\n\t\t\t\t\t\r\n\r\n\t\t<a class=\"premium-button premium-button-style2 premium-btn-block premium-button-style2-scshutoutver\" href=\"http:\/\/sciences.univ-alger.dz\/?page_id=6887\">\r\n\t\t\t<div class=\"premium-button-text-icon-wrapper\">\r\n\t\t\t\t\r\n\t\t\t\t\t\t\t\t\t<span >\r\n\t\t\t\t\t\tFormulaires \t\t\t\t\t<\/span>\r\n\t\t\t\t\r\n\t\t\t\t\t\t\t<\/div>\r\n\r\n\t\t\t\r\n\t\t\t\r\n\t\t\t\r\n\t\t<\/a>\r\n\r\n\r\n\t\t\t\t\t\t<\/div>\n\t\t\t\t<\/div>\n\t\t\t\t\t<\/div>\n\t\t<\/div>\n\t\t\t\t<div class=\"elementor-column elementor-col-25 elementor-inner-column elementor-element elementor-element-36e11e88\" data-id=\"36e11e88\" data-element_type=\"column\" data-e-type=\"column\">\n\t\t\t<div class=\"elementor-widget-wrap elementor-element-populated\">\n\t\t\t\t\t\t<div class=\"elementor-element elementor-element-b73fc5e elementor-widget elementor-widget-premium-addon-button\" data-id=\"b73fc5e\" data-element_type=\"widget\" data-e-type=\"widget\" data-settings=\"{&quot;_animation_tablet&quot;:&quot;none&quot;,&quot;_animation_mobile&quot;:&quot;none&quot;}\" data-widget_type=\"premium-addon-button.default\">\n\t\t\t\t<div class=\"elementor-widget-container\">\n\t\t\t\t\t\r\n\r\n\t\t<a class=\"premium-button premium-button-style2 premium-btn-block premium-button-style2-scshutoutver\" href=\"http:\/\/sciences.univ-alger.dz\/?page_id=273\">\r\n\t\t\t<div class=\"premium-button-text-icon-wrapper\">\r\n\t\t\t\t\r\n\t\t\t\t\t\t\t\t\t<span >\r\n\t\t\t\t\t\tD\u00e9lib\u00e9rations\t\t\t\t\t<\/span>\r\n\t\t\t\t\r\n\t\t\t\t\t\t\t<\/div>\r\n\r\n\t\t\t\r\n\t\t\t\r\n\t\t\t\r\n\t\t<\/a>\r\n\r\n\r\n\t\t\t\t\t\t<\/div>\n\t\t\t\t<\/div>\n\t\t\t\t<div class=\"elementor-element elementor-element-d038ed1 elementor-widget elementor-widget-premium-addon-button\" data-id=\"d038ed1\" data-element_type=\"widget\" data-e-type=\"widget\" data-settings=\"{&quot;_animation_tablet&quot;:&quot;none&quot;,&quot;_animation_mobile&quot;:&quot;none&quot;}\" data-widget_type=\"premium-addon-button.default\">\n\t\t\t\t<div class=\"elementor-widget-container\">\n\t\t\t\t\t\r\n\r\n\t\t<a class=\"premium-button premium-button-style2 premium-btn-block premium-button-style2-scshutoutver\" href=\"http:\/\/sciences.univ-alger.dz\/?page_id=10176\">\r\n\t\t\t<div class=\"premium-button-text-icon-wrapper\">\r\n\t\t\t\t\r\n\t\t\t\t\t\t\t\t\t<span >\r\n\t\t\t\t\t\tSoutenance\t\t\t\t\t<\/span>\r\n\t\t\t\t\r\n\t\t\t\t\t\t\t<\/div>\r\n\r\n\t\t\t\r\n\t\t\t\r\n\t\t\t\r\n\t\t<\/a>\r\n\r\n\r\n\t\t\t\t\t\t<\/div>\n\t\t\t\t<\/div>\n\t\t\t\t\t<\/div>\n\t\t<\/div>\n\t\t\t\t\t<\/div>\n\t\t<\/section>\n\t\t\t\t\t<\/div>\n\t\t<\/div>\n\t\t\t\t\t<\/div>\n\t\t<\/section>\n\t\t\t\t<section class=\"elementor-section elementor-top-section elementor-element elementor-element-798fe33a elementor-section-boxed elementor-section-height-default elementor-section-height-default\" data-id=\"798fe33a\" data-element_type=\"section\" data-e-type=\"section\">\n\t\t\t\t\t\t<div class=\"elementor-container elementor-column-gap-default\">\n\t\t\t\t\t<div class=\"elementor-column elementor-col-100 elementor-top-column elementor-element elementor-element-3af0a23e\" data-id=\"3af0a23e\" data-element_type=\"column\" data-e-type=\"column\">\n\t\t\t<div class=\"elementor-widget-wrap elementor-element-populated\">\n\t\t\t\t\t\t<section class=\"elementor-section elementor-inner-section elementor-element elementor-element-7d141d60 elementor-section-boxed elementor-section-height-default elementor-section-height-default\" data-id=\"7d141d60\" data-element_type=\"section\" data-e-type=\"section\">\n\t\t\t\t\t\t<div class=\"elementor-container elementor-column-gap-default\">\n\t\t\t\t\t<div class=\"elementor-column elementor-col-33 elementor-inner-column elementor-element elementor-element-6e89134c\" data-id=\"6e89134c\" data-element_type=\"column\" data-e-type=\"column\">\n\t\t\t<div class=\"elementor-widget-wrap\">\n\t\t\t\t\t\t\t<\/div>\n\t\t<\/div>\n\t\t\t\t<div class=\"elementor-column elementor-col-33 elementor-inner-column elementor-element elementor-element-ed0f124\" data-id=\"ed0f124\" data-element_type=\"column\" data-e-type=\"column\">\n\t\t\t<div class=\"elementor-widget-wrap elementor-element-populated\">\n\t\t\t\t\t\t<div class=\"elementor-element elementor-element-4f516f20 animated-fast premium-title-icon-row elementor-invisible elementor-widget elementor-widget-premium-addon-title\" data-id=\"4f516f20\" data-element_type=\"widget\" data-e-type=\"widget\" data-settings=\"{&quot;_animation_tablet&quot;:&quot;none&quot;,&quot;_animation_mobile&quot;:&quot;none&quot;,&quot;shining_animation_duration&quot;:1,&quot;_animation&quot;:&quot;fadeIn&quot;}\" data-widget_type=\"premium-addon-title.default\">\n\t\t\t\t<div class=\"elementor-widget-container\">\n\t\t\t\t\t\r\n\t\t<div class=\"premium-title-container style8\">\r\n\t\t\t<h3 class=\"premium-title-header premium-title-style8\">\r\n\t\t\t\t\r\n\t\t\t\t\t\t\t\t\t\t\t\t\t\t\t\t\t\t\t\t\t\t<img decoding=\"async\" class=\"premium-title-icon\" src=\"http:\/\/sciences.univ-alger.dz\/wp-content\/uploads\/2024\/06\/logo-facebook.png\" alt=\"logo-facebook\"><\/span>\r\n\t\t\t\t\t\t\t\t\t\t\t\t\t\t\t\r\n\t\t\t\t\t\t\t\t\t\t\t\t<span class=\"premium-title-text\" data-shiny-delay=\"1.5\" data-shiny-dur=\"1\" >\r\n\t\t\t\t\tLa Page Facebook du D\u00e9partement\t\t\t\t<\/span>\r\n\t\t\t\t\t\r\n\t\t\t\t\t\t\t\t\t\t\t\t\t<a href=\"https:\/\/www.facebook.com\/profile.php?id=61551663490696\"><\/a>\r\n\t\t\t\t\t\t\t<\/h3>\r\n\t\t<\/div>\r\n\r\n\t\t\t\t\t\t<\/div>\n\t\t\t\t<\/div>\n\t\t\t\t\t<\/div>\n\t\t<\/div>\n\t\t\t\t<div class=\"elementor-column elementor-col-33 elementor-inner-column elementor-element elementor-element-53a7ad0f\" data-id=\"53a7ad0f\" data-element_type=\"column\" data-e-type=\"column\">\n\t\t\t<div class=\"elementor-widget-wrap\">\n\t\t\t\t\t\t\t<\/div>\n\t\t<\/div>\n\t\t\t\t\t<\/div>\n\t\t<\/section>\n\t\t\t\t\t<\/div>\n\t\t<\/div>\n\t\t\t\t\t<\/div>\n\t\t<\/section>\n\t\t\t\t<section class=\"elementor-section elementor-top-section elementor-element elementor-element-30edf9df elementor-section-boxed elementor-section-height-default elementor-section-height-default\" data-id=\"30edf9df\" data-element_type=\"section\" data-e-type=\"section\">\n\t\t\t\t\t\t<div class=\"elementor-container elementor-column-gap-default\">\n\t\t\t\t\t<div class=\"elementor-column elementor-col-100 elementor-top-column elementor-element elementor-element-4a30e403\" data-id=\"4a30e403\" data-element_type=\"column\" data-e-type=\"column\">\n\t\t\t<div class=\"elementor-widget-wrap elementor-element-populated\">\n\t\t\t\t\t\t<div class=\"elementor-element elementor-element-4c5ee311 tpg-wrapper-align-center section-title-style-default title_position_default title_hover_border_default title-default img_hover_animation_default grid-hover-overlay-type-always tpg-el-box-border-enable tpg-border-bottom-disable elementor-widget elementor-widget-tpg-grid-layout\" data-id=\"4c5ee311\" data-element_type=\"widget\" data-e-type=\"widget\" data-widget_type=\"tpg-grid-layout.default\">\n\t\t\t\t<div class=\"elementor-widget-container\">\n\t\t\t\t\t\t\t<div class=\"rt-container-fluid rt-tpg-container tpg-el-main-wrapper clearfix grid-layout1-main \"\n\t\t\t id=\"rt-tpg-container-1924955402\"\n\t\t\t data-layout=\"grid-layout1\"\n\t\t\t data-grid-style=\"tpg-full-height\"\n\t\t\t data-sc-id=\"elementor\"\n\t\t\t data-el-settings=''\n\t\t\t data-el-query=''\n\t\t\t data-el-path=''\n\t\t>\n\n\t\t\t\t\t\t<div class='tpg-header-wrapper '>\n\t\t\t\t\n\t\t<div class=\"tpg-widget-heading-wrapper rt-clear heading-default \">\n\t\t\t<span class=\"tpg-widget-heading-line line-left\"><\/span>\n\t\t\t<h2 class='tpg-widget-heading'>\n\t\t\t\n\t\t\t\t\t\t\t\t\t<span>\n\t\t\t\t\t\t Actualit\u00e9s du d\u00e9partement\t\t\t\t\t<\/span>\n\t\t\t\t\t\n\t\t\t\t\t\t\t<\/h2>\t\t\t<span class=\"tpg-widget-heading-line line-right\"><\/span>\n\n\t\t\t\n\t\t<\/div>\n\n\t\t\n\t\t\t\t\t<\/div>\n\n\t\t\t<div data-title=\"Loading ...\" class=\"rt-row rt-content-loader grid-layout1 grid-behaviour tpg-full-height grid_layout_wrapper\">\n\t\t\t\t<div class=\"rt-col-md-3 rt-col-sm-6 rt-col-xs-12 default rt-grid-item post-15700 post type-post status-publish format-standard hentry category-archi category-info category-maths category-news category-sm category-snv entry\"\t\tdata-id=\"15700\">\n\t<div class=\"rt-holder tpg-post-holder\">\n\t\t<div class=\"rt-detail rt-el-content-wrapper\">\n\t\t\t\t\t\t\t<div class=\"rt-img-holder tpg-el-image-wrap has-no-thumbnail\">\n\t\t\t\t\t<a data-id=\"15700\" href=\"http:\/\/sciences.univ-alger.dz\/?p=15700\" class=\"tpg-post-link\" target=\"_self\">\t\t\n\t\t<\/a>\n\t\t\t\t<div class=\"overlay grid-hover-content\"><\/div>\n\t\t\t\t\t\t<\/div>\n\t\t\t\n\t\t\t<div class=\"entry-title-wrapper\"><h3 class=\"entry-title\"><a data-id=\"15700\" href=\"http:\/\/sciences.univ-alger.dz\/?p=15700\" class=\"tpg-post-link\" target=\"_self\">\u0625\u0639\u0644\u0627\u0646 \u0639\u0646 \u0627\u0644\u0646\u062a\u0627\u0626\u062c \u0627\u0644\u0627\u0648\u0644\u064a\u0629 \u0644\u0645\u0633\u0627\u0628\u0642\u0629 \u062a\u0648\u0638\u064a\u0641 \u0627\u0644\u0627\u0633\u0627\u062a\u062f\u0629 \u0627\u0644\u0645\u0633\u0627\u0639\u062f\u064a\u0646<\/a><\/h3><\/div>\n\t\t\t\n\n\t\t\t\n\t\t\t\t\t<\/div>\n\t<\/div>\n<\/div>\n<div class=\"rt-col-md-3 rt-col-sm-6 rt-col-xs-12 default rt-grid-item post-15365 post type-post status-publish format-standard hentry category-archi category-info category-maths category-news category-sm category-snv entry\"\t\tdata-id=\"15365\">\n\t<div class=\"rt-holder tpg-post-holder\">\n\t\t<div class=\"rt-detail rt-el-content-wrapper\">\n\t\t\t\t\t\t\t<div class=\"rt-img-holder tpg-el-image-wrap has-no-thumbnail\">\n\t\t\t\t\t<a data-id=\"15365\" href=\"http:\/\/sciences.univ-alger.dz\/?p=15365\" class=\"tpg-post-link\" target=\"_self\">\t\t\n\t\t<\/a>\n\t\t\t\t<div class=\"overlay grid-hover-content\"><\/div>\n\t\t\t\t\t\t<\/div>\n\t\t\t\n\t\t\t<div class=\"entry-title-wrapper\"><h3 class=\"entry-title\"><a data-id=\"15365\" href=\"http:\/\/sciences.univ-alger.dz\/?p=15365\" class=\"tpg-post-link\" target=\"_self\">\u0625\u0639\u0644\u0627\u0646 \u0639\u0646 \u0641\u062a\u062d \u0645\u0646\u0635\u0629 \u0627\u0644\u062a\u0631\u0634\u062d \u0644\u0628\u0631\u0646\u0627\u0645\u062c \u0627\u0644\u062d\u0631\u0643\u064a\u0629 \u0642\u0635\u064a\u0631\u0629 \u0627\u0644\u0645\u062f\u0649 \u0628\u0627\u0644\u062e\u0627\u0631\u062c \u0644\u0633\u0646\u0629 2026<\/a><\/h3><\/div>\n\t\t\t\n\n\t\t\t\n\t\t\t\t\t<\/div>\n\t<\/div>\n<\/div>\n<div class=\"rt-col-md-3 rt-col-sm-6 rt-col-xs-12 default rt-grid-item post-15305 post type-post status-publish format-standard hentry category-archi category-info category-maths category-news category-sm category-snv entry\"\t\tdata-id=\"15305\">\n\t<div class=\"rt-holder tpg-post-holder\">\n\t\t<div class=\"rt-detail rt-el-content-wrapper\">\n\t\t\t\t\t\t\t<div class=\"rt-img-holder tpg-el-image-wrap has-no-thumbnail\">\n\t\t\t\t\t<a data-id=\"15305\" href=\"http:\/\/sciences.univ-alger.dz\/?p=15305\" class=\"tpg-post-link\" target=\"_self\">\t\t\n\t\t<\/a>\n\t\t\t\t<div class=\"overlay grid-hover-content\"><\/div>\n\t\t\t\t\t\t<\/div>\n\t\t\t\n\t\t\t<div class=\"entry-title-wrapper\"><h3 class=\"entry-title\"><a data-id=\"15305\" href=\"http:\/\/sciences.univ-alger.dz\/?p=15305\" class=\"tpg-post-link\" target=\"_self\">Adjustment of Teaching Schedules During the Holy Month of Ramadan<\/a><\/h3><\/div>\n\t\t\t\n\n\t\t\t\n\t\t\t\t\t<\/div>\n\t<\/div>\n<\/div>\n<div class=\"rt-col-md-3 rt-col-sm-6 rt-col-xs-12 default rt-grid-item post-15231 post type-post status-publish format-standard hentry category-archi category-news entry\"\t\tdata-id=\"15231\">\n\t<div class=\"rt-holder tpg-post-holder\">\n\t\t<div class=\"rt-detail rt-el-content-wrapper\">\n\t\t\t\t\t\t\t<div class=\"rt-img-holder tpg-el-image-wrap has-no-thumbnail\">\n\t\t\t\t\t<a data-id=\"15231\" href=\"http:\/\/sciences.univ-alger.dz\/?p=15231\" class=\"tpg-post-link\" target=\"_self\">\t\t\n\t\t<\/a>\n\t\t\t\t<div class=\"overlay grid-hover-content\"><\/div>\n\t\t\t\t\t\t<\/div>\n\t\t\t\n\t\t\t<div class=\"entry-title-wrapper\"><h3 class=\"entry-title\"><a data-id=\"15231\" href=\"http:\/\/sciences.univ-alger.dz\/?p=15231\" class=\"tpg-post-link\" target=\"_self\">1er Congr\u00e9s National \u00ab\u00a0Innovation et Avanc\u00e9es en Architecture, G\u00e9nie Civil, et Environnement\u00a0\u00bb<\/a><\/h3><\/div>\n\t\t\t\n\n\t\t\t\n\t\t\t\t\t<\/div>\n\t<\/div>\n<\/div>\n\t\t\t<\/div>\n\t\t\t<div class='rt-pagination-wrap' data-total-pages='18' data-posts-per-page='4' data-type='pagination'><div class=\"rt-pagination\"><ul class=\"pagination-list\"><li class=\"active\"><span>1<\/span><\/li><li><a data-paged='2' href='http:\/\/sciences.univ-alger.dz\/index.php?rest_route=%2Fwp%2Fv2%2Fpages%2F29&#038;paged=2'>2<\/a><\/li><li><a data-paged='3' href='http:\/\/sciences.univ-alger.dz\/index.php?rest_route=%2Fwp%2Fv2%2Fpages%2F29&#038;paged=3'>3<\/a><\/li><li><a data-paged='4' href='http:\/\/sciences.univ-alger.dz\/index.php?rest_route=%2Fwp%2Fv2%2Fpages%2F29&#038;paged=4'>4<\/a><\/li><li><a data-paged='5' href='http:\/\/sciences.univ-alger.dz\/index.php?rest_route=%2Fwp%2Fv2%2Fpages%2F29&#038;paged=5'>5<\/a><\/li><li><a data-paged='2' href=\"http:\/\/sciences.univ-alger.dz\/index.php?rest_route=%2Fwp%2Fv2%2Fpages%2F29&#038;paged=2\" aria-label='Next'>&rsaquo;<\/a><\/li><li><a data-paged='18' href='http:\/\/sciences.univ-alger.dz\/index.php?rest_route=%2Fwp%2Fv2%2Fpages%2F29&#038;paged=18' aria-label='Last'>&raquo;<\/a><\/li><\/ul><\/div><\/div>\n\t\t<\/div>\n\t\t\t\t\t\t<\/div>\n\t\t\t\t<\/div>\n\t\t\t\t\t<\/div>\n\t\t<\/div>\n\t\t\t\t\t<\/div>\n\t\t<\/section>\n\t\t\t\t<\/div>\n\t\t","protected":false},"excerpt":{"rendered":"<p>D\u00e9partement Architecture Offres de formations E-scolarit\u00e9 Emplois du temps Liste des \u00e9tudiants Examens Formulaires D\u00e9lib\u00e9rations Soutenance La Page Facebook du D\u00e9partement Actualit\u00e9s du d\u00e9partement Biblioth\u00e8que Num\u00e9rique Avis aux \u00e9tudiants de M2 \u200b\u200bet L3 Liste des \u00e9tudiants b\u00e9n\u00e9ficiaires d\u2019un cong\u00e9 acad\u00e9mique 2024-2025 Proc\u00e9dure d&rsquo;expertise d&rsquo;un cours en ligne 1 2 3 4 5 &rsaquo; &raquo;<\/p>\n","protected":false},"author":1,"featured_media":0,"parent":0,"menu_order":0,"comment_status":"closed","ping_status":"closed","template":"","meta":{"ocean_post_layout":"full-screen","ocean_both_sidebars_style":"","ocean_both_sidebars_content_width":0,"ocean_both_sidebars_sidebars_width":0,"ocean_sidebar":"0","ocean_second_sidebar":"0","ocean_disable_margins":"enable","ocean_add_body_class":"","ocean_shortcode_before_top_bar":"","ocean_shortcode_after_top_bar":"","ocean_shortcode_before_header":"","ocean_shortcode_after_header":"","ocean_has_shortcode":"","ocean_shortcode_after_title":"","ocean_shortcode_before_footer_widgets":"","ocean_shortcode_after_footer_widgets":"","ocean_shortcode_before_footer_bottom":"","ocean_shortcode_after_footer_bottom":"","ocean_display_top_bar":"default","ocean_display_header":"default","ocean_header_style":"","ocean_center_header_left_menu":"0","ocean_custom_header_template":"0","ocean_custom_logo":0,"ocean_custom_retina_logo":0,"ocean_custom_logo_max_width":0,"ocean_custom_logo_tablet_max_width":0,"ocean_custom_logo_mobile_max_width":0,"ocean_custom_logo_max_height":0,"ocean_custom_logo_tablet_max_height":0,"ocean_custom_logo_mobile_max_height":0,"ocean_header_custom_menu":"0","ocean_menu_typo_font_family":"0","ocean_menu_typo_font_subset":"","ocean_menu_typo_font_size":0,"ocean_menu_typo_font_size_tablet":0,"ocean_menu_typo_font_size_mobile":0,"ocean_menu_typo_font_size_unit":"px","ocean_menu_typo_font_weight":"","ocean_menu_typo_font_weight_tablet":"","ocean_menu_typo_font_weight_mobile":"","ocean_menu_typo_transform":"","ocean_menu_typo_transform_tablet":"","ocean_menu_typo_transform_mobile":"","ocean_menu_typo_line_height":0,"ocean_menu_typo_line_height_tablet":0,"ocean_menu_typo_line_height_mobile":0,"ocean_menu_typo_line_height_unit":"","ocean_menu_typo_spacing":0,"ocean_menu_typo_spacing_tablet":0,"ocean_menu_typo_spacing_mobile":0,"ocean_menu_typo_spacing_unit":"","ocean_menu_link_color":"","ocean_menu_link_color_hover":"","ocean_menu_link_color_active":"","ocean_menu_link_background":"","ocean_menu_link_hover_background":"","ocean_menu_link_active_background":"","ocean_menu_social_links_bg":"","ocean_menu_social_hover_links_bg":"","ocean_menu_social_links_color":"","ocean_menu_social_hover_links_color":"","ocean_disable_title":"on","ocean_disable_heading":"default","ocean_post_title":"","ocean_post_subheading":"","ocean_post_title_style":"","ocean_post_title_background_color":"","ocean_post_title_background":0,"ocean_post_title_bg_image_position":"","ocean_post_title_bg_image_attachment":"","ocean_post_title_bg_image_repeat":"","ocean_post_title_bg_image_size":"","ocean_post_title_height":0,"ocean_post_title_bg_overlay":0.5,"ocean_post_title_bg_overlay_color":"","ocean_disable_breadcrumbs":"default","ocean_breadcrumbs_color":"","ocean_breadcrumbs_separator_color":"","ocean_breadcrumbs_links_color":"","ocean_breadcrumbs_links_hover_color":"","ocean_display_footer_widgets":"default","ocean_display_footer_bottom":"default","ocean_custom_footer_template":"0","footnotes":""},"class_list":["post-29","page","type-page","status-publish","hentry","entry"],"rttpg_featured_image_url":null,"rttpg_author":{"display_name":"Fs_Admina","author_link":"http:\/\/sciences.univ-alger.dz\/?author=1"},"rttpg_comment":0,"rttpg_category":"","rttpg_excerpt":"D\u00e9partement Architecture Offres de formations E-scolarit\u00e9 Emplois du temps Liste des \u00e9tudiants Examens Formulaires D\u00e9lib\u00e9rations Soutenance La Page Facebook du D\u00e9partement Actualit\u00e9s du d\u00e9partement Biblioth\u00e8que Num\u00e9rique Avis aux \u00e9tudiants de M2 \u200b\u200bet L3 Liste des \u00e9tudiants b\u00e9n\u00e9ficiaires d\u2019un cong\u00e9 acad\u00e9mique 2024-2025 Proc\u00e9dure d&rsquo;expertise d&rsquo;un cours en ligne 1 2 3 4 5 &rsaquo; &raquo;","_links":{"self":[{"href":"http:\/\/sciences.univ-alger.dz\/index.php?rest_route=\/wp\/v2\/pages\/29","targetHints":{"allow":["GET"]}}],"collection":[{"href":"http:\/\/sciences.univ-alger.dz\/index.php?rest_route=\/wp\/v2\/pages"}],"about":[{"href":"http:\/\/sciences.univ-alger.dz\/index.php?rest_route=\/wp\/v2\/types\/page"}],"author":[{"embeddable":true,"href":"http:\/\/sciences.univ-alger.dz\/index.php?rest_route=\/wp\/v2\/users\/1"}],"replies":[{"embeddable":true,"href":"http:\/\/sciences.univ-alger.dz\/index.php?rest_route=%2Fwp%2Fv2%2Fcomments&post=29"}],"version-history":[{"count":134,"href":"http:\/\/sciences.univ-alger.dz\/index.php?rest_route=\/wp\/v2\/pages\/29\/revisions"}],"predecessor-version":[{"id":12420,"href":"http:\/\/sciences.univ-alger.dz\/index.php?rest_route=\/wp\/v2\/pages\/29\/revisions\/12420"}],"wp:attachment":[{"href":"http:\/\/sciences.univ-alger.dz\/index.php?rest_route=%2Fwp%2Fv2%2Fmedia&parent=29"}],"curies":[{"name":"wp","href":"https:\/\/api.w.org\/{rel}","templated":true}]}}