
{"id":14083,"date":"2025-09-02T10:52:33","date_gmt":"2025-09-02T09:52:33","guid":{"rendered":"http:\/\/sciences.univ-alger.dz\/?page_id=14083"},"modified":"2025-09-02T10:52:34","modified_gmt":"2025-09-02T09:52:34","slug":"schooling-service","status":"publish","type":"page","link":"http:\/\/sciences.univ-alger.dz\/?page_id=14083&lang=en","title":{"rendered":"Schooling\u00a0Service"},"content":{"rendered":"\t\t<div data-elementor-type=\"wp-page\" data-elementor-id=\"14083\" class=\"elementor elementor-14083\" data-elementor-post-type=\"page\">\n\t\t\t\t\t\t<section class=\"elementor-section elementor-top-section elementor-element elementor-element-7c3a5e0 elementor-section-boxed elementor-section-height-default elementor-section-height-default\" data-id=\"7c3a5e0\" data-element_type=\"section\" data-e-type=\"section\">\n\t\t\t\t\t\t<div class=\"elementor-container elementor-column-gap-default\">\n\t\t\t\t\t<div class=\"elementor-column elementor-col-100 elementor-top-column elementor-element elementor-element-9cf87f0\" data-id=\"9cf87f0\" data-element_type=\"column\" data-e-type=\"column\">\n\t\t\t<div class=\"elementor-widget-wrap elementor-element-populated\">\n\t\t\t\t\t\t<div class=\"elementor-element elementor-element-80698ec premium-header-block elementor-widget elementor-widget-premium-addon-dual-header\" data-id=\"80698ec\" data-element_type=\"widget\" data-e-type=\"widget\" data-settings=\"{&quot;_animation_tablet&quot;:&quot;none&quot;,&quot;_animation_mobile&quot;:&quot;none&quot;}\" data-widget_type=\"premium-addon-dual-header.default\">\n\t\t\t\t<div class=\"elementor-widget-container\">\n\t\t\t\t\t\r\n\t\t\t\t\t<h2 class=\"premium-dual-header-first-header \"><span class=\"premium-dual-header-first-span\">Service Du vice d\u00e9canat <\/span><span class=\"premium-dual-header-second-header \">Scolarit\u00e9<\/span><\/h2> \t\t\r\n\t\t\t\t\t\t<\/div>\n\t\t\t\t<\/div>\n\t\t\t\t<div class=\"elementor-element elementor-element-57e1da9 elementor-widget-divider--view-line elementor-widget elementor-widget-divider\" data-id=\"57e1da9\" data-element_type=\"widget\" data-e-type=\"widget\" data-settings=\"{&quot;_animation_tablet&quot;:&quot;none&quot;,&quot;_animation_mobile&quot;:&quot;none&quot;}\" data-widget_type=\"divider.default\">\n\t\t\t\t<div class=\"elementor-widget-container\">\n\t\t\t\t\t\t\t<div class=\"elementor-divider\">\n\t\t\t<span class=\"elementor-divider-separator\">\n\t\t\t\t\t\t<\/span>\n\t\t<\/div>\n\t\t\t\t\t\t<\/div>\n\t\t\t\t<\/div>\n\t\t\t\t<section class=\"elementor-section elementor-inner-section elementor-element elementor-element-2f7cdff elementor-section-boxed elementor-section-height-default elementor-section-height-default\" data-id=\"2f7cdff\" data-element_type=\"section\" data-e-type=\"section\">\n\t\t\t\t\t\t<div class=\"elementor-container elementor-column-gap-default\">\n\t\t\t\t\t<div class=\"elementor-column elementor-col-50 elementor-inner-column elementor-element elementor-element-ff0f6f0\" data-id=\"ff0f6f0\" data-element_type=\"column\" data-e-type=\"column\">\n\t\t\t<div class=\"elementor-widget-wrap elementor-element-populated\">\n\t\t\t\t\t\t<div class=\"elementor-element elementor-element-6dc23d7 elementor-widget elementor-widget-premium-addon-title\" data-id=\"6dc23d7\" data-element_type=\"widget\" data-e-type=\"widget\" data-settings=\"{&quot;_animation_tablet&quot;:&quot;none&quot;,&quot;_animation_mobile&quot;:&quot;none&quot;}\" data-widget_type=\"premium-addon-title.default\">\n\t\t\t\t<div class=\"elementor-widget-container\">\n\t\t\t\t\t\r\n\t\t<div class=\"premium-title-container style9\">\r\n\t\t\t<h3 class=\"premium-title-header premium-title-style9\" data-blur-delay=\"1.5\">\r\n\t\t\t\t\r\n\t\t\t\t\r\n\t\t\t\t\t\t\t\t<span><span class=\"premium-title-style9-letter\" data-letter-index=\"1\" data-letter=\"I\">I<\/span><span class=\"premium-title-style9-letter\" data-letter-index=\"2\" data-letter=\"n\">n<\/span><span class=\"premium-title-style9-letter\" data-letter-index=\"3\" data-letter=\"s\">s<\/span><span class=\"premium-title-style9-letter\" data-letter-index=\"4\" data-letter=\"c\">c<\/span><span class=\"premium-title-style9-letter\" data-letter-index=\"5\" data-letter=\"r\">r<\/span><span class=\"premium-title-style9-letter\" data-letter-index=\"6\" data-letter=\"i\">i<\/span><span class=\"premium-title-style9-letter\" data-letter-index=\"7\" data-letter=\"p\">p<\/span><span class=\"premium-title-style9-letter\" data-letter-index=\"8\" data-letter=\"t\">t<\/span><span class=\"premium-title-style9-letter\" data-letter-index=\"9\" data-letter=\"i\">i<\/span><span class=\"premium-title-style9-letter\" data-letter-index=\"10\" data-letter=\"o\">o<\/span><span class=\"premium-title-style9-letter\" data-letter-index=\"11\" data-letter=\"n\">n<\/span><\/span>\t\t\t\t\r\n\t\t\t\t\t\t\t\t\t\t\t<\/h3>\r\n\t\t<\/div>\r\n\r\n\t\t\t\t\t\t<\/div>\n\t\t\t\t<\/div>\n\t\t\t\t<div class=\"elementor-element elementor-element-8429405 elementor-widget elementor-widget-text-editor\" data-id=\"8429405\" data-element_type=\"widget\" data-e-type=\"widget\" data-settings=\"{&quot;_animation_tablet&quot;:&quot;none&quot;,&quot;_animation_mobile&quot;:&quot;none&quot;}\" data-widget_type=\"text-editor.default\">\n\t\t\t\t<div class=\"elementor-widget-container\">\n\t\t\t\t\t\t\t\t\t<p>Le service de scolarit\u00e9 de la facult\u00e9 des sciences est charg\u00e9 de la gestion et du suivi des r\u00e9inscriptions des \u00e9tudiants en graduation (Nouveaux bacheliers, Bac \u00e9tranger, R\u00e9inscription annuelle et Inscription en Master)<\/p>\t\t\t\t\t\t\t\t<\/div>\n\t\t\t\t<\/div>\n\t\t\t\t<div class=\"elementor-element elementor-element-8da3e4f elementor-widget elementor-widget-premium-addon-button\" data-id=\"8da3e4f\" data-element_type=\"widget\" data-e-type=\"widget\" data-widget_type=\"premium-addon-button.default\">\n\t\t\t\t<div class=\"elementor-widget-container\">\n\t\t\t\t\t\r\n\r\n\t\t<a class=\"premium-button premium-button-style2 premium-btn-sm premium-button-style2-shutinver\" href=\"http:\/\/sciences.univ-alger.dz\/?page_id=869\">\r\n\t\t\t<div class=\"premium-button-text-icon-wrapper\">\r\n\t\t\t\t\r\n\t\t\t\t\t\t\t\t\t<span >\r\n\t\t\t\t\t\tvoir plus\t\t\t\t\t<\/span>\r\n\t\t\t\t\r\n\t\t\t\t\t\t\t<\/div>\r\n\r\n\t\t\t\r\n\t\t\t\r\n\t\t\t\r\n\t\t<\/a>\r\n\r\n\r\n\t\t\t\t\t\t<\/div>\n\t\t\t\t<\/div>\n\t\t\t\t\t<\/div>\n\t\t<\/div>\n\t\t\t\t<div class=\"elementor-column elementor-col-50 elementor-inner-column elementor-element elementor-element-c7db119\" data-id=\"c7db119\" data-element_type=\"column\" data-e-type=\"column\">\n\t\t\t<div class=\"elementor-widget-wrap elementor-element-populated\">\n\t\t\t\t\t\t<div class=\"elementor-element elementor-element-5926062 elementor-widget elementor-widget-premium-addon-title\" data-id=\"5926062\" data-element_type=\"widget\" data-e-type=\"widget\" data-settings=\"{&quot;_animation_tablet&quot;:&quot;none&quot;,&quot;_animation_mobile&quot;:&quot;none&quot;}\" data-widget_type=\"premium-addon-title.default\">\n\t\t\t\t<div class=\"elementor-widget-container\">\n\t\t\t\t\t\r\n\t\t<div class=\"premium-title-container style9\">\r\n\t\t\t<h3 class=\"premium-title-header premium-title-style9\" data-blur-delay=\"1.5\">\r\n\t\t\t\t\r\n\t\t\t\t\r\n\t\t\t\t\t\t\t\t<span><span class=\"premium-title-style9-letter\" data-letter-index=\"1\" data-letter=\"E\">E<\/span><span class=\"premium-title-style9-letter\" data-letter-index=\"2\" data-letter=\"t\">t<\/span><span class=\"premium-title-style9-letter\" data-letter-index=\"3\" data-letter=\"u\">u<\/span><span class=\"premium-title-style9-letter\" data-letter-index=\"4\" data-letter=\"d\">d<\/span><span class=\"premium-title-style9-letter\" data-letter-index=\"5\" data-letter=\"e\">e<\/span><span class=\"premium-title-style9-letter\" data-letter-index=\"6\" data-letter=\"s\">s<\/span><span class=\"premium-title-style9-letter\" data-letter-index=\"7\" data-letter=\" \"> <\/span><span class=\"premium-title-style9-letter\" data-letter-index=\"8\" data-letter=\"e\">e<\/span><span class=\"premium-title-style9-letter\" data-letter-index=\"9\" data-letter=\"t\">t<\/span><span class=\"premium-title-style9-letter\" data-letter-index=\"10\" data-letter=\" \"> <\/span><span class=\"premium-title-style9-letter\" data-letter-index=\"11\" data-letter=\"S\">S<\/span><span class=\"premium-title-style9-letter\" data-letter-index=\"12\" data-letter=\"c\">c<\/span><span class=\"premium-title-style9-letter\" data-letter-index=\"13\" data-letter=\"o\">o<\/span><span class=\"premium-title-style9-letter\" data-letter-index=\"14\" data-letter=\"l\">l<\/span><span class=\"premium-title-style9-letter\" data-letter-index=\"15\" data-letter=\"a\">a<\/span><span class=\"premium-title-style9-letter\" data-letter-index=\"16\" data-letter=\"r\">r<\/span><span class=\"premium-title-style9-letter\" data-letter-index=\"17\" data-letter=\"i\">i<\/span><span class=\"premium-title-style9-letter\" data-letter-index=\"18\" data-letter=\"t\">t<\/span><span class=\"premium-title-style9-letter\" data-letter-index=\"19\" data-letter=\"\u00e9\">\u00e9<\/span><\/span>\t\t\t\t\r\n\t\t\t\t\t\t\t\t\t\t\t<\/h3>\r\n\t\t<\/div>\r\n\r\n\t\t\t\t\t\t<\/div>\n\t\t\t\t<\/div>\n\t\t\t\t<div class=\"elementor-element elementor-element-05e60b3 elementor-widget elementor-widget-text-editor\" data-id=\"05e60b3\" data-element_type=\"widget\" data-e-type=\"widget\" data-settings=\"{&quot;_animation_tablet&quot;:&quot;none&quot;,&quot;_animation_mobile&quot;:&quot;none&quot;}\" data-widget_type=\"text-editor.default\">\n\t\t\t\t<div class=\"elementor-widget-container\">\n\t\t\t\t\t\t\t\t\t<p>Le service des scolarit\u00e9s de la Facult\u00e9 des Sciences a pour mission de tenue du dossier nominatif des \u00e9tudiants, de retrait du dossier p\u00e9dagogique, de traitement et de diffusion des informations p\u00e9dagogiques au profit des \u00e9tudiants.<\/p>\t\t\t\t\t\t\t\t<\/div>\n\t\t\t\t<\/div>\n\t\t\t\t<div class=\"elementor-element elementor-element-bab83bc elementor-widget elementor-widget-premium-addon-button\" data-id=\"bab83bc\" data-element_type=\"widget\" data-e-type=\"widget\" data-widget_type=\"premium-addon-button.default\">\n\t\t\t\t<div class=\"elementor-widget-container\">\n\t\t\t\t\t\r\n\r\n\t\t<a class=\"premium-button premium-button-style2 premium-btn-sm premium-button-style2-shutinver\" href=\"http:\/\/sciences.univ-alger.dz\/?page_id=882\">\r\n\t\t\t<div class=\"premium-button-text-icon-wrapper\">\r\n\t\t\t\t\r\n\t\t\t\t\t\t\t\t\t<span >\r\n\t\t\t\t\t\tvoir plus\t\t\t\t\t<\/span>\r\n\t\t\t\t\r\n\t\t\t\t\t\t\t<\/div>\r\n\r\n\t\t\t\r\n\t\t\t\r\n\t\t\t\r\n\t\t<\/a>\r\n\r\n\r\n\t\t\t\t\t\t<\/div>\n\t\t\t\t<\/div>\n\t\t\t\t\t<\/div>\n\t\t<\/div>\n\t\t\t\t\t<\/div>\n\t\t<\/section>\n\t\t\t\t\t<\/div>\n\t\t<\/div>\n\t\t\t\t\t<\/div>\n\t\t<\/section>\n\t\t\t\t<\/div>\n\t\t","protected":false},"excerpt":{"rendered":"","protected":false},"author":1,"featured_media":0,"parent":0,"menu_order":0,"comment_status":"closed","ping_status":"closed","template":"","meta":{"ocean_post_layout":"full-screen","ocean_both_sidebars_style":"","ocean_both_sidebars_content_width":0,"ocean_both_sidebars_sidebars_width":0,"ocean_sidebar":"0","ocean_second_sidebar":"0","ocean_disable_margins":"enable","ocean_add_body_class":"","ocean_shortcode_before_top_bar":"","ocean_shortcode_after_top_bar":"","ocean_shortcode_before_header":"","ocean_shortcode_after_header":"","ocean_has_shortcode":"","ocean_shortcode_after_title":"","ocean_shortcode_before_footer_widgets":"","ocean_shortcode_after_footer_widgets":"","ocean_shortcode_before_footer_bottom":"","ocean_shortcode_after_footer_bottom":"","ocean_display_top_bar":"default","ocean_display_header":"default","ocean_header_style":"","ocean_center_header_left_menu":"0","ocean_custom_header_template":"0","ocean_custom_logo":0,"ocean_custom_retina_logo":0,"ocean_custom_logo_max_width":0,"ocean_custom_logo_tablet_max_width":0,"ocean_custom_logo_mobile_max_width":0,"ocean_custom_logo_max_height":0,"ocean_custom_logo_tablet_max_height":0,"ocean_custom_logo_mobile_max_height":0,"ocean_header_custom_menu":"0","ocean_menu_typo_font_family":"0","ocean_menu_typo_font_subset":"","ocean_menu_typo_font_size":0,"ocean_menu_typo_font_size_tablet":0,"ocean_menu_typo_font_size_mobile":0,"ocean_menu_typo_font_size_unit":"px","ocean_menu_typo_font_weight":"","ocean_menu_typo_font_weight_tablet":"","ocean_menu_typo_font_weight_mobile":"","ocean_menu_typo_transform":"","ocean_menu_typo_transform_tablet":"","ocean_menu_typo_transform_mobile":"","ocean_menu_typo_line_height":0,"ocean_menu_typo_line_height_tablet":0,"ocean_menu_typo_line_height_mobile":0,"ocean_menu_typo_line_height_unit":"","ocean_menu_typo_spacing":0,"ocean_menu_typo_spacing_tablet":0,"ocean_menu_typo_spacing_mobile":0,"ocean_menu_typo_spacing_unit":"","ocean_menu_link_color":"","ocean_menu_link_color_hover":"","ocean_menu_link_color_active":"","ocean_menu_link_background":"","ocean_menu_link_hover_background":"","ocean_menu_link_active_background":"","ocean_menu_social_links_bg":"","ocean_menu_social_hover_links_bg":"","ocean_menu_social_links_color":"","ocean_menu_social_hover_links_color":"","ocean_disable_title":"on","ocean_disable_heading":"default","ocean_post_title":"","ocean_post_subheading":"","ocean_post_title_style":"","ocean_post_title_background_color":"","ocean_post_title_background":0,"ocean_post_title_bg_image_position":"","ocean_post_title_bg_image_attachment":"","ocean_post_title_bg_image_repeat":"","ocean_post_title_bg_image_size":"","ocean_post_title_height":0,"ocean_post_title_bg_overlay":0.5,"ocean_post_title_bg_overlay_color":"","ocean_disable_breadcrumbs":"default","ocean_breadcrumbs_color":"","ocean_breadcrumbs_separator_color":"","ocean_breadcrumbs_links_color":"","ocean_breadcrumbs_links_hover_color":"","ocean_display_footer_widgets":"default","ocean_display_footer_bottom":"default","ocean_custom_footer_template":"0","footnotes":""},"class_list":["post-14083","page","type-page","status-publish","hentry","entry"],"rttpg_featured_image_url":null,"rttpg_author":{"display_name":"Fs_Admina","author_link":"http:\/\/sciences.univ-alger.dz\/?author=1"},"rttpg_comment":0,"rttpg_category":" <a href=\"http:\/\/sciences.univ-alger.dz\/?lang=en\" rel=\"tag\">English<\/a>","rttpg_excerpt":null,"_links":{"self":[{"href":"http:\/\/sciences.univ-alger.dz\/index.php?rest_route=\/wp\/v2\/pages\/14083","targetHints":{"allow":["GET"]}}],"collection":[{"href":"http:\/\/sciences.univ-alger.dz\/index.php?rest_route=\/wp\/v2\/pages"}],"about":[{"href":"http:\/\/sciences.univ-alger.dz\/index.php?rest_route=\/wp\/v2\/types\/page"}],"author":[{"embeddable":true,"href":"http:\/\/sciences.univ-alger.dz\/index.php?rest_route=\/wp\/v2\/users\/1"}],"replies":[{"embeddable":true,"href":"http:\/\/sciences.univ-alger.dz\/index.php?rest_route=%2Fwp%2Fv2%2Fcomments&post=14083"}],"version-history":[{"count":1,"href":"http:\/\/sciences.univ-alger.dz\/index.php?rest_route=\/wp\/v2\/pages\/14083\/revisions"}],"predecessor-version":[{"id":14084,"href":"http:\/\/sciences.univ-alger.dz\/index.php?rest_route=\/wp\/v2\/pages\/14083\/revisions\/14084"}],"wp:attachment":[{"href":"http:\/\/sciences.univ-alger.dz\/index.php?rest_route=%2Fwp%2Fv2%2Fmedia&parent=14083"}],"curies":[{"name":"wp","href":"https:\/\/api.w.org\/{rel}","templated":true}]}}