
{"id":13479,"date":"2025-06-10T13:53:45","date_gmt":"2025-06-10T12:53:45","guid":{"rendered":"http:\/\/sciences.univ-alger.dz\/?page_id=13479"},"modified":"2025-06-15T10:13:05","modified_gmt":"2025-06-15T09:13:05","slug":"procedure-de-soutenance-de-doctorat","status":"publish","type":"page","link":"http:\/\/sciences.univ-alger.dz\/?page_id=13479","title":{"rendered":"Proc\u00e9dure de Soutenance de Doctorat"},"content":{"rendered":"\t\t<div data-elementor-type=\"wp-page\" data-elementor-id=\"13479\" class=\"elementor elementor-13479\" data-elementor-post-type=\"page\">\n\t\t\t\t\t\t<section class=\"elementor-section elementor-top-section elementor-element elementor-element-7d5fa1ff elementor-section-boxed elementor-section-height-default elementor-section-height-default\" data-id=\"7d5fa1ff\" data-element_type=\"section\" data-e-type=\"section\">\n\t\t\t\t\t\t<div class=\"elementor-container elementor-column-gap-default\">\n\t\t\t\t\t<div class=\"elementor-column elementor-col-100 elementor-top-column elementor-element elementor-element-a698f2\" data-id=\"a698f2\" data-element_type=\"column\" data-e-type=\"column\">\n\t\t\t<div class=\"elementor-widget-wrap elementor-element-populated\">\n\t\t\t\t\t\t<div class=\"elementor-element elementor-element-7fc30bba elementor-widget elementor-widget-heading\" data-id=\"7fc30bba\" data-element_type=\"widget\" data-e-type=\"widget\" data-widget_type=\"heading.default\">\n\t\t\t\t<div class=\"elementor-widget-container\">\n\t\t\t\t\t<h2 class=\"elementor-heading-title elementor-size-large\">Proc\u00e9dure de Soutenance de Doctorat<\/h2>\t\t\t\t<\/div>\n\t\t\t\t<\/div>\n\t\t\t\t<div class=\"elementor-element elementor-element-74dea9d8 elementor-widget elementor-widget-text-editor\" data-id=\"74dea9d8\" data-element_type=\"widget\" data-e-type=\"widget\" data-widget_type=\"text-editor.default\">\n\t\t\t\t<div class=\"elementor-widget-container\">\n\t\t\t\t\t\t\t\t\t<h2>Le d\u00e9p\u00f4t du dossier de soutenance est assur\u00e9 par le Directeur de th\u00e8se\u00a0<\/h2><p>Les dossiers de soutenance de doctorat doivent \u00eatre d\u00e9pos\u00e9s, au niveau du d\u00e9partement au minimum 08 jours avant la r\u00e9union du CSF pour permettre au CFD de les \u00e9tudier.<\/p><ul><li><a href=\"http:\/\/sciences.univ-alger.dz\/wp-content\/uploads\/2025\/06\/page-de-garde-Doctorat-LMD-ok.docx\">Page de garde Doctorat LMD<\/a><\/li><li><a href=\"http:\/\/sciences.univ-alger.dz\/wp-content\/uploads\/2025\/06\/Declaration-sur-lhonneur-Relative-a-lengagement-ok.doc\">D\u00e9claration sur l\u2019honneur Relative \u00e0 l\u2019engagement<\/a><\/li><\/ul><h3>1. D\u00e9poser le dossier (Doctorant)<\/h3><p>&#8211; Un exemplaire finalis\u00e9 de la th\u00e8se format papier + Format PDF (\u00e0 respecter le<br \/>model de la page de garde en Annexe 4)<br \/>&#8211; l\u2019article avec son lien sur le net (Article PDF + CD)<br \/>\uf0fc la publication, en relation avec la th\u00e8se de cat\u00e9gorie A + , A ou B.<br \/>\uf0fc Le nom du doctorant doit figurer en premi\u00e8re position.<br \/>\uf0fc Doivent figur\u00e9 les intitul\u00e9s de laboratoire et l\u2019affiliation de l\u2019\u00e9tablissement<br \/>&#8211; les attestations de participation aux conf\u00e9rences avec extrait de proceedings<br \/>&#8211; les certificats d\u2019inscriptions r\u00e9guli\u00e8res (Annexe3)<br \/>&#8211; Plagiarism check(VDPG)<br \/>&#8211; Autoriser la demande de soutenance (Encadrant\/VDPG)<br \/>&#8211; Rapport \u00e9tablie par le directeur de th\u00e8se (Annexe 1, Annexe 2)<br \/>&#8211; Avis du comit\u00e9 de formation doctorale (CFD).<br \/>Le d\u00e9p\u00f4t de dossier est assur\u00e9 par le directeur de th\u00e8se au niveau des services<\/p><p>charg\u00e9s de la formation doctorale de du d\u00e9partement.<\/p><h3>2. D\u00e9poser le dossier Administrative (VDPG)<\/h3><p>&#8211; Carnet du Doctorant (Validation des\u00a0180 points\u00a0obtenus par le doctorant)<br \/>&#8211; PV de CSF<br \/>&#8211; Arr\u00eat\u00e9 d\u2019habilitation de la formation (facultatif)<br \/>&#8211; PV du CFD<br \/>&#8211; Une Demande d\u2019\u00e9mettre une d\u00e9cision de constitution du jury de<br \/>soutenance(VDPG)<br \/>&#8211; D\u00e9poser la d\u00e9cision de constitution du jury de soutenance(VRPG)<\/p><p>&#8211; D\u00e9signation des membres du jury de soutenance (selon le texte r\u00e9glementaire<br \/>ad\u00e9quate) (VDPG)<br \/>&#8211; D\u00e9poser les rapports des membres du jury y compris le pr\u00e9sident (Annexe 5)<br \/>(Experts)<br \/>&#8211; D\u00e9poser le rapport de synth\u00e8se par le pr\u00e9sident (Pr\u00e9sident de jury et les<br \/>experts)<br \/>&#8211; D\u00e9poser la demande de d\u00e9cision de soutenance (VDPG)<br \/>&#8211; D\u00e9poser la d\u00e9cision de soutenance (VRPG)<br \/>&#8211; D\u00e9poser L\u2019annonce de soutenance(VDPG)<br \/>&#8211; D\u00e9poser le PV de soutenance (VDPG)<br \/>&#8211; D\u00e9poser le PV de lev\u00e9e des r\u00e9serves vis\u00e9 par le Pr\u00e9sident du Jury (Annexe 6)<br \/>&#8211; D\u00e9poser La version finale de la th\u00e8se (Doctorant)<br \/>&#8211; D\u00e9poser une copie de dipl\u00f4me (VRPG)<\/p>\t\t\t\t\t\t\t\t<\/div>\n\t\t\t\t<\/div>\n\t\t\t\t<div class=\"elementor-element elementor-element-b87726d elementor-widget elementor-widget-text-editor\" data-id=\"b87726d\" data-element_type=\"widget\" data-e-type=\"widget\" data-widget_type=\"text-editor.default\">\n\t\t\t\t<div class=\"elementor-widget-container\">\n\t\t\t\t\t\t\t\t\t<p><a href=\"http:\/\/sciences.univ-alger.dz\/wp-content\/uploads\/2025\/06\/Ciculaire_n3_2019_Fr-1.pdf\">Circulaire N\u00b03 du 07 JUIL 2019<\/a><\/p>\t\t\t\t\t\t\t\t<\/div>\n\t\t\t\t<\/div>\n\t\t\t\t\t<\/div>\n\t\t<\/div>\n\t\t\t\t\t<\/div>\n\t\t<\/section>\n\t\t\t\t<\/div>\n\t\t","protected":false},"excerpt":{"rendered":"<p>Proc\u00e9dure de Soutenance de Doctorat Le d\u00e9p\u00f4t du dossier de soutenance est assur\u00e9 par le Directeur de th\u00e8se\u00a0 Les dossiers de soutenance de doctorat doivent \u00eatre d\u00e9pos\u00e9s, au niveau du d\u00e9partement au minimum 08 jours avant la r\u00e9union du CSF pour permettre au CFD de les \u00e9tudier. Page de garde Doctorat LMD D\u00e9claration sur l\u2019honneur [&hellip;]<\/p>\n","protected":false},"author":1,"featured_media":0,"parent":0,"menu_order":0,"comment_status":"closed","ping_status":"closed","template":"elementor_header_footer","meta":{"ocean_post_layout":"","ocean_both_sidebars_style":"","ocean_both_sidebars_content_width":0,"ocean_both_sidebars_sidebars_width":0,"ocean_sidebar":"","ocean_second_sidebar":"","ocean_disable_margins":"enable","ocean_add_body_class":"","ocean_shortcode_before_top_bar":"","ocean_shortcode_after_top_bar":"","ocean_shortcode_before_header":"","ocean_shortcode_after_header":"","ocean_has_shortcode":"","ocean_shortcode_after_title":"","ocean_shortcode_before_footer_widgets":"","ocean_shortcode_after_footer_widgets":"","ocean_shortcode_before_footer_bottom":"","ocean_shortcode_after_footer_bottom":"","ocean_display_top_bar":"default","ocean_display_header":"default","ocean_header_style":"","ocean_center_header_left_menu":"","ocean_custom_header_template":"","ocean_custom_logo":0,"ocean_custom_retina_logo":0,"ocean_custom_logo_max_width":0,"ocean_custom_logo_tablet_max_width":0,"ocean_custom_logo_mobile_max_width":0,"ocean_custom_logo_max_height":0,"ocean_custom_logo_tablet_max_height":0,"ocean_custom_logo_mobile_max_height":0,"ocean_header_custom_menu":"","ocean_menu_typo_font_family":"","ocean_menu_typo_font_subset":"","ocean_menu_typo_font_size":0,"ocean_menu_typo_font_size_tablet":0,"ocean_menu_typo_font_size_mobile":0,"ocean_menu_typo_font_size_unit":"px","ocean_menu_typo_font_weight":"","ocean_menu_typo_font_weight_tablet":"","ocean_menu_typo_font_weight_mobile":"","ocean_menu_typo_transform":"","ocean_menu_typo_transform_tablet":"","ocean_menu_typo_transform_mobile":"","ocean_menu_typo_line_height":0,"ocean_menu_typo_line_height_tablet":0,"ocean_menu_typo_line_height_mobile":0,"ocean_menu_typo_line_height_unit":"","ocean_menu_typo_spacing":0,"ocean_menu_typo_spacing_tablet":0,"ocean_menu_typo_spacing_mobile":0,"ocean_menu_typo_spacing_unit":"","ocean_menu_link_color":"","ocean_menu_link_color_hover":"","ocean_menu_link_color_active":"","ocean_menu_link_background":"","ocean_menu_link_hover_background":"","ocean_menu_link_active_background":"","ocean_menu_social_links_bg":"","ocean_menu_social_hover_links_bg":"","ocean_menu_social_links_color":"","ocean_menu_social_hover_links_color":"","ocean_disable_title":"default","ocean_disable_heading":"default","ocean_post_title":"","ocean_post_subheading":"","ocean_post_title_style":"","ocean_post_title_background_color":"","ocean_post_title_background":0,"ocean_post_title_bg_image_position":"","ocean_post_title_bg_image_attachment":"","ocean_post_title_bg_image_repeat":"","ocean_post_title_bg_image_size":"","ocean_post_title_height":0,"ocean_post_title_bg_overlay":0.5,"ocean_post_title_bg_overlay_color":"","ocean_disable_breadcrumbs":"default","ocean_breadcrumbs_color":"","ocean_breadcrumbs_separator_color":"","ocean_breadcrumbs_links_color":"","ocean_breadcrumbs_links_hover_color":"","ocean_display_footer_widgets":"default","ocean_display_footer_bottom":"default","ocean_custom_footer_template":"","footnotes":""},"class_list":["post-13479","page","type-page","status-publish","hentry","entry"],"rttpg_featured_image_url":null,"rttpg_author":{"display_name":"Fs_Admina","author_link":"http:\/\/sciences.univ-alger.dz\/?author=1"},"rttpg_comment":0,"rttpg_category":" <a href=\"http:\/\/sciences.univ-alger.dz\/\" rel=\"tag\">Fran\u00e7ais<\/a>","rttpg_excerpt":"Proc\u00e9dure de Soutenance de Doctorat Le d\u00e9p\u00f4t du dossier de soutenance est assur\u00e9 par le Directeur de th\u00e8se\u00a0 Les dossiers de soutenance de doctorat doivent \u00eatre d\u00e9pos\u00e9s, au niveau du d\u00e9partement au minimum 08 jours avant la r\u00e9union du CSF pour permettre au CFD de les \u00e9tudier. Page de garde Doctorat LMD D\u00e9claration sur l\u2019honneur\u2026","_links":{"self":[{"href":"http:\/\/sciences.univ-alger.dz\/index.php?rest_route=\/wp\/v2\/pages\/13479","targetHints":{"allow":["GET"]}}],"collection":[{"href":"http:\/\/sciences.univ-alger.dz\/index.php?rest_route=\/wp\/v2\/pages"}],"about":[{"href":"http:\/\/sciences.univ-alger.dz\/index.php?rest_route=\/wp\/v2\/types\/page"}],"author":[{"embeddable":true,"href":"http:\/\/sciences.univ-alger.dz\/index.php?rest_route=\/wp\/v2\/users\/1"}],"replies":[{"embeddable":true,"href":"http:\/\/sciences.univ-alger.dz\/index.php?rest_route=%2Fwp%2Fv2%2Fcomments&post=13479"}],"version-history":[{"count":19,"href":"http:\/\/sciences.univ-alger.dz\/index.php?rest_route=\/wp\/v2\/pages\/13479\/revisions"}],"predecessor-version":[{"id":13509,"href":"http:\/\/sciences.univ-alger.dz\/index.php?rest_route=\/wp\/v2\/pages\/13479\/revisions\/13509"}],"wp:attachment":[{"href":"http:\/\/sciences.univ-alger.dz\/index.php?rest_route=%2Fwp%2Fv2%2Fmedia&parent=13479"}],"curies":[{"name":"wp","href":"https:\/\/api.w.org\/{rel}","templated":true}]}}