
{"id":12451,"date":"2025-02-16T11:46:04","date_gmt":"2025-02-16T10:46:04","guid":{"rendered":"http:\/\/sciences.univ-alger.dz\/?page_id=12451"},"modified":"2025-02-16T11:47:13","modified_gmt":"2025-02-16T10:47:13","slug":"e-scolarite-departement-snv","status":"publish","type":"page","link":"http:\/\/sciences.univ-alger.dz\/?page_id=12451","title":{"rendered":"<strong>E-Scolarit\u00e9 &#8211; D\u00e9partement SNV<\/strong>\u00a0\u00a0"},"content":{"rendered":"\t\t<div data-elementor-type=\"wp-page\" data-elementor-id=\"12451\" class=\"elementor elementor-12451\" data-elementor-post-type=\"page\">\n\t\t\t\t\t\t<section class=\"elementor-section elementor-top-section elementor-element elementor-element-2438c104 elementor-section-boxed elementor-section-height-default elementor-section-height-default\" data-id=\"2438c104\" data-element_type=\"section\" data-e-type=\"section\">\n\t\t\t\t\t\t<div class=\"elementor-container elementor-column-gap-default\">\n\t\t\t\t\t<div class=\"elementor-column elementor-col-100 elementor-top-column elementor-element elementor-element-4c1ab92\" data-id=\"4c1ab92\" data-element_type=\"column\" data-e-type=\"column\">\n\t\t\t<div class=\"elementor-widget-wrap elementor-element-populated\">\n\t\t\t\t\t\t<div class=\"elementor-element elementor-element-575a5b2d elementor-widget elementor-widget-heading\" data-id=\"575a5b2d\" data-element_type=\"widget\" data-e-type=\"widget\" data-widget_type=\"heading.default\">\n\t\t\t\t<div class=\"elementor-widget-container\">\n\t\t\t\t\t<h2 class=\"elementor-heading-title elementor-size-large\">E-Scolarit\u00e9 - D\u00e9partement SNV  <\/h2>\t\t\t\t<\/div>\n\t\t\t\t<\/div>\n\t\t\t\t<div class=\"elementor-element elementor-element-7985d9ba elementor-widget elementor-widget-text-editor\" data-id=\"7985d9ba\" data-element_type=\"widget\" data-e-type=\"widget\" data-widget_type=\"text-editor.default\">\n\t\t\t\t<div class=\"elementor-widget-container\">\n\t\t\t\t\t\t\t\t\t<h4><img decoding=\"async\" class=\"\" src=\"http:\/\/sciences.univ-alger.dz\/wp-content\/uploads\/2025\/01\/nouveau-clignotant-1-1.gif\" alt=\"\" width=\"137\" height=\"41\" \/>Chers \u00e9tudiants,<\/h4><h4><span style=\"color: #184e77;\">Votre nouveau portail e-Scolarit\u00e9 pour demande de documents en ligne : <a href=\"https:\/\/forms.gle\/zepjSR99maEaKsfa9\">forms.gle\/zepjSR99maEaKsfa9<\/a><\/span><\/h4><p><strong>1. <a href=\"https:\/\/forms.gle\/zepjSR99maEaKsfa9\">Compl\u00e9tez ce formulaire<\/a><\/strong>\u00a0pour indiquer les documents que vous souhaitez obtenir. Votre demande sera ensuite envoy\u00e9e \u00e0 la Scolarit\u00e9 du d\u00e9partement pour traitement.<\/p><p>2. Vous recevrez un email avec la\u00a0<strong>date \u00e0 laquelle vous pourrez r\u00e9cup\u00e9rer vos documents<\/strong>.<\/p><p>3. Vous devrez vous rendre \u00e0 la Scolarit\u00e9 du\u00a0<strong>D\u00e9partement<\/strong>\u00a0\u00e0 la date indiqu\u00e9e dans l&#8217;email pour r\u00e9cup\u00e9rer vos documents.\u00a0<\/p>\t\t\t\t\t\t\t\t<\/div>\n\t\t\t\t<\/div>\n\t\t\t\t\t<\/div>\n\t\t<\/div>\n\t\t\t\t\t<\/div>\n\t\t<\/section>\n\t\t\t\t<\/div>\n\t\t","protected":false},"excerpt":{"rendered":"<p>E-Scolarit\u00e9 &#8211; D\u00e9partement SNV Chers \u00e9tudiants, Votre nouveau portail e-Scolarit\u00e9 pour demande de documents en ligne : forms.gle\/zepjSR99maEaKsfa9 1. Compl\u00e9tez ce formulaire\u00a0pour indiquer les documents que vous souhaitez obtenir. Votre demande sera ensuite envoy\u00e9e \u00e0 la Scolarit\u00e9 du d\u00e9partement pour traitement. 2. Vous recevrez un email avec la\u00a0date \u00e0 laquelle vous pourrez r\u00e9cup\u00e9rer vos documents. [&hellip;]<\/p>\n","protected":false},"author":1,"featured_media":0,"parent":0,"menu_order":0,"comment_status":"closed","ping_status":"closed","template":"elementor_header_footer","meta":{"ocean_post_layout":"","ocean_both_sidebars_style":"","ocean_both_sidebars_content_width":0,"ocean_both_sidebars_sidebars_width":0,"ocean_sidebar":"0","ocean_second_sidebar":"0","ocean_disable_margins":"enable","ocean_add_body_class":"","ocean_shortcode_before_top_bar":"","ocean_shortcode_after_top_bar":"","ocean_shortcode_before_header":"","ocean_shortcode_after_header":"","ocean_has_shortcode":"","ocean_shortcode_after_title":"","ocean_shortcode_before_footer_widgets":"","ocean_shortcode_after_footer_widgets":"","ocean_shortcode_before_footer_bottom":"","ocean_shortcode_after_footer_bottom":"","ocean_display_top_bar":"default","ocean_display_header":"default","ocean_header_style":"","ocean_center_header_left_menu":"0","ocean_custom_header_template":"0","ocean_custom_logo":0,"ocean_custom_retina_logo":0,"ocean_custom_logo_max_width":0,"ocean_custom_logo_tablet_max_width":0,"ocean_custom_logo_mobile_max_width":0,"ocean_custom_logo_max_height":0,"ocean_custom_logo_tablet_max_height":0,"ocean_custom_logo_mobile_max_height":0,"ocean_header_custom_menu":"0","ocean_menu_typo_font_family":"0","ocean_menu_typo_font_subset":"","ocean_menu_typo_font_size":0,"ocean_menu_typo_font_size_tablet":0,"ocean_menu_typo_font_size_mobile":0,"ocean_menu_typo_font_size_unit":"px","ocean_menu_typo_font_weight":"","ocean_menu_typo_font_weight_tablet":"","ocean_menu_typo_font_weight_mobile":"","ocean_menu_typo_transform":"","ocean_menu_typo_transform_tablet":"","ocean_menu_typo_transform_mobile":"","ocean_menu_typo_line_height":0,"ocean_menu_typo_line_height_tablet":0,"ocean_menu_typo_line_height_mobile":0,"ocean_menu_typo_line_height_unit":"","ocean_menu_typo_spacing":0,"ocean_menu_typo_spacing_tablet":0,"ocean_menu_typo_spacing_mobile":0,"ocean_menu_typo_spacing_unit":"","ocean_menu_link_color":"","ocean_menu_link_color_hover":"","ocean_menu_link_color_active":"","ocean_menu_link_background":"","ocean_menu_link_hover_background":"","ocean_menu_link_active_background":"","ocean_menu_social_links_bg":"","ocean_menu_social_hover_links_bg":"","ocean_menu_social_links_color":"","ocean_menu_social_hover_links_color":"","ocean_disable_title":"default","ocean_disable_heading":"default","ocean_post_title":"","ocean_post_subheading":"","ocean_post_title_style":"","ocean_post_title_background_color":"","ocean_post_title_background":0,"ocean_post_title_bg_image_position":"","ocean_post_title_bg_image_attachment":"","ocean_post_title_bg_image_repeat":"","ocean_post_title_bg_image_size":"","ocean_post_title_height":0,"ocean_post_title_bg_overlay":0.5,"ocean_post_title_bg_overlay_color":"","ocean_disable_breadcrumbs":"default","ocean_breadcrumbs_color":"","ocean_breadcrumbs_separator_color":"","ocean_breadcrumbs_links_color":"","ocean_breadcrumbs_links_hover_color":"","ocean_display_footer_widgets":"default","ocean_display_footer_bottom":"default","ocean_custom_footer_template":"0","footnotes":""},"class_list":["post-12451","page","type-page","status-publish","hentry","entry"],"rttpg_featured_image_url":null,"rttpg_author":{"display_name":"Fs_Admina","author_link":"http:\/\/sciences.univ-alger.dz\/?author=1"},"rttpg_comment":0,"rttpg_category":" <a href=\"http:\/\/sciences.univ-alger.dz\/\" rel=\"tag\">Fran\u00e7ais<\/a>","rttpg_excerpt":"E-Scolarit\u00e9 &#8211; D\u00e9partement SNV Chers \u00e9tudiants, Votre nouveau portail e-Scolarit\u00e9 pour demande de documents en ligne : forms.gle\/zepjSR99maEaKsfa9 1. Compl\u00e9tez ce formulaire\u00a0pour indiquer les documents que vous souhaitez obtenir. Votre demande sera ensuite envoy\u00e9e \u00e0 la Scolarit\u00e9 du d\u00e9partement pour traitement. 2. Vous recevrez un email avec la\u00a0date \u00e0 laquelle vous pourrez r\u00e9cup\u00e9rer vos documents.\u2026","_links":{"self":[{"href":"http:\/\/sciences.univ-alger.dz\/index.php?rest_route=\/wp\/v2\/pages\/12451","targetHints":{"allow":["GET"]}}],"collection":[{"href":"http:\/\/sciences.univ-alger.dz\/index.php?rest_route=\/wp\/v2\/pages"}],"about":[{"href":"http:\/\/sciences.univ-alger.dz\/index.php?rest_route=\/wp\/v2\/types\/page"}],"author":[{"embeddable":true,"href":"http:\/\/sciences.univ-alger.dz\/index.php?rest_route=\/wp\/v2\/users\/1"}],"replies":[{"embeddable":true,"href":"http:\/\/sciences.univ-alger.dz\/index.php?rest_route=%2Fwp%2Fv2%2Fcomments&post=12451"}],"version-history":[{"count":4,"href":"http:\/\/sciences.univ-alger.dz\/index.php?rest_route=\/wp\/v2\/pages\/12451\/revisions"}],"predecessor-version":[{"id":12455,"href":"http:\/\/sciences.univ-alger.dz\/index.php?rest_route=\/wp\/v2\/pages\/12451\/revisions\/12455"}],"wp:attachment":[{"href":"http:\/\/sciences.univ-alger.dz\/index.php?rest_route=%2Fwp%2Fv2%2Fmedia&parent=12451"}],"curies":[{"name":"wp","href":"https:\/\/api.w.org\/{rel}","templated":true}]}}