
{"id":11874,"date":"2025-01-20T12:03:36","date_gmt":"2025-01-20T11:03:36","guid":{"rendered":"http:\/\/sciences.univ-alger.dz\/?page_id=11874"},"modified":"2025-01-23T10:42:10","modified_gmt":"2025-01-23T09:42:10","slug":"e-scolarite","status":"publish","type":"page","link":"http:\/\/sciences.univ-alger.dz\/?page_id=11874","title":{"rendered":"E-Scolarit\u00e9"},"content":{"rendered":"\t\t<div data-elementor-type=\"wp-page\" data-elementor-id=\"11874\" class=\"elementor elementor-11874\" data-elementor-post-type=\"page\">\n\t\t\t\t\t\t<section class=\"elementor-section elementor-top-section elementor-element elementor-element-10b0bdb1 elementor-section-boxed elementor-section-height-default elementor-section-height-default\" data-id=\"10b0bdb1\" data-element_type=\"section\" data-e-type=\"section\">\n\t\t\t\t\t\t<div class=\"elementor-container elementor-column-gap-default\">\n\t\t\t\t\t<div class=\"elementor-column elementor-col-100 elementor-top-column elementor-element elementor-element-4946560\" data-id=\"4946560\" data-element_type=\"column\" data-e-type=\"column\">\n\t\t\t<div class=\"elementor-widget-wrap elementor-element-populated\">\n\t\t\t\t\t\t<div class=\"elementor-element elementor-element-6403e2c4 elementor-widget elementor-widget-heading\" data-id=\"6403e2c4\" data-element_type=\"widget\" data-e-type=\"widget\" data-widget_type=\"heading.default\">\n\t\t\t\t<div class=\"elementor-widget-container\">\n\t\t\t\t\t<h2 class=\"elementor-heading-title elementor-size-large\">Formulaire en ligne e-scolarit\u00e9 pour demande de documents <\/h2>\t\t\t\t<\/div>\n\t\t\t\t<\/div>\n\t\t\t\t<div class=\"elementor-element elementor-element-50f72b89 elementor-widget elementor-widget-text-editor\" data-id=\"50f72b89\" data-element_type=\"widget\" data-e-type=\"widget\" data-widget_type=\"text-editor.default\">\n\t\t\t\t<div class=\"elementor-widget-container\">\n\t\t\t\t\t\t\t\t\t<h4><img decoding=\"async\" class=\"\" src=\"http:\/\/sciences.univ-alger.dz\/wp-content\/uploads\/2025\/01\/nouveau-clignotant-1-1.gif\" alt=\"\" width=\"137\" height=\"41\" \/>Chers \u00e9tudiants,<\/h4><h4><span style=\"color: #184e77;\">Votre nouveau portail e-Scolarit\u00e9 pour demande de documents en ligne : <a href=\"https:\/\/forms.gle\/rcwe3HUGbMCHqK8o6\">forms.gle\/rcwe3HUGbMCHqK8o6<\/a><\/span><\/h4><p>Pour la d\u00e9livrance de vos documents administratifs au niveau du Vice-D\u00e9canat. Voici la proc\u00e9dure \u00e0 suivre :<\/p><p><strong>1. Compl\u00e9tez <a href=\"https:\/\/forms.gle\/rcwe3HUGbMCHqK8o6\">ce formulaire<\/a><\/strong>\u00a0pour indiquer les documents que vous souhaitez obtenir. Votre demande sera ensuite envoy\u00e9e \u00e0 la Scolarit\u00e9 du Vice-D\u00e9canat charg\u00e9e de la p\u00e9dagogie pour traitement.<\/p><p>2. Vous recevrez un email avec la\u00a0<strong>date \u00e0 laquelle vous pourrez r\u00e9cup\u00e9rer vos documents<\/strong>.<\/p><p>3. Vous devrez vous rendre \u00e0 la Scolarit\u00e9 du\u00a0<strong>Vice-D\u00e9canat<\/strong>\u00a0\u00e0 la date indiqu\u00e9e dans l&#8217;email pour r\u00e9cup\u00e9rer vos documents.<\/p><p>Veuillez suivre cette proc\u00e9dure pour faciliter le traitement de vos demandes.<\/p>\t\t\t\t\t\t\t\t<\/div>\n\t\t\t\t<\/div>\n\t\t\t\t\t<\/div>\n\t\t<\/div>\n\t\t\t\t\t<\/div>\n\t\t<\/section>\n\t\t\t\t<\/div>\n\t\t","protected":false},"excerpt":{"rendered":"<p>Formulaire en ligne e-scolarit\u00e9 pour demande de documents Chers \u00e9tudiants, Votre nouveau portail e-Scolarit\u00e9 pour demande de documents en ligne : forms.gle\/rcwe3HUGbMCHqK8o6 Pour la d\u00e9livrance de vos documents administratifs au niveau du Vice-D\u00e9canat. Voici la proc\u00e9dure \u00e0 suivre : 1. Compl\u00e9tez ce formulaire\u00a0pour indiquer les documents que vous souhaitez obtenir. Votre demande sera ensuite envoy\u00e9e [&hellip;]<\/p>\n","protected":false},"author":1,"featured_media":0,"parent":0,"menu_order":0,"comment_status":"closed","ping_status":"closed","template":"elementor_header_footer","meta":{"ocean_post_layout":"","ocean_both_sidebars_style":"","ocean_both_sidebars_content_width":0,"ocean_both_sidebars_sidebars_width":0,"ocean_sidebar":"0","ocean_second_sidebar":"0","ocean_disable_margins":"enable","ocean_add_body_class":"","ocean_shortcode_before_top_bar":"","ocean_shortcode_after_top_bar":"","ocean_shortcode_before_header":"","ocean_shortcode_after_header":"","ocean_has_shortcode":"","ocean_shortcode_after_title":"","ocean_shortcode_before_footer_widgets":"","ocean_shortcode_after_footer_widgets":"","ocean_shortcode_before_footer_bottom":"","ocean_shortcode_after_footer_bottom":"","ocean_display_top_bar":"default","ocean_display_header":"default","ocean_header_style":"","ocean_center_header_left_menu":"0","ocean_custom_header_template":"0","ocean_custom_logo":0,"ocean_custom_retina_logo":0,"ocean_custom_logo_max_width":0,"ocean_custom_logo_tablet_max_width":0,"ocean_custom_logo_mobile_max_width":0,"ocean_custom_logo_max_height":0,"ocean_custom_logo_tablet_max_height":0,"ocean_custom_logo_mobile_max_height":0,"ocean_header_custom_menu":"0","ocean_menu_typo_font_family":"0","ocean_menu_typo_font_subset":"","ocean_menu_typo_font_size":0,"ocean_menu_typo_font_size_tablet":0,"ocean_menu_typo_font_size_mobile":0,"ocean_menu_typo_font_size_unit":"px","ocean_menu_typo_font_weight":"","ocean_menu_typo_font_weight_tablet":"","ocean_menu_typo_font_weight_mobile":"","ocean_menu_typo_transform":"","ocean_menu_typo_transform_tablet":"","ocean_menu_typo_transform_mobile":"","ocean_menu_typo_line_height":0,"ocean_menu_typo_line_height_tablet":0,"ocean_menu_typo_line_height_mobile":0,"ocean_menu_typo_line_height_unit":"","ocean_menu_typo_spacing":0,"ocean_menu_typo_spacing_tablet":0,"ocean_menu_typo_spacing_mobile":0,"ocean_menu_typo_spacing_unit":"","ocean_menu_link_color":"","ocean_menu_link_color_hover":"","ocean_menu_link_color_active":"","ocean_menu_link_background":"","ocean_menu_link_hover_background":"","ocean_menu_link_active_background":"","ocean_menu_social_links_bg":"","ocean_menu_social_hover_links_bg":"","ocean_menu_social_links_color":"","ocean_menu_social_hover_links_color":"","ocean_disable_title":"default","ocean_disable_heading":"default","ocean_post_title":"","ocean_post_subheading":"","ocean_post_title_style":"","ocean_post_title_background_color":"","ocean_post_title_background":0,"ocean_post_title_bg_image_position":"","ocean_post_title_bg_image_attachment":"","ocean_post_title_bg_image_repeat":"","ocean_post_title_bg_image_size":"","ocean_post_title_height":0,"ocean_post_title_bg_overlay":0.5,"ocean_post_title_bg_overlay_color":"","ocean_disable_breadcrumbs":"default","ocean_breadcrumbs_color":"","ocean_breadcrumbs_separator_color":"","ocean_breadcrumbs_links_color":"","ocean_breadcrumbs_links_hover_color":"","ocean_display_footer_widgets":"default","ocean_display_footer_bottom":"default","ocean_custom_footer_template":"0","footnotes":""},"class_list":["post-11874","page","type-page","status-publish","hentry","entry"],"rttpg_featured_image_url":null,"rttpg_author":{"display_name":"Fs_Admina","author_link":"http:\/\/sciences.univ-alger.dz\/?author=1"},"rttpg_comment":0,"rttpg_category":" <a href=\"http:\/\/sciences.univ-alger.dz\/\" rel=\"tag\">Fran\u00e7ais<\/a>","rttpg_excerpt":"Formulaire en ligne e-scolarit\u00e9 pour demande de documents Chers \u00e9tudiants, Votre nouveau portail e-Scolarit\u00e9 pour demande de documents en ligne : forms.gle\/rcwe3HUGbMCHqK8o6 Pour la d\u00e9livrance de vos documents administratifs au niveau du Vice-D\u00e9canat. Voici la proc\u00e9dure \u00e0 suivre : 1. Compl\u00e9tez ce formulaire\u00a0pour indiquer les documents que vous souhaitez obtenir. Votre demande sera ensuite envoy\u00e9e\u2026","_links":{"self":[{"href":"http:\/\/sciences.univ-alger.dz\/index.php?rest_route=\/wp\/v2\/pages\/11874","targetHints":{"allow":["GET"]}}],"collection":[{"href":"http:\/\/sciences.univ-alger.dz\/index.php?rest_route=\/wp\/v2\/pages"}],"about":[{"href":"http:\/\/sciences.univ-alger.dz\/index.php?rest_route=\/wp\/v2\/types\/page"}],"author":[{"embeddable":true,"href":"http:\/\/sciences.univ-alger.dz\/index.php?rest_route=\/wp\/v2\/users\/1"}],"replies":[{"embeddable":true,"href":"http:\/\/sciences.univ-alger.dz\/index.php?rest_route=%2Fwp%2Fv2%2Fcomments&post=11874"}],"version-history":[{"count":26,"href":"http:\/\/sciences.univ-alger.dz\/index.php?rest_route=\/wp\/v2\/pages\/11874\/revisions"}],"predecessor-version":[{"id":12414,"href":"http:\/\/sciences.univ-alger.dz\/index.php?rest_route=\/wp\/v2\/pages\/11874\/revisions\/12414"}],"wp:attachment":[{"href":"http:\/\/sciences.univ-alger.dz\/index.php?rest_route=%2Fwp%2Fv2%2Fmedia&parent=11874"}],"curies":[{"name":"wp","href":"https:\/\/api.w.org\/{rel}","templated":true}]}}